{"id":42368,"date":"2023-07-24T11:59:44","date_gmt":"2023-07-24T10:59:44","guid":{"rendered":"https:\/\/companhiaatlantica.pt\/versand-und-lieferbedingungen"},"modified":"2026-02-24T14:04:56","modified_gmt":"2026-02-24T14:04:56","slug":"versand-und-lieferbedingungen","status":"publish","type":"page","link":"https:\/\/www.companhiaatlantica.pt\/de\/versand-und-lieferbedingungen","title":{"rendered":"Versand- und Lieferbedingungen"},"content":{"rendered":"<hr \/>\n<p><strong>VERSAND- UND LIEFERPOLITIK<\/strong><\/p>\n<p>Bei C\u00aaAtl\u00e2ntica bem\u00fchen wir uns, Bestellungen so schnell und sicher wie m\u00f6glich zu liefern, und arbeiten daf\u00fcr mit vertrauensw\u00fcrdigen Logistikpartnern zusammen.<\/p>\n<p>\u00a0<\/p>\n<ol start=\"1\">\n<li><strong>BESTELLSTATUS UND SENDUNGSVERFOLGUNG<\/strong><\/li>\n<\/ol>\n<p>1.1. Bestellungen, die von Montag bis Freitag (au\u00dfer an Feiertagen) aufgegeben werden, werden innerhalb von 3 Werktagen nach Zahlungseingang bearbeitet und versandt, es sei denn, es treten Unregelm\u00e4\u00dfigkeiten bei Sicherheits\u00fcberpr\u00fcfungen, Versandbeschr\u00e4nkungen, Zahlungsautorisierungen, Verpackung oder Versand auf.<\/p>\n<p>1.2. Nach der Bestellung wird eine Best\u00e4tigungs-E-Mail versandt, sobald die Bestellung verschickt wurde. Diese enth\u00e4lt die Sendungsverfolgungsnummer (Tracking-Nummer), mit der der Bestellstatus eingesehen und verfolgt werden kann.<\/p>\n<p>1.3. Um zus\u00e4tzliche Lieferkosten aufgrund der Abwesenheit des Empf\u00e4ngers an der Lieferadresse zu vermeiden, sollten Sie Ihre Kontaktdaten beim Check-out angeben, damit sich der Spediteur bei Bedarf mit Ihnen in Verbindung setzen kann.<\/p>\n<p>\u00a0<\/p>\n<ol start=\"2\">\n<li><strong>LIEFERZEITEN<\/strong><\/li>\n<\/ol>\n<p>2.1. Die Lieferzeit variiert je nach Lieferadresse:<\/p>\n<p style=\"padding-left: 40px;\">&#8211; Festland-Portugal und Spanien | 3 Werktage (kostenloser Versand* oder Pauschalgeb\u00fchr)<br \/>&#8211; Autonome Regionen Portugals und Europa | 4 bis 7 Werktage (kostenloser Versand* oder Pauschalgeb\u00fchr)<br \/>&#8211; Kanada und Vereinigte Staaten (USA) | 7 bis 10 Werktage<br \/>&#8211; VAE | 7 bis 10 Werktage<\/p>\n<p>2.2. Neuer Versandservice, verf\u00fcgbar nur f\u00fcr Mitteleuropa, f\u00fcr Bestellungen mit Zahlung bis 13 Uhr von Montag bis Donnerstag:<\/p>\n<p style=\"padding-left: 40px;\">&#8211; UPS Next Day Delivery: <strong>Lieferung innerhalb von 24 Stunden<\/strong>, f\u00fcr eine Geb\u00fchr von 25,00 \u20ac.<\/p>\n<p>\u00a0<\/p>\n<ol start=\"3\">\n<li><strong>STEUERN, ABGABEN UND Z\u00d6LLE<\/strong><\/li>\n<\/ol>\n<p>3.1. F\u00fcr alle internationalen Bestellungen (au\u00dferhalb der Europ\u00e4ischen Union) k\u00f6nnen lokale Beh\u00f6rden Einfuhrsteuern, Abgaben und Z\u00f6lle erheben, die vom Kunden bezahlt werden m\u00fcssen.<\/p>\n<p>\u00a0<\/p>\n<ol start=\"4\">\n<li><strong>ZAHLUNGSMETHODEN<\/strong><\/li>\n<\/ol>\n<p>4.1. Akzeptierte Zahlungsmethoden: KREDIT-\/DEBITKARTEN (MULTIBANCO) \/ MBWAY \/ VISA \/ MASTERCARD \/ PAYPAL \/ APPLE PAY \/ GOOGLE PAY \/ KLARNA.<\/p>\n<p>4.2. Bank\u00fcberweisungen werden nicht akzeptiert.<\/p>\n<p>\u00a0<\/p>\n<ol start=\"5\">\n<li><strong>VERSANDORTE UND KOSTENLOSER VERSAND<\/strong><\/li>\n<\/ol>\n<p>5.1. C\u00aaAtl\u00e2ntica liefert in die folgenden Regionen:<\/p>\n<p style=\"padding-left: 40px;\">&#8211; EU | Portugal, Spanien, Deutschland, \u00d6sterreich, Frankreich, D\u00e4nemark, Niederlande, Belgien, Luxemburg, Italien, Finnland, Irland, Schweden, Estland, Polen, Lettland, Litauen, Slowenien, Slowakei, Tschechien und Polen.<br \/>&#8211; MONACO<br \/>&#8211; VEREINIGTES K\u00d6NIGREICH<br \/>&#8211; SCHWEIZ<br \/>&#8211; NORWEGEN<br \/>&#8211; KANADA<br \/>&#8211; VEREINIGTE STAATEN (USA)<br \/>&#8211; VAE<\/p>\n<p>5.2. Der Bestellwert f\u00fcr kostenlosen Versand variiert je nach Lieferadresse und kann jederzeit beim Check-out eingesehen werden.<\/p>\n<p>\u00a0<\/p>\n<ol start=\"6\">\n<li><strong>VERSANDKOSTEN*<\/strong><\/li>\n<\/ol>\n<table>\n<tbody>\n<tr>\n<td width=\"198\">\u00a0<\/td>\n<td width=\"132\">Bestellwert f\u00fcr kostenlosen Versand<\/td>\n<td width=\"208\">Versandkosten<\/td>\n<\/tr>\n<tr>\n<td width=\"198\">Portugal + Spanien (au\u00dfer portugiesische und spanische Inseln)<\/td>\n<td width=\"132\">EUR 49,00<\/td>\n<td width=\"208\">EUR 7,90<\/td>\n<\/tr>\n<tr>\n<td width=\"198\">Deutschland + \u00d6sterreich + Belgien + Frankreich + Italien + Luxemburg + Niederlande + Polen + Balearen + portugiesische Inseln<\/td>\n<td width=\"132\">EUR 65,00<\/td>\n<td width=\"208\">EUR 15,90<\/td>\n<\/tr>\n<tr>\n<td width=\"198\">D\u00e4nemark + Schweden + Finnland + Tschechien + Slowakei + Slowenien + Irland + Kanarische Inseln + Ceuta und Melilla<\/td>\n<td width=\"132\">EUR 75,00<\/td>\n<td width=\"208\">EUR 17,90<\/td>\n<\/tr>\n<tr>\n<td width=\"198\">Vereinigtes K\u00f6nigreich (UK) + Schweiz + Norwegen + Monaco<\/td>\n<td width=\"132\">EUR 450,00<\/td>\n<td width=\"208\">EUR 75,00 <small>(Z\u00f6lle nicht enthalten)<\/small><\/td>\n<\/tr>\n<tr>\n<td width=\"198\">Kanada + Vereinigte Staaten (USA)<\/td>\n<td width=\"132\">Nicht anwendbar<\/td>\n<td width=\"208\">EUR 89,90 <small>(Z\u00f6lle nicht enthalten)<\/small><\/td>\n<\/tr>\n<tr>\n<td width=\"198\">VAE<\/td>\n<td width=\"132\">Nicht anwendbar<\/td>\n<td width=\"208\">EUR 119,90 <small>(Z\u00f6lle nicht enthalten)<\/small><\/td>\n<\/tr>\n<\/tbody>\n<\/table>\n\t<div id=\"gap-269101241\" class=\"gap-element clearfix\" style=\"display:block; height:auto;\">\n\t\t\n<style>\n#gap-269101241 {\n  padding-top: 30px;\n}\n<\/style>\n\t<\/div>\n\t\n\t<div id=\"text-2059702713\" class=\"text\">\n\t\t\n<p>Aktualisiert im Januar 2026.<\/p>\n\t\t\n<style>\n#text-2059702713 {\n  text-align: left;\n}\n<\/style>\n\t<\/div>\n\t\n","protected":false},"excerpt":{"rendered":"<p>VERSAND- UND LIEFERPOLITIK Bei C\u00aaAtl\u00e2ntica bem\u00fchen wir uns, Bestellungen so schnell und sicher wie m\u00f6glich zu liefern, und arbeiten daf\u00fcr mit vertrauensw\u00fcrdigen Logistikpartnern zusammen. \u00a0 BESTELLSTATUS UND SENDUNGSVERFOLGUNG 1.1. Bestellungen, die von Montag bis Freitag (au\u00dfer an Feiertagen) aufgegeben werden, werden innerhalb von 3 Werktagen nach Zahlungseingang bearbeitet und versandt, es sei denn, es treten [&#8230;]\n","protected":false},"author":1,"featured_media":0,"parent":0,"menu_order":0,"comment_status":"closed","ping_status":"closed","template":"page-blank-title-center.php","meta":{"footnotes":""},"class_list":["post-42368","page","type-page","status-publish","hentry"],"_links":{"self":[{"href":"https:\/\/www.companhiaatlantica.pt\/de\/wp-json\/wp\/v2\/pages\/42368","targetHints":{"allow":["GET"]}}],"collection":[{"href":"https:\/\/www.companhiaatlantica.pt\/de\/wp-json\/wp\/v2\/pages"}],"about":[{"href":"https:\/\/www.companhiaatlantica.pt\/de\/wp-json\/wp\/v2\/types\/page"}],"author":[{"embeddable":true,"href":"https:\/\/www.companhiaatlantica.pt\/de\/wp-json\/wp\/v2\/users\/1"}],"replies":[{"embeddable":true,"href":"https:\/\/www.companhiaatlantica.pt\/de\/wp-json\/wp\/v2\/comments?post=42368"}],"version-history":[{"count":5,"href":"https:\/\/www.companhiaatlantica.pt\/de\/wp-json\/wp\/v2\/pages\/42368\/revisions"}],"predecessor-version":[{"id":84316,"href":"https:\/\/www.companhiaatlantica.pt\/de\/wp-json\/wp\/v2\/pages\/42368\/revisions\/84316"}],"wp:attachment":[{"href":"https:\/\/www.companhiaatlantica.pt\/de\/wp-json\/wp\/v2\/media?parent=42368"}],"curies":[{"name":"wp","href":"https:\/\/api.w.org\/{rel}","templated":true}]}}