{"id":42372,"date":"2023-07-24T11:59:46","date_gmt":"2023-07-24T10:59:46","guid":{"rendered":"https:\/\/companhiaatlantica.pt\/rueckgabe-und-umtauschbestimmungen"},"modified":"2025-09-24T10:02:53","modified_gmt":"2025-09-24T09:02:53","slug":"rueckgabe-und-umtauschbestimmungen","status":"publish","type":"page","link":"https:\/\/www.companhiaatlantica.pt\/de\/rueckgabe-und-umtauschbestimmungen","title":{"rendered":"R\u00fcckgabe- und Umtauschbestimmungen"},"content":{"rendered":"<hr \/>\n<p><b>UMTAUSCH- UND R\u00dcCKGABERICHTLINIEN<\/b><\/p>\n<p>Der Kunde kann alle Produkte, die im Online-Shop gekauft wurden, umtauschen oder zur\u00fcckgeben, mit Ausnahme von Produkten im Angebot, es sei denn, diese weisen einen Defekt auf.<\/p>\n<ol start=\"1\">\n<li><b>FRIST<\/b><\/li>\n<\/ol>\n<p>1.1. Umtausch und R\u00fcckgabe von Produkten k\u00f6nnen innerhalb von maximal 14 Werktagen ab dem Empfangsdatum der Bestellung erfolgen.<\/p>\n<p>\u00a0<\/p>\n<ol start=\"2\">\n<li><b>VERFAHREN<\/b><\/li>\n<\/ol>\n<p>2.1. F\u00fcr Umtausch oder R\u00fcckgabe kontaktieren Sie uns bitte per E-Mail und geben Sie im Betreff \u201eUmtausch und R\u00fcckgabe | Bestellnummer\u201c an, sowie den Grund.<\/p>\n<p>2.2. Nach Erhalt unserer Antwort senden Sie das Produkt entsprechend den mitgeteilten Anweisungen zur\u00fcck. Beachten Sie, dass, sofern der Vorgang nicht durch einen Produktmangel ausgel\u00f6st wurde, die Versandkosten vollst\u00e4ndig vom Kunden zu tragen sind.<\/p>\n<p>2.3. Alle R\u00fccksendungen und Umtauschvorg\u00e4nge sind an folgende Adresse zu richten:<\/p>\n<p><b>C\u00aaAtl\u00e2ntica<\/b><b><br \/><\/b>ATT. R\u00dcCKSENDUNG<br \/>Rua da Machinha 860<br \/>\n2445-592 Moita MGR Marinha Grande Portugal<br \/>Tel: +351 244 049\u00a0402<\/p>\n<p>2.4. Der Zustand des Produkts wird bei Erhalt gepr\u00fcft. Sollte es nicht den Anforderungen entsprechen, kann die R\u00fcckerstattung abgelehnt oder der erstattbare Betrag angepasst werden.<\/p>\n<p>2.5. Nach der \u00dcberpr\u00fcfung des Zustands des Produkts werden Sie kontaktiert, um die R\u00fcckerstattung des gezahlten Betrags einzuleiten, wobei die Versandkosten ausgeschlossen sind, es sei denn, es handelt sich um ein defektes Produkt, in welchem Fall der volle Betrag erstattet wird.<\/p>\n<p>2.6. Sollte anstelle einer R\u00fcckerstattung der Austausch des Produkts gew\u00fcnscht werden, werden Sie ebenfalls kontaktiert, um die weiteren Schritte zu besprechen. Allerdings sind die Kosten f\u00fcr den erneuten Versand, sofern sie nicht mit einem Produktmangel zusammenh\u00e4ngen, vollst\u00e4ndig vom Kunden zu tragen.<\/p>\n<p>2.7. Die Bearbeitung der R\u00fcckerstattung kann bis zu 5 Werktage ab dem Eingang der Sendung in unseren R\u00e4umlichkeiten dauern.<\/p>\n<p>2.8. Alle R\u00fccksendungen werden entweder \u00fcber die urspr\u00fcngliche Zahlungsmethode oder durch die Ausstellung eines Gutscheins in entsprechendem Wert erstattet.<\/p>\n<p>\u00a0<\/p>\n<ol start=\"3\">\n<li><b>WEITERE INFORMATIONEN<\/b><\/li>\n<\/ol>\n<p>3.1. Der Umtausch- oder R\u00fcckgabeprozess ist pro Artikel nur einmal erlaubt.<\/p>\n<p>3.2. Von dieser Richtlinie ausgeschlossen sind Sch\u00e4den, die durch unsachgem\u00e4\u00dfe Verwendung, nat\u00fcrlichen Verschlei\u00df und\/oder teilweise oder vollst\u00e4ndige \u00c4nderungen der Produkte entstehen.<\/p>\n<p>3.3. Die umzutauschenden oder zur\u00fcckzugebenden Produkte m\u00fcssen in einwandfreiem Zustand, unbenutzt, vollst\u00e4ndig und ordnungsgem\u00e4\u00df in der Originalverpackung mit intakten Etiketten zur\u00fcckgesendet werden. Andernfalls wird der Umtausch oder die R\u00fcckgabe des Produkts abgelehnt.<\/p>\n<p>3.4. Alle Umtausche unterliegen der Verf\u00fcgbarkeit des Lagerbestands, und obwohl wir stets bem\u00fcht sind, ein Ersatzprodukt zu senden, behalten wir uns das Recht vor, alternativ eine R\u00fcckerstattung \u00fcber die gleiche Zahlungsmethode, wenn m\u00f6glich, oder durch die Ausstellung eines Guthabengutscheins zur Nutzung im Online-Shop unter <a href=\"https:\/\/www.companhiaatlantica.pt\/de\">www.companhiaatlantica.pt<\/a> vorzunehmen.<\/p>\n\t<div id=\"gap-1587443177\" class=\"gap-element clearfix\" style=\"display:block; height:auto;\">\n\t\t\n<style>\n#gap-1587443177 {\n  padding-top: 30px;\n}\n<\/style>\n\t<\/div>\n\t\n\t<div id=\"text-3111599927\" class=\"text\">\n\t\t\n<p>Aktualisiert im Januar 2025.<\/p>\n\t\t\n<style>\n#text-3111599927 {\n  text-align: left;\n}\n<\/style>\n\t<\/div>\n\t\n","protected":false},"excerpt":{"rendered":"<p>UMTAUSCH- UND R\u00dcCKGABERICHTLINIEN Der Kunde kann alle Produkte, die im Online-Shop gekauft wurden, umtauschen oder zur\u00fcckgeben, mit Ausnahme von Produkten im Angebot, es sei denn, diese weisen einen Defekt auf. FRIST 1.1. Umtausch und R\u00fcckgabe von Produkten k\u00f6nnen innerhalb von maximal 14 Werktagen ab dem Empfangsdatum der Bestellung erfolgen. \u00a0 VERFAHREN 2.1. F\u00fcr Umtausch oder [&#8230;]\n","protected":false},"author":1,"featured_media":0,"parent":0,"menu_order":0,"comment_status":"closed","ping_status":"closed","template":"page-blank-title-center.php","meta":{"footnotes":""},"class_list":["post-42372","page","type-page","status-publish","hentry"],"_links":{"self":[{"href":"https:\/\/www.companhiaatlantica.pt\/de\/wp-json\/wp\/v2\/pages\/42372","targetHints":{"allow":["GET"]}}],"collection":[{"href":"https:\/\/www.companhiaatlantica.pt\/de\/wp-json\/wp\/v2\/pages"}],"about":[{"href":"https:\/\/www.companhiaatlantica.pt\/de\/wp-json\/wp\/v2\/types\/page"}],"author":[{"embeddable":true,"href":"https:\/\/www.companhiaatlantica.pt\/de\/wp-json\/wp\/v2\/users\/1"}],"replies":[{"embeddable":true,"href":"https:\/\/www.companhiaatlantica.pt\/de\/wp-json\/wp\/v2\/comments?post=42372"}],"version-history":[{"count":5,"href":"https:\/\/www.companhiaatlantica.pt\/de\/wp-json\/wp\/v2\/pages\/42372\/revisions"}],"predecessor-version":[{"id":78428,"href":"https:\/\/www.companhiaatlantica.pt\/de\/wp-json\/wp\/v2\/pages\/42372\/revisions\/78428"}],"wp:attachment":[{"href":"https:\/\/www.companhiaatlantica.pt\/de\/wp-json\/wp\/v2\/media?parent=42372"}],"curies":[{"name":"wp","href":"https:\/\/api.w.org\/{rel}","templated":true}]}}