{"id":52484,"date":"2024-01-03T12:44:51","date_gmt":"2024-01-03T12:44:51","guid":{"rendered":"https:\/\/www.companhiaatlantica.pt\/condicoes-das-ofertas-em-vigor"},"modified":"2026-04-15T15:41:04","modified_gmt":"2026-04-15T14:41:04","slug":"bedingungen-der-aktuellen-angebote","status":"publish","type":"page","link":"https:\/\/www.companhiaatlantica.pt\/de\/bedingungen-der-aktuellen-angebote","title":{"rendered":"*Bedingungen der aktuellen Angebote"},"content":{"rendered":"\t<div id=\"gap-777464417\" class=\"gap-element clearfix\" style=\"display:block; height:auto;\">\n\t\t\n<style>\n#gap-777464417 {\n  padding-top: 30px;\n}\n<\/style>\n\t<\/div>\n\t\n\n\t<section class=\"section\" id=\"section_2071443149\">\n\t\t<div class=\"section-bg fill\" >\n\t\t\t\t\t\t\t\t\t\n\t\t\t\n\n\t\t<\/div>\n\n\t\t\n\n\t\t<div class=\"section-content relative\">\n\t\t\t\n<div class=\"row\"  id=\"row-1030462269\">\n\n\t<div id=\"col-1215073946\" class=\"col small-12 large-12\"  >\n\t\t\t\t<div class=\"col-inner\"  >\n\t\t\t\n\t\t\t\n<div class=\"container section-title-container\" ><h3 class=\"section-title section-title-normal\"><b aria-hidden=\"true\"><\/b><span class=\"section-title-main\" >*Bedingungen der aktuellen Angebote<\/span><b aria-hidden=\"true\"><\/b><\/h3><\/div>\n\t\t<\/div>\n\t\t\t\t\t<\/div>\n\n\t\n<\/div>\n\t\t<\/div>\n\n\t\t\n<style>\n#section_2071443149 {\n  padding-top: 0px;\n  padding-bottom: 0px;\n}\n<\/style>\n\t<\/section>\n\t\n\n\t<section class=\"section\" id=\"section_1688063724\">\n\t\t<div class=\"section-bg fill\" >\n\t\t\t\t\t\t\t\t\t\n\t\t\t\n\n\t\t<\/div>\n\n\t\t\n\n\t\t<div class=\"section-content relative\">\n\t\t\t\n<div class=\"row\"  id=\"row-1786255762\">\n\n\t<div id=\"col-1586842859\" class=\"col small-12 large-12\"  >\n\t\t\t\t<div class=\"col-inner\"  >\n\t\t\t\n\t\t\t\n<p><strong>Muttertag<\/strong><br \/>*Am Muttertag feiern wir Zuneigung, Liebe und die kleinen Gesten. Alles, was eine Mutter so besonders macht. Um diesen Anlass noch bedeutungsvoller zu gestalten, haben wir etwas ganz Besonderes f\u00fcr dich vorbereitet: Jede Bestellung wird von einer besonderen \u00dcberraschung begleitet, die von uns mit Sorgfalt ausgew\u00e4hlt wurde.<\/p>\n<p><strong>Anmeldung zum Newsletter<\/strong><br \/>*Abonnieren Sie unseren Newsletter und profitieren Sie neben exklusiven Angeboten auch von einem <strong>Rabatt von 10%<\/strong> bei Ihrem ersten Einkauf!<br \/>Angebot g\u00fcltig ausschlie\u00dflich f\u00fcr neue Kunden und neue Abonnenten. Begrenzte Lagerbest\u00e4nde.<\/p>\n<p><strong>Weniger ist mehr<\/strong><br \/>*Profitieren Sie von Rabatten bis zu -34% auf Sets, Geschenkpackungen oder Sets.<br \/>Dieses Angebot ist g\u00fcltig bis zum 31. Dezember 2026.<\/p>\n<p><strong>20 % Rabatt, um deinen Raum zu beduften<\/strong><br \/>*Beim Einkauf auf der Website von Companhia Atl\u00e2ntica erh\u00e4ltst du einen Rabattgutschein von 20 % f\u00fcr den Kauf von AZULEJO-Diffusoren (1L). G\u00fcltig f\u00fcr deinen n\u00e4chsten Einkauf.<br \/>Angebot nicht kombinierbar mit anderen Rabatten, Aktionen oder laufenden Aktionscodes. Kampagne g\u00fcltig bis zum 31. Dezember 2026.<\/p>\n<p><strong>Geschenk \u00fcber 15\u20ac<\/strong><br \/>*Beim Kauf auf der Website von Companhia Atl\u00e2ntica erh\u00e4ltst du einen Rabattgutschein \u00fcber 15\u20ac. G\u00fcltig f\u00fcr deinen n\u00e4chsten Einkauf im Wert von 100\u20ac oder mehr.<br \/>Angebot nicht kombinierbar mit anderen Angeboten oder aktiven Aktionscodes.<\/p>\n\t\t<\/div>\n\t\t\t\t\t<\/div>\n\n\t\n<\/div>\n\t\t<\/div>\n\n\t\t\n<style>\n#section_1688063724 {\n  padding-top: 0px;\n  padding-bottom: 0px;\n}\n<\/style>\n\t<\/section>\n\t\n","protected":false},"excerpt":{"rendered":"","protected":false},"author":636,"featured_media":0,"parent":0,"menu_order":0,"comment_status":"closed","ping_status":"closed","template":"","meta":{"footnotes":""},"class_list":["post-52484","page","type-page","status-publish","hentry"],"_links":{"self":[{"href":"https:\/\/www.companhiaatlantica.pt\/de\/wp-json\/wp\/v2\/pages\/52484","targetHints":{"allow":["GET"]}}],"collection":[{"href":"https:\/\/www.companhiaatlantica.pt\/de\/wp-json\/wp\/v2\/pages"}],"about":[{"href":"https:\/\/www.companhiaatlantica.pt\/de\/wp-json\/wp\/v2\/types\/page"}],"author":[{"embeddable":true,"href":"https:\/\/www.companhiaatlantica.pt\/de\/wp-json\/wp\/v2\/users\/636"}],"replies":[{"embeddable":true,"href":"https:\/\/www.companhiaatlantica.pt\/de\/wp-json\/wp\/v2\/comments?post=52484"}],"version-history":[{"count":5,"href":"https:\/\/www.companhiaatlantica.pt\/de\/wp-json\/wp\/v2\/pages\/52484\/revisions"}],"predecessor-version":[{"id":87178,"href":"https:\/\/www.companhiaatlantica.pt\/de\/wp-json\/wp\/v2\/pages\/52484\/revisions\/87178"}],"wp:attachment":[{"href":"https:\/\/www.companhiaatlantica.pt\/de\/wp-json\/wp\/v2\/media?parent=52484"}],"curies":[{"name":"wp","href":"https:\/\/api.w.org\/{rel}","templated":true}]}}