{"id":88814,"date":"2026-05-05T09:29:48","date_gmt":"2026-05-05T08:29:48","guid":{"rendered":"https:\/\/www.companhiaatlantica.pt\/sustentabilidade"},"modified":"2026-05-05T12:56:38","modified_gmt":"2026-05-05T11:56:38","slug":"sustentabilidade","status":"publish","type":"page","link":"https:\/\/www.companhiaatlantica.pt\/de\/sustentabilidade","title":{"rendered":"Nachhaltigkeit"},"content":{"rendered":"\n\t<section class=\"section\" id=\"section_1755793740\">\n\t\t<div class=\"section-bg fill\" >\n\t\t\t\t\t\t\t\t\t<div class=\"section-bg-overlay absolute fill\"><\/div>\n\t\t\t\n\n\t\t<\/div>\n\n\t\t\n\n\t\t<div class=\"section-content relative\">\n\t\t\t\n\n  <div class=\"banner has-hover\" id=\"banner-1536951020\">\n          <div class=\"banner-inner fill\">\n        <div class=\"banner-bg fill\" >\n            <img loading=\"lazy\" decoding=\"async\" width=\"1350\" height=\"400\" src=\"https:\/\/www.companhiaatlantica.pt\/wp-content\/uploads\/2026\/05\/trees.jpg\" class=\"bg attachment-original size-original\" alt=\"\" title=\"\">                                    \n                    <\/div>\n\t\t\n        <div class=\"banner-layers container\">\n            <div class=\"fill banner-link\"><\/div>            \n   <div id=\"text-box-1942614005\" class=\"text-box banner-layer x50 md-x50 lg-x50 y100 md-y100 lg-y100 res-text\">\n                                <div class=\"text-box-content text \">\n              \n              <div class=\"text-inner text-left\">\n                  \n\t<div id=\"text-1759623339\" class=\"text\">\n\t\t\n<h3 class=\"ws-h1\">Nachhaltigkeit<\/h3>\n\t\t\n<style>\n#text-1759623339 {\n  text-align: center;\n}\n<\/style>\n\t<\/div>\n\t\n              <\/div>\n           <\/div>\n                            \n<style>\n#text-box-1942614005 .text-box-content {\n  background-color: rgb(255, 255, 255);\n  font-size: 100%;\n}\n#text-box-1942614005 .text-inner {\n  padding: 25px 25px 3px 25px;\n}\n#text-box-1942614005 {\n  width: 80%;\n}\n@media (min-width:550px) {\n  #text-box-1942614005 .text-inner {\n    padding: 25px 35px 3px 34px;\n  }\n  #text-box-1942614005 {\n    width: 54%;\n  }\n}\n@media (min-width:850px) {\n  #text-box-1942614005 .text-inner {\n    padding: 25px 51px 3px 50px;\n  }\n}\n<\/style>\n    <\/div>\n \n        <\/div>\n      <\/div>\n\n            \n<style>\n#banner-1536951020 {\n  padding-top: 400px;\n}\n<\/style>\n  <\/div>\n\n\n\t\t<\/div>\n\n\t\t\n<style>\n#section_1755793740 {\n  padding-top: 0px;\n  padding-bottom: 0px;\n}\n#section_1755793740 .section-bg-overlay {\n  background-color: rgba(0, 0, 0, 0.2);\n}\n<\/style>\n\t<\/section>\n\t\n\n\t<section class=\"section about-us\" id=\"section_837467285\">\n\t\t<div class=\"section-bg fill\" >\n\t\t\t\t\t\t\t\t\t\n\t\t\t\n\n\t\t<\/div>\n\n\t\t\n\n\t\t<div class=\"section-content relative\">\n\t\t\t\n<div class=\"row row-collapse\"  id=\"row-264764951\">\n\n\t<div id=\"col-589400227\" class=\"col medium-3 small-12 large-3\"  >\n\t\t\t\t<div class=\"col-inner\"  >\n\t\t\t\n\t\t\t\n\t<div id=\"gap-1805860773\" class=\"gap-element clearfix show-for-medium\" style=\"display:block; height:auto;\">\n\t\t\n<style>\n#gap-1805860773 {\n  padding-top: 35px;\n}\n<\/style>\n\t<\/div>\n\t\n\t\t<\/div>\n\t\t\t\t\t<\/div>\n\n\t\n\n\t<div id=\"col-682482197\" class=\"col medium-6 small-12 large-6\"  >\n\t\t\t\t<div class=\"col-inner\"  >\n\t\t\t\n\t\t\t\n<p style=\"text-align: center;\">Bei Companhia Atl\u00e2ntica steht Nachhaltigkeit im Mittelpunkt unserer T\u00e4tigkeit. Sie ist mehr als nur eine vereinzelte Initiative, sondern eine t\u00e4gliche Verpflichtung, die unsere Arbeitsweise, unser Wachstum und unsere Wertsch\u00f6pfung bestimmt. In jeder Phase unserer Lieferkette arbeiten wir daran, Abfall zu reduzieren, Ressourcen zu optimieren und verantwortungsbewusste Praktiken umzusetzen, die die Umweltbelastung minimieren.<\/p>\n\t<div id=\"gap-1579449147\" class=\"gap-element clearfix\" style=\"display:block; height:auto;\">\n\t\t\n<style>\n#gap-1579449147 {\n  padding-top: 30px;\n}\n@media (min-width:550px) {\n  #gap-1579449147 {\n    padding-top: 50px;\n  }\n}\n<\/style>\n\t<\/div>\n\t\n\t\t<\/div>\n\t\t\t\t\n<style>\n#col-682482197 > .col-inner {\n  padding: 0 20px 0px 20px;\n}\n<\/style>\n\t<\/div>\n\n\t\n\n\t<div id=\"col-1746529676\" class=\"col medium-3 small-12 large-3\"  >\n\t\t\t\t<div class=\"col-inner\"  >\n\t\t\t\n\t\t\t\n\t<div id=\"gap-895527504\" class=\"gap-element clearfix show-for-medium\" style=\"display:block; height:auto;\">\n\t\t\n<style>\n#gap-895527504 {\n  padding-top: 35px;\n}\n<\/style>\n\t<\/div>\n\t\n\t\t<\/div>\n\t\t\t\t\t<\/div>\n\n\t\n<\/div>\n<div class=\"row\"  id=\"row-1023835491\">\n\n\t<div id=\"col-822807375\" class=\"col medium-6 small-12 large-6\"  >\n\t\t\t\t<div class=\"col-inner\"  >\n\t\t\t\n\t\t\t\n<h3 class=\"ws-h1\">Weniger Verschwendung, mehr Nutzung<\/h3>\n\t<div class=\"img has-hover x md-x lg-x y md-y lg-y\" id=\"image_1605652726\">\n\t\t\t\t\t\t\t\t<div class=\"img-inner dark\" >\n\t\t\t<img loading=\"lazy\" decoding=\"async\" width=\"1020\" height=\"510\" src=\"https:\/\/www.companhiaatlantica.pt\/wp-content\/uploads\/2026\/05\/embalagem_reduz-1024x512.jpg\" class=\"attachment-large size-large\" alt=\"\" srcset=\"https:\/\/www.companhiaatlantica.pt\/wp-content\/uploads\/2026\/05\/embalagem_reduz-1024x512.jpg 1024w, https:\/\/www.companhiaatlantica.pt\/wp-content\/uploads\/2026\/05\/embalagem_reduz-400x200.jpg 400w, https:\/\/www.companhiaatlantica.pt\/wp-content\/uploads\/2026\/05\/embalagem_reduz-768x384.jpg 768w, https:\/\/www.companhiaatlantica.pt\/wp-content\/uploads\/2026\/05\/embalagem_reduz-900x450.jpg 900w, https:\/\/www.companhiaatlantica.pt\/wp-content\/uploads\/2026\/05\/embalagem_reduz.jpg 1080w\" sizes=\"auto, (max-width: 1020px) 100vw, 1020px\" title=\"\">\t\t\t\t\t\t\n\t\t\t\t\t<\/div>\n\t\t\t\t\t\t\t\t\n<style>\n#image_1605652726 {\n  width: 100%;\n}\n<\/style>\n\t<\/div>\n\t\n<div class=\"is-divider divider clearfix\" style=\"margin-top:1px;margin-bottom:1px;max-width:200px;height:2px;background-color:rgb(30, 76, 122);\"><\/div>\n<p data-start=\"914\" data-end=\"1038\">Wir arbeiten kontinuierlich daran, Materialverschwendung zu reduzieren. Wann immer m\u00f6glich, geben wir Ressourcen ein zweites Leben:<\/p>\n<ul>\n<li data-start=\"914\" data-end=\"1038\">Wir verwenden zunehmend <strong>Karton und recycelbare Materialien<\/strong> anstelle von PET-Kunststoff<\/li>\n<li data-start=\"914\" data-end=\"1038\">Wir<strong> recyceln Luftpolsterfolie<\/strong> zum Schutz der Produkte<\/li>\n<li data-start=\"914\" data-end=\"1038\">Wir <strong>zerkleinern alte Kartons<\/strong>, um sie als F\u00fcllmaterial wiederzuverwenden<\/li>\n<li data-start=\"914\" data-end=\"1038\">Wir setzen auf anpassungsf\u00e4hige Verpackungen, die f\u00fcr verschiedene Produkte geeignet sind und <strong>\u00dcberfl\u00fcssiges reduzieren<\/strong><\/li>\n<\/ul>\n\t\t<\/div>\n\t\t\t\t\t<\/div>\n\n\t\n\n\t<div id=\"col-1505559358\" class=\"col medium-6 small-12 large-6\"  >\n\t\t\t\t<div class=\"col-inner\"  >\n\t\t\t\n\t\t\t\n<h2 class=\"ws-h1\">Engagement f\u00fcr Energie und Effizienz<\/h2>\n\t<div class=\"img has-hover hide-for-small x md-x lg-x y md-y lg-y\" id=\"image_1818081609\">\n\t\t\t\t\t\t\t\t<div class=\"img-inner dark\" >\n\t\t\t<img loading=\"lazy\" decoding=\"async\" width=\"1020\" height=\"510\" src=\"https:\/\/www.companhiaatlantica.pt\/wp-content\/uploads\/2026\/05\/edif_hor-1024x512.jpg\" class=\"attachment-large size-large\" alt=\"\" srcset=\"https:\/\/www.companhiaatlantica.pt\/wp-content\/uploads\/2026\/05\/edif_hor-1024x512.jpg 1024w, https:\/\/www.companhiaatlantica.pt\/wp-content\/uploads\/2026\/05\/edif_hor-400x200.jpg 400w, https:\/\/www.companhiaatlantica.pt\/wp-content\/uploads\/2026\/05\/edif_hor-768x384.jpg 768w, https:\/\/www.companhiaatlantica.pt\/wp-content\/uploads\/2026\/05\/edif_hor-900x450.jpg 900w, https:\/\/www.companhiaatlantica.pt\/wp-content\/uploads\/2026\/05\/edif_hor.jpg 1080w\" sizes=\"auto, (max-width: 1020px) 100vw, 1020px\" title=\"\">\t\t\t\t\t\t\n\t\t\t\t\t<\/div>\n\t\t\t\t\t\t\t\t\n<style>\n#image_1818081609 {\n  width: 100%;\n}\n<\/style>\n\t<\/div>\n\t\n<div class=\"is-divider divider clearfix\" style=\"margin-top:1px;margin-bottom:1px;max-width:200px;height:2px;background-color:rgb(30, 76, 122);\"><\/div>\n<p>In unserem Lager setzen wir <strong>Solarmodule<\/strong> ein, wodurch wir unsere Abh\u00e4ngigkeit von Energie aus nicht erneuerbaren Quellen verringern und die Umweltbelastung durch unseren t\u00e4glichen Betrieb reduzieren. Dieses Engagement f\u00fcr saubere Energie ist Teil unseres Bestrebens, effizienter und verantwortungsbewusster zu arbeiten.<\/p>\n\t\t<\/div>\n\t\t\t\t\t<\/div>\n\n\t\n<\/div>\n<div class=\"row\"  id=\"row-397881247\">\n\n\t<div id=\"col-1071390791\" class=\"col small-12 large-12\"  >\n\t\t\t\t<div class=\"col-inner\"  >\n\t\t\t\n\t\t\t\n\t<div id=\"gap-1637537953\" class=\"gap-element clearfix\" style=\"display:block; height:auto;\">\n\t\t\n<style>\n#gap-1637537953 {\n  padding-top: 50px;\n}\n<\/style>\n\t<\/div>\n\t\n<h2 class=\"ws-h1\">Bevorzugung lokaler Lieferanten<\/h2>\n<div class=\"is-divider divider clearfix\" style=\"margin-top:1px;margin-bottom:1px;max-width:200px;height:2px;background-color:rgb(30, 76, 122);\"><\/div>\n<p data-start=\"914\" data-end=\"1038\">Wann immer m\u00f6glich, arbeiten wir mit<strong> lokalen Lieferanten<\/strong> zusammen, was die Transportwege verk\u00fcrzt, die mit der Logistik verbundenen Emissionen senkt und zur Entwicklung der lokalen Wirtschaft beitr\u00e4gt.<\/p>\n\t<div class=\"img has-hover x md-x lg-x y md-y lg-y\" id=\"image_2096093904\">\n\t\t\t\t\t\t\t\t<div class=\"img-inner dark\" >\n\t\t\t<img loading=\"lazy\" decoding=\"async\" width=\"1020\" height=\"510\" src=\"https:\/\/www.companhiaatlantica.pt\/wp-content\/uploads\/2026\/05\/carrinha_hor-1024x512.jpg\" class=\"attachment-large size-large\" alt=\"\" srcset=\"https:\/\/www.companhiaatlantica.pt\/wp-content\/uploads\/2026\/05\/carrinha_hor-1024x512.jpg 1024w, https:\/\/www.companhiaatlantica.pt\/wp-content\/uploads\/2026\/05\/carrinha_hor-400x200.jpg 400w, https:\/\/www.companhiaatlantica.pt\/wp-content\/uploads\/2026\/05\/carrinha_hor-768x384.jpg 768w, https:\/\/www.companhiaatlantica.pt\/wp-content\/uploads\/2026\/05\/carrinha_hor-900x450.jpg 900w, https:\/\/www.companhiaatlantica.pt\/wp-content\/uploads\/2026\/05\/carrinha_hor.jpg 1080w\" sizes=\"auto, (max-width: 1020px) 100vw, 1020px\" title=\"\">\t\t\t\t\t\t\n\t\t\t\t\t<\/div>\n\t\t\t\t\t\t\t\t\n<style>\n#image_2096093904 {\n  width: 100%;\n}\n<\/style>\n\t<\/div>\n\t\n\t<div id=\"gap-920228276\" class=\"gap-element clearfix\" style=\"display:block; height:auto;\">\n\t\t\n<style>\n#gap-920228276 {\n  padding-top: 50px;\n}\n<\/style>\n\t<\/div>\n\t\n<h2 class=\"ws-h1\">Unser nachhaltiger Prozess<\/h2>\n<div class=\"is-divider divider clearfix\" style=\"margin-top:1em;margin-bottom:1em;max-width:200px;height:2px;background-color:rgb(30, 76, 122);\"><\/div>\n\t<div class=\"box has-hover   has-hover box-none box-text-bottom\" >\n\n\t\t<div class=\"box-image\" style=\"width:84%;\">\n\t\t\t\t\t\t<div class=\"\" >\n\t\t\t\t<img loading=\"lazy\" decoding=\"async\" width=\"2560\" height=\"634\" src=\"https:\/\/www.companhiaatlantica.pt\/wp-content\/uploads\/2021\/09\/quem_somos_vetor_1-01-1-scaled.jpg\" class=\"attachment-original size-original\" alt=\"\" srcset=\"https:\/\/www.companhiaatlantica.pt\/wp-content\/uploads\/2021\/09\/quem_somos_vetor_1-01-1-scaled.jpg 2560w, https:\/\/www.companhiaatlantica.pt\/wp-content\/uploads\/2021\/09\/quem_somos_vetor_1-01-1-scaled-900x223.jpg 900w, https:\/\/www.companhiaatlantica.pt\/wp-content\/uploads\/2021\/09\/quem_somos_vetor_1-01-1-300x74.jpg 300w, https:\/\/www.companhiaatlantica.pt\/wp-content\/uploads\/2021\/09\/quem_somos_vetor_1-01-1-1024x254.jpg 1024w, https:\/\/www.companhiaatlantica.pt\/wp-content\/uploads\/2021\/09\/quem_somos_vetor_1-01-1-768x190.jpg 768w, https:\/\/www.companhiaatlantica.pt\/wp-content\/uploads\/2021\/09\/quem_somos_vetor_1-01-1-1536x381.jpg 1536w, https:\/\/www.companhiaatlantica.pt\/wp-content\/uploads\/2021\/09\/quem_somos_vetor_1-01-1-2048x507.jpg 2048w, https:\/\/www.companhiaatlantica.pt\/wp-content\/uploads\/2021\/09\/quem_somos_vetor_1-01-1-600x149.jpg 600w\" sizes=\"auto, (max-width: 2560px) 100vw, 2560px\" title=\"\">\t\t\t\t\t\t\t\t\t\t\t<\/div>\n\t\t\t\t\t<\/div>\n\n\t\t<div class=\"box-text text-center\" >\n\t\t\t<div class=\"box-text-inner\">\n\t\t\t\t\n<h4>A title<\/h4>\n<p>Image Box text<\/p>\n\t\t\t<\/div>\n\t\t<\/div>\n\t<\/div>\n\t\n\t<div id=\"gap-1830458777\" class=\"gap-element clearfix\" style=\"display:block; height:auto;\">\n\t\t\n<style>\n#gap-1830458777 {\n  padding-top: 50px;\n}\n<\/style>\n\t<\/div>\n\t\n<h3 class=\"ws-h1\">Soziale und \u00f6kologische Verantwortung<\/h3>\n<div class=\"is-divider divider clearfix\" style=\"margin-top:1em;margin-bottom:1em;max-width:200px;height:2px;background-color:rgb(30, 76, 122);\"><\/div>\n<p>Wir sind ein kreatives Team, das sich f\u00fcr Umwelt- und soziale Belange einsetzt und in allen Phasen, von der Konzeption \u00fcber die Produktion bis hin zur Verpackung der Produkte, pr\u00e4sent ist.<\/p>\n<p>Zu diesem Zweck entwickeln wir \u00f6kologisch nachhaltige L\u00f6sungen, die wir mit schlichten Designs und umweltfreundlichen Verpackungen verbinden; au\u00dferdem arbeiten wir mit Einrichtungen zusammen, die sich aktiv f\u00fcr soziale Inklusion einsetzen.<\/p>\n\t<div class=\"box has-hover  hide-for-small has-hover box-none box-text-bottom\" >\n\n\t\t<div class=\"box-image\" style=\"width:84%;\">\n\t\t\t\t\t\t<div class=\"\" >\n\t\t\t\t<img loading=\"lazy\" decoding=\"async\" width=\"2560\" height=\"634\" src=\"https:\/\/www.companhiaatlantica.pt\/wp-content\/uploads\/2021\/09\/quem_somos_vetor_2-01-scaled.jpg\" class=\"attachment-original size-original\" alt=\"\" srcset=\"https:\/\/www.companhiaatlantica.pt\/wp-content\/uploads\/2021\/09\/quem_somos_vetor_2-01-scaled.jpg 2560w, https:\/\/www.companhiaatlantica.pt\/wp-content\/uploads\/2021\/09\/quem_somos_vetor_2-01-scaled-900x223.jpg 900w, https:\/\/www.companhiaatlantica.pt\/wp-content\/uploads\/2021\/09\/quem_somos_vetor_2-01-300x74.jpg 300w, https:\/\/www.companhiaatlantica.pt\/wp-content\/uploads\/2021\/09\/quem_somos_vetor_2-01-1024x254.jpg 1024w, https:\/\/www.companhiaatlantica.pt\/wp-content\/uploads\/2021\/09\/quem_somos_vetor_2-01-768x190.jpg 768w, https:\/\/www.companhiaatlantica.pt\/wp-content\/uploads\/2021\/09\/quem_somos_vetor_2-01-1536x381.jpg 1536w, https:\/\/www.companhiaatlantica.pt\/wp-content\/uploads\/2021\/09\/quem_somos_vetor_2-01-2048x507.jpg 2048w, https:\/\/www.companhiaatlantica.pt\/wp-content\/uploads\/2021\/09\/quem_somos_vetor_2-01-600x149.jpg 600w\" sizes=\"auto, (max-width: 2560px) 100vw, 2560px\" title=\"\">\t\t\t\t\t\t\t\t\t\t\t<\/div>\n\t\t\t\t\t<\/div>\n\n\t\t<div class=\"box-text text-center\" >\n\t\t\t<div class=\"box-text-inner\">\n\t\t\t\t\n<h4>A title<\/h4>\n<p>Image Box text<\/p>\n\t\t\t<\/div>\n\t\t<\/div>\n\t<\/div>\n\t\n\t<div id=\"gap-411829343\" class=\"gap-element clearfix\" style=\"display:block; height:auto;\">\n\t\t\n<style>\n#gap-411829343 {\n  padding-top: 50px;\n}\n<\/style>\n\t<\/div>\n\t\n\t\t<\/div>\n\t\t\t\t\t<\/div>\n\n\t\n<\/div>\n\t\t<\/div>\n\n\t\t\n<style>\n#section_837467285 {\n  padding-top: 10px;\n  padding-bottom: 10px;\n}\n<\/style>\n\t<\/section>\n\t\n\t<div class=\"box has-hover  show-for-small has-hover box-none box-text-bottom\" >\n\n\t\t<div class=\"box-image\" >\n\t\t\t\t\t\t<div class=\"\" >\n\t\t\t\t<img loading=\"lazy\" decoding=\"async\" width=\"2560\" height=\"634\" src=\"https:\/\/www.companhiaatlantica.pt\/wp-content\/uploads\/2021\/09\/quem_somos_vetor_2-01-scaled.jpg\" class=\"attachment-original size-original\" alt=\"\" srcset=\"https:\/\/www.companhiaatlantica.pt\/wp-content\/uploads\/2021\/09\/quem_somos_vetor_2-01-scaled.jpg 2560w, https:\/\/www.companhiaatlantica.pt\/wp-content\/uploads\/2021\/09\/quem_somos_vetor_2-01-scaled-900x223.jpg 900w, https:\/\/www.companhiaatlantica.pt\/wp-content\/uploads\/2021\/09\/quem_somos_vetor_2-01-300x74.jpg 300w, https:\/\/www.companhiaatlantica.pt\/wp-content\/uploads\/2021\/09\/quem_somos_vetor_2-01-1024x254.jpg 1024w, https:\/\/www.companhiaatlantica.pt\/wp-content\/uploads\/2021\/09\/quem_somos_vetor_2-01-768x190.jpg 768w, https:\/\/www.companhiaatlantica.pt\/wp-content\/uploads\/2021\/09\/quem_somos_vetor_2-01-1536x381.jpg 1536w, https:\/\/www.companhiaatlantica.pt\/wp-content\/uploads\/2021\/09\/quem_somos_vetor_2-01-2048x507.jpg 2048w, https:\/\/www.companhiaatlantica.pt\/wp-content\/uploads\/2021\/09\/quem_somos_vetor_2-01-600x149.jpg 600w\" sizes=\"auto, (max-width: 2560px) 100vw, 2560px\" title=\"\">\t\t\t\t\t\t\t\t\t\t\t<\/div>\n\t\t\t\t\t<\/div>\n\n\t\t<div class=\"box-text text-center\" >\n\t\t\t<div class=\"box-text-inner\">\n\t\t\t\t\n<h4>A title<\/h4>\n<p>Image Box text<\/p>\n\t\t\t<\/div>\n\t\t<\/div>\n\t<\/div>\n\t\n","protected":false},"excerpt":{"rendered":"","protected":false},"author":636,"featured_media":0,"parent":0,"menu_order":0,"comment_status":"closed","ping_status":"closed","template":"","meta":{"footnotes":""},"class_list":["post-88814","page","type-page","status-publish","hentry"],"_links":{"self":[{"href":"https:\/\/www.companhiaatlantica.pt\/de\/wp-json\/wp\/v2\/pages\/88814","targetHints":{"allow":["GET"]}}],"collection":[{"href":"https:\/\/www.companhiaatlantica.pt\/de\/wp-json\/wp\/v2\/pages"}],"about":[{"href":"https:\/\/www.companhiaatlantica.pt\/de\/wp-json\/wp\/v2\/types\/page"}],"author":[{"embeddable":true,"href":"https:\/\/www.companhiaatlantica.pt\/de\/wp-json\/wp\/v2\/users\/636"}],"replies":[{"embeddable":true,"href":"https:\/\/www.companhiaatlantica.pt\/de\/wp-json\/wp\/v2\/comments?post=88814"}],"version-history":[{"count":3,"href":"https:\/\/www.companhiaatlantica.pt\/de\/wp-json\/wp\/v2\/pages\/88814\/revisions"}],"predecessor-version":[{"id":88831,"href":"https:\/\/www.companhiaatlantica.pt\/de\/wp-json\/wp\/v2\/pages\/88814\/revisions\/88831"}],"wp:attachment":[{"href":"https:\/\/www.companhiaatlantica.pt\/de\/wp-json\/wp\/v2\/media?parent=88814"}],"curies":[{"name":"wp","href":"https:\/\/api.w.org\/{rel}","templated":true}]}}