{"id":10134,"date":"2020-09-19T16:19:58","date_gmt":"2020-09-19T15:19:58","guid":{"rendered":"https:\/\/companhiaatlantica.pt\/?page_id=10134"},"modified":"2023-07-24T11:59:50","modified_gmt":"2023-07-24T10:59:50","slug":"politica-privacidad","status":"publish","type":"page","link":"https:\/\/www.companhiaatlantica.pt\/es\/politica-privacidad","title":{"rendered":"Pol\u00edtica de privacidad"},"content":{"rendered":"<hr>\n<p>&nbsp;<\/p>\n<p>Esta pol\u00edtica de privacidad se aplica \u00fanica y exclusivamente al uso y tratamiento de datos en este sitio web. Respetamos su privacidad, as\u00ed como sus datos personales, tomando todas las medidas necesarias para mantenerlos a salvo.<\/p>\n<ol>\n<li><strong>Entidad responsable del tratamiento de datos<\/strong><br \/>\nLa entidad responsable del tratamiento de los datos enviados por los usuarios es TAKENET UNIPESSOAL LDA.<\/li>\n<li><strong>Privacidad &#8211; Uso de cookies<\/strong><br \/>\nAl entrar en este sitio web se utilizan cookies, es decir, peque\u00f1os archivos de texto que un servidor de p\u00e1ginas web coloca en el disco duro y que permiten una mejor experiencia de navegaci\u00f3n y el acceso a otras funcionalidades del sitio web, todo ello para ofrecer un excelente servicio al usuario.<\/p>\n<ul>\n<li><strong>\u00bfQu\u00e9 son las cookies?<\/strong>  Las cookies son peque\u00f1os archivos que los servidores web graban en los equipos que acceden al sitio, de acuerdo con los permisos configurados en el navegador utilizado y conservando \u00fanicamente informaci\u00f3n relacionada con la navegaci\u00f3n o funcionalidades del sitio, no siendo utilizadas para identificar personalmente a los usuarios, no incluyendo, como tales, sus datos personales.<\/li>\n<li><strong>\u00bfPara qu\u00e9 sirven las cookies?<\/strong>  Las cookies se utilizan para ayudarle a navegar por el sitio, para determinar la utilidad, el inter\u00e9s y la medida de los visitantes, lo que permite una navegaci\u00f3n m\u00e1s r\u00e1pida y m\u00e1s eficiente, eliminando la necesidad de introducir repetidamente la misma informaci\u00f3n.<\/li>\n<li><strong>\u00bfPara qu\u00e9 fines utilizamos cookies?<\/strong>  S\u00f3lo utilizamos las cookies estrictamente necesarias, para personalizar y facilitar al m\u00e1ximo la navegaci\u00f3n, pero tambi\u00e9n para solucionar problemas, realizar estad\u00edsticas an\u00f3nimas, garantizar la calidad y controlar el funcionamiento y la seguridad del sistema. Estas cookies est\u00e1n siempre activadas cuando navega por nuestro sitio web, a menos que las desactive en la configuraci\u00f3n de su navegador, en cuyo caso no podemos garantizar que todas las \u00e1reas de nuestro sitio web funcionen correctamente. Las cookies tambi\u00e9n pueden utilizarse para saber qu\u00e9 producto ha a\u00f1adido un visitante a su cesta de la compra y para mostrar productos relevantes al usuario mientras navega por nuestro sitio web. Estas cookies pueden incluir diversos datos an\u00f3nimos, como la direcci\u00f3n IP, el tipo de navegador, el tipo de dispositivo, el sistema operativo, la fecha\/hora de acceso y la URL de referencia de su solicitud.<\/li>\n<\/ul>\n<\/li>\n<li><strong>Recogida de datos personales<\/strong><br \/>\nLos datos personales recogidos en este sitio web est\u00e1n destinados a responder a las solicitudes de contacto, presupuestos, informaci\u00f3n en general y para fines legales necesarios si usted entra en un contrato o transacci\u00f3n comercial con nuestra empresa y la informaci\u00f3n, personal o no, no se transmite a terceros. Los datos de los usuarios se almacenan en servidores en la nube ubicados en la Uni\u00f3n Europea. Estos servidores est\u00e1n protegidos y mantenidos seg\u00fan las normas de seguridad m\u00e1s estrictas y siempre respetan la legislaci\u00f3n aplicable en materia de privacidad.<\/li>\n<li><strong>Derechos de los interesados<\/strong><br \/>\nEl usuario tiene derecho, en virtud de la ley, a consultar, suprimir o rectificar sus datos personales enviados por nuestro sitio web. A tal efecto y para reconocer la identidad del interesado, el usuario deber\u00e1 enviar un mensaje desde su propia direcci\u00f3n de correo electr\u00f3nico a info@companhiaatlantica.pt indicando claramente lo que desea en relaci\u00f3n con sus datos personales.<\/li>\n<li><strong>Periodo de tiempo durante el que almacenamos los datos<\/strong><br \/>\nConservaremos sus datos personales durante el periodo necesario para la prestaci\u00f3n de los servicios, su facturaci\u00f3n y los fines mencionados.<\/li>\n<li><strong>Derecho a reclamar<\/strong><br \/>\nTiene derecho a presentar una reclamaci\u00f3n ante la autoridad de control de protecci\u00f3n de datos<a href=\"http:\/\/www.cnpd.pt\/\" target=\"_blank\" rel=\"noopener\">(cnpd.es<\/a>).<\/li>\n<\/ol>\n","protected":false},"excerpt":{"rendered":"<p>&nbsp; Esta pol\u00edtica de privacidad se aplica \u00fanica y exclusivamente al uso y tratamiento de datos en este sitio web. Respetamos su privacidad, as\u00ed como sus datos personales, tomando todas las medidas necesarias para mantenerlos a salvo. Entidad responsable del tratamiento de datos La entidad responsable del tratamiento de los datos enviados por los usuarios [&#8230;]\n","protected":false},"author":1,"featured_media":0,"parent":0,"menu_order":0,"comment_status":"closed","ping_status":"closed","template":"page-blank-title-center.php","meta":{"footnotes":""},"class_list":["post-10134","page","type-page","status-publish","hentry"],"_links":{"self":[{"href":"https:\/\/www.companhiaatlantica.pt\/es\/wp-json\/wp\/v2\/pages\/10134","targetHints":{"allow":["GET"]}}],"collection":[{"href":"https:\/\/www.companhiaatlantica.pt\/es\/wp-json\/wp\/v2\/pages"}],"about":[{"href":"https:\/\/www.companhiaatlantica.pt\/es\/wp-json\/wp\/v2\/types\/page"}],"author":[{"embeddable":true,"href":"https:\/\/www.companhiaatlantica.pt\/es\/wp-json\/wp\/v2\/users\/1"}],"replies":[{"embeddable":true,"href":"https:\/\/www.companhiaatlantica.pt\/es\/wp-json\/wp\/v2\/comments?post=10134"}],"version-history":[{"count":5,"href":"https:\/\/www.companhiaatlantica.pt\/es\/wp-json\/wp\/v2\/pages\/10134\/revisions"}],"predecessor-version":[{"id":42380,"href":"https:\/\/www.companhiaatlantica.pt\/es\/wp-json\/wp\/v2\/pages\/10134\/revisions\/42380"}],"wp:attachment":[{"href":"https:\/\/www.companhiaatlantica.pt\/es\/wp-json\/wp\/v2\/media?parent=10134"}],"curies":[{"name":"wp","href":"https:\/\/api.w.org\/{rel}","templated":true}]}}