{"id":52485,"date":"2024-01-03T12:44:51","date_gmt":"2024-01-03T12:44:51","guid":{"rendered":"https:\/\/www.companhiaatlantica.pt\/condicoes-das-ofertas-em-vigor"},"modified":"2026-04-15T15:39:10","modified_gmt":"2026-04-15T14:39:10","slug":"condiciones-de-las-ofertas-vigentes","status":"publish","type":"page","link":"https:\/\/www.companhiaatlantica.pt\/es\/condiciones-de-las-ofertas-vigentes","title":{"rendered":"*Condiciones de las ofertas vigentes"},"content":{"rendered":"\n\t<section class=\"section\" id=\"section_159991974\">\n\t\t<div class=\"section-bg fill\" >\n\t\t\t\t\t\t\t\t\t\n\t\t\t\n\n\t\t<\/div>\n\n\t\t\n\n\t\t<div class=\"section-content relative\">\n\t\t\t\n\t<div id=\"gap-1451330071\" class=\"gap-element clearfix\" style=\"display:block; height:auto;\">\n\t\t\n<style>\n#gap-1451330071 {\n  padding-top: 30px;\n}\n<\/style>\n\t<\/div>\n\t\n<div class=\"row\"  id=\"row-558346728\">\n\n\t<div id=\"col-258292700\" class=\"col small-12 large-12\"  >\n\t\t\t\t<div class=\"col-inner\"  >\n\t\t\t\n\t\t\t\n<div class=\"container section-title-container\" ><h3 class=\"section-title section-title-normal\"><b aria-hidden=\"true\"><\/b><span class=\"section-title-main\" >*Condi\u00e7\u00f5es das ofertas em vigor<\/span><b aria-hidden=\"true\"><\/b><\/h3><\/div>\n\t\t<\/div>\n\t\t\t\t\t<\/div>\n\n\t\n<\/div>\n\t\t<\/div>\n\n\t\t\n<style>\n#section_159991974 {\n  padding-top: 0px;\n  padding-bottom: 0px;\n}\n<\/style>\n\t<\/section>\n\t\n\n\t<section class=\"section\" id=\"section_1527707598\">\n\t\t<div class=\"section-bg fill\" >\n\t\t\t\t\t\t\t\t\t\n\t\t\t\n\n\t\t<\/div>\n\n\t\t\n\n\t\t<div class=\"section-content relative\">\n\t\t\t\n<div class=\"row\"  id=\"row-1045967361\">\n\n\t<div id=\"col-839496870\" class=\"col small-12 large-12\"  >\n\t\t\t\t<div class=\"col-inner\"  >\n\t\t\t\n\t\t\t\n<p><strong>D\u00eda de la Madre<\/strong><br \/>*En el D\u00eda de la Madre, celebramos el cari\u00f1o, el amor y los peque\u00f1os gestos. Todo lo que hace a una madre tan especial. Para hacer esta ocasi\u00f3n a\u00fan m\u00e1s significativa, hemos preparado algo especialmente para ti: cada pedido viene acompa\u00f1ado de una sorpresa especial, elegida con cari\u00f1o por nosotros.<\/p>\n<p><strong>Inscripci\u00f3n en el bolet\u00edn<\/strong><br \/>*Suscr\u00edbete a nuestro bolet\u00edn y, adem\u00e1s de recibir ofertas exclusivas, tambi\u00e9n disfrutas de un <strong>descuento del 10%<\/strong> en tu primera compra.<br \/>Oferta v\u00e1lida exclusivamente para nuevos clientes y nuevos suscriptores.<br \/>Existencias limitadas.<\/p>\n<p><strong>M\u00e1s es menos<\/strong><br \/>*Benef\u00edciate de descuentos de hasta -34% en conjuntos, paquetes regalo o sets.<br \/>Esta promoci\u00f3n es v\u00e1lida desde el 31 de diciembre de 2026.<\/p>\n<p><strong>Oferta del 20 % para perfumar tu espacio<\/strong><br \/>*Al comprar en el sitio web de Companhia Atl\u00e2ntica, obtendr\u00e1s un vale de descuento del 20 % en la compra de Difusores AZULEJO de 1L. V\u00e1lido para tu pr\u00f3xima compra.<br \/>Oferta no acumulable con otras ofertas, promociones o c\u00f3digos promocionales vigentes. Campa\u00f1a v\u00e1lida hasta el 31 de diciembre de 2026.<\/p>\n<p><strong>Regalo de 15\u20ac<\/strong><br \/>*Al realizar una compra en el sitio web de Companhia Atl\u00e2ntica, recibir\u00e1s un vale de descuento de 15\u20ac. V\u00e1lido en tu pr\u00f3xima compra de un valor igual o superior a 100\u20ac.<br \/>Oferta no acumulable con otras ofertas o c\u00f3digos promocionales vigentes.<\/p>\n\t\t<\/div>\n\t\t\t\t\t<\/div>\n\n\t\n<\/div>\n\t\t<\/div>\n\n\t\t\n<style>\n#section_1527707598 {\n  padding-top: 0px;\n  padding-bottom: 0px;\n}\n<\/style>\n\t<\/section>\n\t\n","protected":false},"excerpt":{"rendered":"","protected":false},"author":636,"featured_media":0,"parent":0,"menu_order":0,"comment_status":"closed","ping_status":"closed","template":"","meta":{"footnotes":""},"class_list":["post-52485","page","type-page","status-publish","hentry"],"_links":{"self":[{"href":"https:\/\/www.companhiaatlantica.pt\/es\/wp-json\/wp\/v2\/pages\/52485","targetHints":{"allow":["GET"]}}],"collection":[{"href":"https:\/\/www.companhiaatlantica.pt\/es\/wp-json\/wp\/v2\/pages"}],"about":[{"href":"https:\/\/www.companhiaatlantica.pt\/es\/wp-json\/wp\/v2\/types\/page"}],"author":[{"embeddable":true,"href":"https:\/\/www.companhiaatlantica.pt\/es\/wp-json\/wp\/v2\/users\/636"}],"replies":[{"embeddable":true,"href":"https:\/\/www.companhiaatlantica.pt\/es\/wp-json\/wp\/v2\/comments?post=52485"}],"version-history":[{"count":5,"href":"https:\/\/www.companhiaatlantica.pt\/es\/wp-json\/wp\/v2\/pages\/52485\/revisions"}],"predecessor-version":[{"id":87171,"href":"https:\/\/www.companhiaatlantica.pt\/es\/wp-json\/wp\/v2\/pages\/52485\/revisions\/87171"}],"wp:attachment":[{"href":"https:\/\/www.companhiaatlantica.pt\/es\/wp-json\/wp\/v2\/media?parent=52485"}],"curies":[{"name":"wp","href":"https:\/\/api.w.org\/{rel}","templated":true}]}}