{"id":64941,"date":"2024-09-25T16:22:22","date_gmt":"2024-09-25T15:22:22","guid":{"rendered":"https:\/\/www.companhiaatlantica.pt\/?page_id=64941"},"modified":"2024-12-16T11:40:37","modified_gmt":"2024-12-16T11:40:37","slug":"suscribete-a-nuestro-newsletter","status":"publish","type":"page","link":"https:\/\/www.companhiaatlantica.pt\/es\/suscribete-a-nuestro-newsletter","title":{"rendered":"SUSCR\u00cdBETE A NUESTRO NEWSLETTER"},"content":{"rendered":"\n\t<section class=\"section ola-subscription\" id=\"section_586879122\">\n\t\t<div class=\"section-bg fill\" >\n\t\t\t\t\t\t\t\t\t\n\t\t\t\n\n\t\t<\/div>\n\n\t\t\n\n\t\t<div class=\"section-content relative\">\n\t\t\t\n\n  <div class=\"banner has-hover hide-for-medium\" id=\"banner-585801132\">\n          <div class=\"banner-inner fill\">\n        <div class=\"banner-bg fill\" >\n            <img loading=\"lazy\" decoding=\"async\" width=\"1600\" height=\"294\" src=\"https:\/\/www.companhiaatlantica.pt\/wp-content\/uploads\/2024\/04\/banner-ceramica.jpg\" class=\"bg attachment-original size-original\" alt=\"\" title=\"\">                                    \n                    <\/div>\n\t\t\n        <div class=\"banner-layers container\">\n            <div class=\"fill banner-link\"><\/div>            \n   <div id=\"text-box-1289045234\" class=\"text-box banner-layer hide-for-medium x10 md-x10 lg-x10 y30 md-y50 lg-y50 res-text\">\n                                <div class=\"text-box-content text box-shadow-3\">\n              \n              <div class=\"text-inner text-left\">\n                  \n<h4 class=\"uppercase\" style=\"color: #cecabc; text-align: center;\"><strong><img loading=\"lazy\" decoding=\"async\" class=\"size-full wp-image-13325 aligncenter\" src=\"https:\/\/www.companhiaatlantica.pt\/wp-content\/uploads\/2021\/03\/ola.png\" alt=\"\" width=\"86\" height=\"52\" title=\"\">REGALO DE BIENVENIDA<\/strong><\/h4>\n<h1 style=\"color: #cecabc; text-align: center;\"><strong>10% DE DESCUENTO<\/strong><\/h1>\n<h5 style=\"text-align: center;\" align=\"center\"><span style=\"font-size: 90%;\">SUSCR\u00cdBETE A NUESTRO NEWSLETTER Y DESCUBRE LO QUE TENEMOS PARA TI<\/span><\/h5>\n<p style=\"text-align: center;\"><small><strong>Nuevos lanzamientos<\/strong> | Consejos y curiosidades sobre <strong>cer\u00e1mica<\/strong> y <strong>tradiciones portuguesas<\/strong> | <strong>Inspiraci\u00f3n<\/strong> culinaria | <strong>Ofertas especiales para nuestros suscriptores<\/strong><\/small><\/p>\n              <\/div>\n           <\/div>\n                            \n<style>\n#text-box-1289045234 .text-box-content {\n  background-color: rgb(255, 255, 255);\n  font-size: 100%;\n}\n#text-box-1289045234 .text-inner {\n  padding: 10px 10px 10px 10px;\n}\n#text-box-1289045234 {\n  width: 90%;\n}\n@media (min-width:550px) {\n  #text-box-1289045234 .text-inner {\n    padding: 10px 20px 10px 20px;\n  }\n  #text-box-1289045234 {\n    width: 60%;\n  }\n}\n@media (min-width:850px) {\n  #text-box-1289045234 .text-inner {\n    padding: 10px 30px 20px 30px;\n  }\n  #text-box-1289045234 {\n    width: 37%;\n  }\n}\n<\/style>\n    <\/div>\n \n        <\/div>\n      <\/div>\n\n            \n<style>\n#banner-585801132 {\n  padding-top: 500px;\n  background-color: rgb(255, 255, 255);\n}\n#banner-585801132 .banner-bg img {\n  object-position: 14% 21%;\n}\n@media (min-width:550px) {\n  #banner-585801132 {\n    padding-top: 400px;\n  }\n}\n<\/style>\n  <\/div>\n\n\n\n  <div class=\"banner has-hover show-for-medium\" id=\"banner-988389270\">\n          <div class=\"banner-inner fill\">\n        <div class=\"banner-bg fill\" >\n            <img loading=\"lazy\" decoding=\"async\" width=\"600\" height=\"484\" src=\"https:\/\/www.companhiaatlantica.pt\/wp-content\/uploads\/2024\/09\/blue-breezy.jpg\" class=\"bg attachment-original size-original\" alt=\"\" title=\"\">                                    \n                    <\/div>\n\t\t\n        <div class=\"banner-layers container\">\n            <div class=\"fill banner-link\"><\/div>            \n   <div id=\"text-box-1139910097\" class=\"text-box banner-layer hide-for-medium x10 md-x10 lg-x10 y30 md-y50 lg-y50 res-text\">\n                                <div class=\"text-box-content text box-shadow-3\">\n              \n              <div class=\"text-inner text-left\">\n                  \n<h4 class=\"uppercase\" style=\"color: #cecabc; text-align: center;\"><strong><img loading=\"lazy\" decoding=\"async\" class=\"size-full wp-image-13325 aligncenter\" src=\"https:\/\/www.companhiaatlantica.pt\/wp-content\/uploads\/2021\/03\/ola.png\" alt=\"\" width=\"86\" height=\"52\" title=\"\">REGALO DE BIENVENIDA<\/strong><\/h4>\n<h2 class=\"uppercase\" style=\"color: #cecabc; text-align: center;\"><strong>10% DE DESCUENTO<\/strong><\/h2>\n<h5 style=\"text-align: center;\" align=\"center\"><strong><span style=\"font-size: 90%;\">SUSCR\u00cdBETE A NUESTRO NEWSLETTER<\/span><\/strong><\/h5>\n<p style=\"text-align: justify;\"><small><strong>Nuevos lanzamientos<\/strong> | Consejos y curiosidades sobre el mundo de la <strong>cer\u00e1mica<\/strong> y las <strong>tradiciones portuguesas<\/strong> | <strong>Inspiraci\u00f3n<\/strong> culinaria | <strong>Ofertas exclusivas reservadas para los suscriptores de nuestra Newsletter<\/strong><\/small><\/p>\n              <\/div>\n           <\/div>\n                            \n<style>\n#text-box-1139910097 .text-box-content {\n  background-color: rgb(255, 255, 255);\n  font-size: 100%;\n}\n#text-box-1139910097 .text-inner {\n  padding: 10px 10px 10px 10px;\n}\n#text-box-1139910097 {\n  width: 90%;\n}\n@media (min-width:550px) {\n  #text-box-1139910097 .text-inner {\n    padding: 10px 20px 10px 20px;\n  }\n  #text-box-1139910097 {\n    width: 60%;\n  }\n}\n@media (min-width:850px) {\n  #text-box-1139910097 .text-inner {\n    padding: 10px 30px 10px 30px;\n  }\n  #text-box-1139910097 {\n    width: 35%;\n  }\n}\n<\/style>\n    <\/div>\n \n   <div id=\"text-box-316590635\" class=\"text-box banner-layer show-for-medium x5 md-x25 lg-x5 y30 md-y50 lg-y50 res-text\">\n                                <div class=\"text-box-content text box-shadow-3\">\n              \n              <div class=\"text-inner text-left\">\n                  \n\t<div id=\"gap-482176\" class=\"gap-element clearfix\" style=\"display:block; height:auto;\">\n\t\t\n<style>\n#gap-482176 {\n  padding-top: 10px;\n}\n@media (min-width:550px) {\n  #gap-482176 {\n    padding-top: 10px;\n  }\n}\n<\/style>\n\t<\/div>\n\t\n\t<div id=\"text-1171606078\" class=\"text mobile-text-box\">\n\t\t\n<h3 class=\"uppercase\" style=\"color: #cecabc; text-align: center;\"><strong><img loading=\"lazy\" decoding=\"async\" class=\"size-full wp-image-13325 aligncenter\" src=\"https:\/\/www.companhiaatlantica.pt\/wp-content\/uploads\/2021\/03\/ola.png\" alt=\"\" width=\"86\" height=\"52\" title=\"\"><\/strong><\/h3>\n<h4 class=\"uppercase\" style=\"color: #cecabc; text-align: center;\"><strong>REGALO DE BIENVENIDA<\/strong><\/h4>\n<h2 class=\"uppercase\" style=\"color: #cecabc; text-align: center;\"><strong>10% DE DESCUENTO<\/strong><\/h2>\n<h4 style=\"text-align: center;\" align=\"center\"><span style=\"font-size: 90%;\">SUSCR\u00cdBETE A NUESTRO NEWSLETTER<\/span><\/h4>\n<h5 style=\"text-align: center;\" align=\"center\"><span style=\"font-size: 90%;\">DESCUBRE LO QUE TENEMOS PARA TI<\/span><\/h5>\n<p style=\"text-align: center;\"><strong>Nuevos lanzamientos<\/strong> | Consejos y curiosidades sobre <strong>cer\u00e1mica<\/strong> y <strong>tradiciones portuguesas<\/strong> | <strong>Inspiraci\u00f3n<\/strong> culinaria | <strong>Ofertas especiales para nuestros suscriptores<\/strong><\/p>\n\t\t\t<\/div>\n\t\n              <\/div>\n           <\/div>\n                            \n<style>\n#text-box-316590635 .text-box-content {\n  background-color: rgb(255, 255, 255);\n  font-size: 100%;\n}\n#text-box-316590635 .text-inner {\n  padding: 0px 10px 10px 10px;\n}\n#text-box-316590635 {\n  width: 90%;\n}\n@media (min-width:550px) {\n  #text-box-316590635 .text-inner {\n    padding: 5px 20px 10px 20px;\n  }\n  #text-box-316590635 {\n    width: 64%;\n  }\n}\n@media (min-width:850px) {\n  #text-box-316590635 .text-inner {\n    padding: 10px 30px 10px 30px;\n  }\n  #text-box-316590635 {\n    width: 35%;\n  }\n}\n<\/style>\n    <\/div>\n \n        <\/div>\n      <\/div>\n\n            \n<style>\n#banner-988389270 {\n  padding-top: 500px;\n  background-color: rgb(255, 255, 255);\n}\n#banner-988389270 .banner-bg img {\n  object-position: 46% 31%;\n}\n@media (min-width:550px) {\n  #banner-988389270 {\n    padding-top: 400px;\n  }\n}\n<\/style>\n  <\/div>\n\n\n<div class=\"row row-collapse align-middle align-center\" style=\"max-width:800px\" id=\"row-2096033117\">\n\n\t<div id=\"col-436883363\" class=\"col small-12 large-12\"  >\n\t\t\t\t<div class=\"col-inner text-center\"  >\n\t\t\t\n\t\t\t\n\t<div id=\"gap-1623052895\" class=\"gap-element clearfix\" style=\"display:block; height:auto;\">\n\t\t\n<style>\n#gap-1623052895 {\n  padding-top: 10px;\n}\n@media (min-width:550px) {\n  #gap-1623052895 {\n    padding-top: 10px;\n  }\n}\n<\/style>\n\t<\/div>\n\t\n\t<div id=\"text-904199772\" class=\"text\">\n\t\t\n<p><small>Suscr\u00edbete a nuestro bolet\u00edn y, adem\u00e1s de recibir ofertas exclusivas, \u00a1tambi\u00e9n te beneficiar\u00e1s de un 10% de descuento en tu primera compra!<\/small><\/p>\n\t\t\n<style>\n#text-904199772 {\n  text-align: center;\n}\n<\/style>\n\t<\/div>\n\t\n\n  \n  \n  <div class=\"\n    mailpoet_form_popup_overlay\n      \"><\/div>\n  <div\n    id=\"mailpoet_form_28\"\n    class=\"\n      mailpoet_form\n      mailpoet_form_shortcode\n      mailpoet_form_position_\n      mailpoet_form_animation_\n    \"\n      >\n\n    <style type=\"text\/css\">\n     #mailpoet_form_28 .mailpoet_form {  }\n#mailpoet_form_28 form { margin-bottom: 0; }\n#mailpoet_form_28 .mailpoet_column_with_background { padding: 0px; }\n#mailpoet_form_28 .wp-block-column:not(:first-child), #mailpoet_form_28 .mailpoet_form_column:not(:first-child) { padding: 0 20px; }\n#mailpoet_form_28 .mailpoet_form_column:not(:first-child) { margin-left: 0; }\n#mailpoet_form_28 h2.mailpoet-heading { margin: 0 0 20px 0; }\n#mailpoet_form_28 .mailpoet_paragraph { line-height: 20px; margin-bottom: 20px; }\n#mailpoet_form_28 .mailpoet_segment_label, #mailpoet_form_28 .mailpoet_text_label, #mailpoet_form_28 .mailpoet_textarea_label, #mailpoet_form_28 .mailpoet_select_label, #mailpoet_form_28 .mailpoet_radio_label, #mailpoet_form_28 .mailpoet_checkbox_label, #mailpoet_form_28 .mailpoet_list_label, #mailpoet_form_28 .mailpoet_date_label { display: block; font-weight: normal; }\n#mailpoet_form_28 .mailpoet_text, #mailpoet_form_28 .mailpoet_textarea, #mailpoet_form_28 .mailpoet_select, #mailpoet_form_28 .mailpoet_date_month, #mailpoet_form_28 .mailpoet_date_day, #mailpoet_form_28 .mailpoet_date_year, #mailpoet_form_28 .mailpoet_date { display: block; }\n#mailpoet_form_28 .mailpoet_text, #mailpoet_form_28 .mailpoet_textarea { width: 200px; }\n#mailpoet_form_28 .mailpoet_checkbox {  }\n#mailpoet_form_28 .mailpoet_submit {  }\n#mailpoet_form_28 .mailpoet_divider {  }\n#mailpoet_form_28 .mailpoet_message {  }\n#mailpoet_form_28 .mailpoet_form_loading { width: 30px; text-align: center; line-height: normal; }\n#mailpoet_form_28 .mailpoet_form_loading > span { width: 5px; height: 5px; background-color: #5b5b5b; }#mailpoet_form_28{border: 0px solid #cecabc;border-radius: 0px;background: #cecabc;color: #5e5d5b;text-align: left;}#mailpoet_form_28 form.mailpoet_form {padding: 0px;}#mailpoet_form_28{width: 100%;}#mailpoet_form_28 .mailpoet_message {margin: 0; padding: 0 20px;}\n        #mailpoet_form_28 .mailpoet_validate_success {color: #0b6da5}\n        #mailpoet_form_28 input.parsley-success {color: #0b6da5}\n        #mailpoet_form_28 select.parsley-success {color: #0b6da5}\n        #mailpoet_form_28 textarea.parsley-success {color: #0b6da5}\n      \n        #mailpoet_form_28 .mailpoet_validate_error {color: #f78da7}\n        #mailpoet_form_28 input.parsley-error {color: #f78da7}\n        #mailpoet_form_28 select.parsley-error {color: #f78da7}\n        #mailpoet_form_28 textarea.textarea.parsley-error {color: #f78da7}\n        #mailpoet_form_28 .parsley-errors-list {color: #f78da7}\n        #mailpoet_form_28 .parsley-required {color: #f78da7}\n        #mailpoet_form_28 .parsley-custom-error-message {color: #f78da7}\n      #mailpoet_form_28 .mailpoet_paragraph.last {margin-bottom: 0} @media (max-width: 500px) {#mailpoet_form_28 {background: #cecabc;}} @media (min-width: 500px) {#mailpoet_form_28 .last .mailpoet_paragraph:last-child {margin-bottom: 0}}  @media (max-width: 500px) {#mailpoet_form_28 .mailpoet_form_column:last-child .mailpoet_paragraph:last-child {margin-bottom: 0}} \n    <\/style>\n\n    <form\n      target=\"_self\"\n      method=\"post\"\n      action=\"https:\/\/www.companhiaatlantica.pt\/wp-admin\/admin-post.php?action=mailpoet_subscription_form\"\n      class=\"mailpoet_form mailpoet_form_form mailpoet_form_shortcode\"\n      novalidate\n      data-delay=\"\"\n      data-exit-intent-enabled=\"\"\n      data-trigger-mode=\"\"\n      data-click-trigger-selector=\"\"\n      data-font-family=\"\"\n      data-cookie-expiration-time=\"\"\n    >\n      <input type=\"hidden\" name=\"data[form_id]\" value=\"28\" \/>\n      <input type=\"hidden\" name=\"token\" value=\"7bd2ef824f\" \/>\n      <input type=\"hidden\" name=\"api_version\" value=\"v1\" \/>\n      <input type=\"hidden\" name=\"endpoint\" value=\"subscribers\" \/>\n      <input type=\"hidden\" name=\"mailpoet_method\" value=\"subscribe\" \/>\n\n      <label class=\"mailpoet_hp_email_label\" style=\"display: none !important;\">Por favor, deja este campo vac\u00edo<input type=\"email\" name=\"data[email]\"\/><\/label><div class='mailpoet_form_columns_container'><div class=\"mailpoet_form_columns mailpoet_paragraph mailpoet_stack_on_mobile\"><div class=\"mailpoet_form_column\"><div class=\"mailpoet_paragraph \"><input type=\"text\" autocomplete=\"given-name\" class=\"mailpoet_text\" id=\"form_first_name_28\" name=\"data[form_field_ZWEwNGRkYWZiNmUyX2ZpcnN0X25hbWU=]\" title=\"Nombre\" value=\"\" style=\"width:100%;box-sizing:border-box;padding:8px;margin: 0 auto 0 0;font-size:13px;line-height:1.5;height:auto;\" data-automation-id=\"form_first_name\"  placeholder=\"Nombre *\" aria-label=\"Nombre *\" data-parsley-errors-container=\".mailpoet_error_1xtk8\" data-parsley-names='[&quot;Por favor, especifica un nombre v\u00e1lido.&quot;,&quot;No est\u00e1n permitidas las direcciones en los nombres. Por favor, a\u00f1ade tu nombre en su lugar.&quot;]' data-parsley-required=\"true\" required aria-required=\"true\" data-parsley-required-message=\"Este campo es obligatorio.\"\/><span class=\"mailpoet_error_1xtk8\"><\/span><\/div>\n<\/div>\n<div class=\"mailpoet_form_column\"><div class=\"mailpoet_paragraph \"><input type=\"text\" autocomplete=\"family-name\" class=\"mailpoet_text\" id=\"form_last_name_28\" name=\"data[form_field_ZDlkNGM4Mjg4ZGNjX2xhc3RfbmFtZQ==]\" title=\"Apellido\" value=\"\" style=\"width:100%;box-sizing:border-box;padding:8px;margin: 0 auto 0 0;font-size:13px;line-height:1.5;height:auto;\" data-automation-id=\"form_last_name\"  placeholder=\"Apellido\" aria-label=\"Apellido\" data-parsley-errors-container=\".mailpoet_error_vcy4f\" data-parsley-names='[&quot;Por favor, especifica un nombre v\u00e1lido.&quot;,&quot;No est\u00e1n permitidas las direcciones en los nombres. Por favor, a\u00f1ade tu nombre en su lugar.&quot;]'\/><span class=\"mailpoet_error_vcy4f\"><\/span><\/div>\n<\/div>\n<\/div><\/div>\n<div class='mailpoet_form_columns_container'><div class=\"mailpoet_form_columns mailpoet_paragraph mailpoet_stack_on_mobile\"><div class=\"mailpoet_form_column\" style=\"flex-basis:66.66%;\"><div class=\"mailpoet_paragraph \"><input type=\"email\" autocomplete=\"email\" class=\"mailpoet_text\" id=\"form_email_28\" name=\"data[form_field_ZGJjYjI3ZjZhMTE2X2VtYWls]\" title=\"Direcci\u00f3n de correo electr\u00f3nico\" value=\"\" style=\"width:100%;box-sizing:border-box;padding:8px;margin: 0 auto 0 0;font-size:13px;line-height:1.5;height:auto;\" data-automation-id=\"form_email\"  placeholder=\"Direcci\u00f3n de correo electr\u00f3nico *\" aria-label=\"Direcci\u00f3n de correo electr\u00f3nico *\" data-parsley-errors-container=\".mailpoet_error_1bslq\" data-parsley-required=\"true\" required aria-required=\"true\" data-parsley-minlength=\"6\" data-parsley-maxlength=\"150\" data-parsley-type-message=\"Este valor debe ser un correo electr\u00f3nico v\u00e1lido.\" data-parsley-required-message=\"Este campo es obligatorio.\"\/><span class=\"mailpoet_error_1bslq\"><\/span><\/div>\n<\/div>\n<div class=\"mailpoet_form_column\" style=\"flex-basis:33.33%;\"><div class=\"mailpoet_recaptcha\" data-sitekey=\"6Lcy_LcnAAAAAFKU-mU_VaKXnhcg2tPHEJ3fxP6w\" data-size=\"invisible\">\n      <div class=\"mailpoet_recaptcha_container\"><\/div>\n      <noscript>\n        <div>\n          <div class=\"mailpoet_recaptcha_noscript_container\">\n            <div>\n              <iframe src=\"https:\/\/www.google.com\/recaptcha\/api\/fallback?k=6Lcy_LcnAAAAAFKU-mU_VaKXnhcg2tPHEJ3fxP6w\" frameborder=\"0\" scrolling=\"no\">\n              <\/iframe>\n            <\/div>\n          <\/div>\n          <div class=\"mailpoet_recaptcha_noscript_input\">\n            <textarea id=\"g-recaptcha-response\" name=\"data[recaptcha]\" class=\"g-recaptcha-response\">\n            <\/textarea>\n          <\/div>\n        <\/div>\n      <\/noscript>\n      <input class=\"mailpoet_recaptcha_field\" type=\"hidden\" name=\"recaptchaWidgetId\">\n    <\/div><div class=\"mailpoet_paragraph \"><input type=\"submit\" class=\"mailpoet_submit\" value=\"SUSCRIBIRSE\" data-automation-id=\"subscribe-submit-button\" style=\"width:100%;box-sizing:border-box;padding:8px;margin: 0 auto 0 0;font-size:13px;line-height:1.5;height:auto;border-color:transparent;\" \/><span class=\"mailpoet_form_loading\"><span class=\"mailpoet_bounce1\"><\/span><span class=\"mailpoet_bounce2\"><\/span><span class=\"mailpoet_bounce3\"><\/span><\/span><\/div>\n<\/div>\n<\/div><\/div>\n<div class=\"mailpoet_paragraph \"><fieldset><legend class=\"mailpoet_checkbox_label\" style=\"font-size: 13px;line-height: 1.2;\">Acepto recibir comunicaciones comerciales de C\u00aaAtl\u00e2ntica&nbsp;<span class=\"mailpoet_required\" aria-hidden=\"true\">*<\/span><\/legend><input type=\"hidden\" value=\"1\"  name=\"data[cf_1]\" \/><label class=\"mailpoet_checkbox_label\" for=\"mailpoet_checkbox_1\" style=\"font-size: 13px;line-height: 1.2;\"><input type=\"checkbox\" class=\"mailpoet_checkbox\" id=\"mailpoet_checkbox_1\" name=\"data[cf_1]\" value=\"1\" checked=\"checked\"data-parsley-errors-container=\".mailpoet_error_28su9\" data-parsley-required=\"true\" required aria-required=\"true\" data-parsley-required-message=\"Este campo es obligatorio.\" data-parsley-group=\"custom_field_1\" \/> Confirmo que he le\u00eddo y comprendido la <a href=\"https:\/\/www.companhiaatlantica.pt\/es\/politica-privacidad\" target=\"_blank\">Pol\u00edtica de Privacidad<\/a>.<\/label><\/fieldset><span class=\"mailpoet_error_28su9\"><\/span><\/div>\n\n      <div class=\"mailpoet_message\">\n        <p class=\"mailpoet_validate_success\"\n                style=\"display:none;\"\n                >Verifica tu bandeja de entrada o carpeta de spam para confirmar tu suscripci\u00f3n.\n        <\/p>\n        <p class=\"mailpoet_validate_error\"\n                style=\"display:none;\"\n                >        <\/p>\n      <\/div>\n    <\/form>\n\n      <\/div>\n\n  \n\n\t\t<\/div>\n\t\t\t\t\t<\/div>\n\n\t\n<\/div>\n\t\t<\/div>\n\n\t\t\n<style>\n#section_586879122 {\n  padding-top: 0px;\n  padding-bottom: 0px;\n  background-color: rgb(206, 202, 188);\n}\n<\/style>\n\t<\/section>\n\t\n","protected":false},"excerpt":{"rendered":"","protected":false},"author":636,"featured_media":0,"parent":0,"menu_order":0,"comment_status":"closed","ping_status":"closed","template":"","meta":{"footnotes":""},"class_list":["post-64941","page","type-page","status-publish","hentry"],"_links":{"self":[{"href":"https:\/\/www.companhiaatlantica.pt\/es\/wp-json\/wp\/v2\/pages\/64941","targetHints":{"allow":["GET"]}}],"collection":[{"href":"https:\/\/www.companhiaatlantica.pt\/es\/wp-json\/wp\/v2\/pages"}],"about":[{"href":"https:\/\/www.companhiaatlantica.pt\/es\/wp-json\/wp\/v2\/types\/page"}],"author":[{"embeddable":true,"href":"https:\/\/www.companhiaatlantica.pt\/es\/wp-json\/wp\/v2\/users\/636"}],"replies":[{"embeddable":true,"href":"https:\/\/www.companhiaatlantica.pt\/es\/wp-json\/wp\/v2\/comments?post=64941"}],"version-history":[{"count":5,"href":"https:\/\/www.companhiaatlantica.pt\/es\/wp-json\/wp\/v2\/pages\/64941\/revisions"}],"predecessor-version":[{"id":69410,"href":"https:\/\/www.companhiaatlantica.pt\/es\/wp-json\/wp\/v2\/pages\/64941\/revisions\/69410"}],"wp:attachment":[{"href":"https:\/\/www.companhiaatlantica.pt\/es\/wp-json\/wp\/v2\/media?parent=64941"}],"curies":[{"name":"wp","href":"https:\/\/api.w.org\/{rel}","templated":true}]}}