{"id":88815,"date":"2026-05-05T09:29:48","date_gmt":"2026-05-05T08:29:48","guid":{"rendered":"https:\/\/www.companhiaatlantica.pt\/sustentabilidade"},"modified":"2026-05-05T12:51:27","modified_gmt":"2026-05-05T11:51:27","slug":"sustentabilidade","status":"publish","type":"page","link":"https:\/\/www.companhiaatlantica.pt\/es\/sustentabilidade","title":{"rendered":"Sostenibilidad"},"content":{"rendered":"\n\t<section class=\"section\" id=\"section_395418861\">\n\t\t<div class=\"section-bg fill\" >\n\t\t\t\t\t\t\t\t\t<div class=\"section-bg-overlay absolute fill\"><\/div>\n\t\t\t\n\n\t\t<\/div>\n\n\t\t\n\n\t\t<div class=\"section-content relative\">\n\t\t\t\n\n  <div class=\"banner has-hover\" id=\"banner-798757989\">\n          <div class=\"banner-inner fill\">\n        <div class=\"banner-bg fill\" >\n            <img loading=\"lazy\" decoding=\"async\" width=\"1350\" height=\"400\" src=\"https:\/\/www.companhiaatlantica.pt\/wp-content\/uploads\/2026\/05\/trees.jpg\" class=\"bg attachment-original size-original\" alt=\"\" title=\"\">                                    \n                    <\/div>\n\t\t\n        <div class=\"banner-layers container\">\n            <div class=\"fill banner-link\"><\/div>            \n   <div id=\"text-box-48454436\" class=\"text-box banner-layer x50 md-x50 lg-x50 y100 md-y100 lg-y100 res-text\">\n                                <div class=\"text-box-content text \">\n              \n              <div class=\"text-inner text-left\">\n                  \n\t<div id=\"text-3825667015\" class=\"text\">\n\t\t\n<h3 class=\"ws-h1\">Sostenibilidad<\/h3>\n\t\t\n<style>\n#text-3825667015 {\n  text-align: center;\n}\n<\/style>\n\t<\/div>\n\t\n              <\/div>\n           <\/div>\n                            \n<style>\n#text-box-48454436 .text-box-content {\n  background-color: rgb(255, 255, 255);\n  font-size: 100%;\n}\n#text-box-48454436 .text-inner {\n  padding: 25px 25px 3px 25px;\n}\n#text-box-48454436 {\n  width: 80%;\n}\n@media (min-width:550px) {\n  #text-box-48454436 .text-inner {\n    padding: 25px 35px 3px 34px;\n  }\n  #text-box-48454436 {\n    width: 54%;\n  }\n}\n@media (min-width:850px) {\n  #text-box-48454436 .text-inner {\n    padding: 25px 51px 3px 50px;\n  }\n}\n<\/style>\n    <\/div>\n \n        <\/div>\n      <\/div>\n\n            \n<style>\n#banner-798757989 {\n  padding-top: 400px;\n}\n<\/style>\n  <\/div>\n\n\n\t\t<\/div>\n\n\t\t\n<style>\n#section_395418861 {\n  padding-top: 0px;\n  padding-bottom: 0px;\n}\n#section_395418861 .section-bg-overlay {\n  background-color: rgba(0, 0, 0, 0.2);\n}\n<\/style>\n\t<\/section>\n\t\n\n\t<section class=\"section about-us\" id=\"section_13113357\">\n\t\t<div class=\"section-bg fill\" >\n\t\t\t\t\t\t\t\t\t\n\t\t\t\n\n\t\t<\/div>\n\n\t\t\n\n\t\t<div class=\"section-content relative\">\n\t\t\t\n<div class=\"row row-collapse\"  id=\"row-1117828723\">\n\n\t<div id=\"col-1122994406\" class=\"col medium-3 small-12 large-3\"  >\n\t\t\t\t<div class=\"col-inner\"  >\n\t\t\t\n\t\t\t\n\t<div id=\"gap-1172921447\" class=\"gap-element clearfix show-for-medium\" style=\"display:block; height:auto;\">\n\t\t\n<style>\n#gap-1172921447 {\n  padding-top: 35px;\n}\n<\/style>\n\t<\/div>\n\t\n\t\t<\/div>\n\t\t\t\t\t<\/div>\n\n\t\n\n\t<div id=\"col-502786858\" class=\"col medium-6 small-12 large-6\"  >\n\t\t\t\t<div class=\"col-inner\"  >\n\t\t\t\n\t\t\t\n<p style=\"text-align: center;\">En Companhia Atl\u00e2ntica, la sostenibilidad ocupa un lugar central en nuestra actividad. M\u00e1s que una iniciativa aislada, es un compromiso diario que gu\u00eda nuestra forma de operar, crecer y crear valor. En cada etapa de nuestra cadena de suministro, trabajamos para reducir los residuos, optimizar los recursos e implementar pr\u00e1cticas responsables que minimicen el impacto medioambiental.<\/p>\n\t<div id=\"gap-930537486\" class=\"gap-element clearfix\" style=\"display:block; height:auto;\">\n\t\t\n<style>\n#gap-930537486 {\n  padding-top: 30px;\n}\n@media (min-width:550px) {\n  #gap-930537486 {\n    padding-top: 50px;\n  }\n}\n<\/style>\n\t<\/div>\n\t\n\t\t<\/div>\n\t\t\t\t\n<style>\n#col-502786858 > .col-inner {\n  padding: 0 20px 0px 20px;\n}\n<\/style>\n\t<\/div>\n\n\t\n\n\t<div id=\"col-178594370\" class=\"col medium-3 small-12 large-3\"  >\n\t\t\t\t<div class=\"col-inner\"  >\n\t\t\t\n\t\t\t\n\t<div id=\"gap-932534646\" class=\"gap-element clearfix show-for-medium\" style=\"display:block; height:auto;\">\n\t\t\n<style>\n#gap-932534646 {\n  padding-top: 35px;\n}\n<\/style>\n\t<\/div>\n\t\n\t\t<\/div>\n\t\t\t\t\t<\/div>\n\n\t\n<\/div>\n<div class=\"row\"  id=\"row-1943159191\">\n\n\t<div id=\"col-1968830602\" class=\"col medium-6 small-12 large-6\"  >\n\t\t\t\t<div class=\"col-inner\"  >\n\t\t\t\n\t\t\t\n<h3 class=\"ws-h1\">Menos desperdicio, m\u00e1s aprovechamiento<\/h3>\n\t<div class=\"img has-hover x md-x lg-x y md-y lg-y\" id=\"image_547278452\">\n\t\t\t\t\t\t\t\t<div class=\"img-inner dark\" >\n\t\t\t<img loading=\"lazy\" decoding=\"async\" width=\"1020\" height=\"510\" src=\"https:\/\/www.companhiaatlantica.pt\/wp-content\/uploads\/2026\/05\/embalagem_reduz-1024x512.jpg\" class=\"attachment-large size-large\" alt=\"\" srcset=\"https:\/\/www.companhiaatlantica.pt\/wp-content\/uploads\/2026\/05\/embalagem_reduz-1024x512.jpg 1024w, https:\/\/www.companhiaatlantica.pt\/wp-content\/uploads\/2026\/05\/embalagem_reduz-400x200.jpg 400w, https:\/\/www.companhiaatlantica.pt\/wp-content\/uploads\/2026\/05\/embalagem_reduz-768x384.jpg 768w, https:\/\/www.companhiaatlantica.pt\/wp-content\/uploads\/2026\/05\/embalagem_reduz-900x450.jpg 900w, https:\/\/www.companhiaatlantica.pt\/wp-content\/uploads\/2026\/05\/embalagem_reduz.jpg 1080w\" sizes=\"auto, (max-width: 1020px) 100vw, 1020px\" title=\"\">\t\t\t\t\t\t\n\t\t\t\t\t<\/div>\n\t\t\t\t\t\t\t\t\n<style>\n#image_547278452 {\n  width: 100%;\n}\n<\/style>\n\t<\/div>\n\t\n<div class=\"is-divider divider clearfix\" style=\"margin-top:1px;margin-bottom:1px;max-width:200px;height:2px;background-color:rgb(30, 76, 122);\"><\/div>\n<p data-start=\"914\" data-end=\"1038\">Trabajamos constantemente para reducir el desperdicio de materiales. Siempre que es posible, damos una segunda vida a los recursos:<\/p>\n<ul>\n<li data-start=\"914\" data-end=\"1038\">Utilizamos <strong>cada vez m\u00e1s cart\u00f3n y materiales reciclables<\/strong>, en lugar de pl\u00e1stico PET<\/li>\n<li data-start=\"914\" data-end=\"1038\"><strong>Reciclamos pl\u00e1stico de burbujas<\/strong> para proteger los productos<\/li>\n<li data-start=\"914\" data-end=\"1038\"><strong>Trituramos cajas viejas<\/strong> para reutilizarlas como material de relleno<\/li>\n<li data-start=\"914\" data-end=\"1038\">Apostamos por envases adaptables, dise\u00f1ados para adaptarse a diferentes productos y reducir el <strong>exceso de material<\/strong><\/li>\n<\/ul>\n\t\t<\/div>\n\t\t\t\t\t<\/div>\n\n\t\n\n\t<div id=\"col-773179781\" class=\"col medium-6 small-12 large-6\"  >\n\t\t\t\t<div class=\"col-inner\"  >\n\t\t\t\n\t\t\t\n<h2 class=\"ws-h1\">Compromiso con la energ\u00eda y la eficiencia<\/h2>\n\t<div class=\"img has-hover hide-for-small x md-x lg-x y md-y lg-y\" id=\"image_74942585\">\n\t\t\t\t\t\t\t\t<div class=\"img-inner dark\" >\n\t\t\t<img loading=\"lazy\" decoding=\"async\" width=\"1020\" height=\"510\" src=\"https:\/\/www.companhiaatlantica.pt\/wp-content\/uploads\/2026\/05\/edif_hor-1024x512.jpg\" class=\"attachment-large size-large\" alt=\"\" srcset=\"https:\/\/www.companhiaatlantica.pt\/wp-content\/uploads\/2026\/05\/edif_hor-1024x512.jpg 1024w, https:\/\/www.companhiaatlantica.pt\/wp-content\/uploads\/2026\/05\/edif_hor-400x200.jpg 400w, https:\/\/www.companhiaatlantica.pt\/wp-content\/uploads\/2026\/05\/edif_hor-768x384.jpg 768w, https:\/\/www.companhiaatlantica.pt\/wp-content\/uploads\/2026\/05\/edif_hor-900x450.jpg 900w, https:\/\/www.companhiaatlantica.pt\/wp-content\/uploads\/2026\/05\/edif_hor.jpg 1080w\" sizes=\"auto, (max-width: 1020px) 100vw, 1020px\" title=\"\">\t\t\t\t\t\t\n\t\t\t\t\t<\/div>\n\t\t\t\t\t\t\t\t\n<style>\n#image_74942585 {\n  width: 100%;\n}\n<\/style>\n\t<\/div>\n\t\n<div class=\"is-divider divider clearfix\" style=\"margin-top:1px;margin-bottom:1px;max-width:200px;height:2px;background-color:rgb(30, 76, 122);\"><\/div>\n<p>En nuestro almac\u00e9n utilizamos <strong>paneles solares<\/strong>, lo que nos permite reducir la dependencia de la energ\u00eda procedente de fuentes no renovables y disminuir el impacto medioambiental de nuestras operaciones diarias. Esta apuesta por la energ\u00eda limpia forma parte de nuestro compromiso con un funcionamiento m\u00e1s eficiente y responsable.<\/p>\n\t\t<\/div>\n\t\t\t\t\t<\/div>\n\n\t\n<\/div>\n<div class=\"row\"  id=\"row-269014564\">\n\n\t<div id=\"col-576109409\" class=\"col small-12 large-12\"  >\n\t\t\t\t<div class=\"col-inner\"  >\n\t\t\t\n\t\t\t\n\t<div id=\"gap-1153813763\" class=\"gap-element clearfix\" style=\"display:block; height:auto;\">\n\t\t\n<style>\n#gap-1153813763 {\n  padding-top: 50px;\n}\n<\/style>\n\t<\/div>\n\t\n<h2 class=\"ws-h1\">Preferencia por los proveedores locales<\/h2>\n<div class=\"is-divider divider clearfix\" style=\"margin-top:1px;margin-bottom:1px;max-width:200px;height:2px;background-color:rgb(30, 76, 122);\"><\/div>\n<p data-start=\"914\" data-end=\"1038\">Siempre que es posible, trabajamos con <strong>proveedores locales<\/strong>, lo que reduce las distancias de transporte, disminuye las emisiones asociadas a la log\u00edstica y contribuye al desarrollo de la econom\u00eda local.<\/p>\n\t<div class=\"img has-hover x md-x lg-x y md-y lg-y\" id=\"image_929794802\">\n\t\t\t\t\t\t\t\t<div class=\"img-inner dark\" >\n\t\t\t<img loading=\"lazy\" decoding=\"async\" width=\"1020\" height=\"510\" src=\"https:\/\/www.companhiaatlantica.pt\/wp-content\/uploads\/2026\/05\/carrinha_hor-1024x512.jpg\" class=\"attachment-large size-large\" alt=\"\" srcset=\"https:\/\/www.companhiaatlantica.pt\/wp-content\/uploads\/2026\/05\/carrinha_hor-1024x512.jpg 1024w, https:\/\/www.companhiaatlantica.pt\/wp-content\/uploads\/2026\/05\/carrinha_hor-400x200.jpg 400w, https:\/\/www.companhiaatlantica.pt\/wp-content\/uploads\/2026\/05\/carrinha_hor-768x384.jpg 768w, https:\/\/www.companhiaatlantica.pt\/wp-content\/uploads\/2026\/05\/carrinha_hor-900x450.jpg 900w, https:\/\/www.companhiaatlantica.pt\/wp-content\/uploads\/2026\/05\/carrinha_hor.jpg 1080w\" sizes=\"auto, (max-width: 1020px) 100vw, 1020px\" title=\"\">\t\t\t\t\t\t\n\t\t\t\t\t<\/div>\n\t\t\t\t\t\t\t\t\n<style>\n#image_929794802 {\n  width: 100%;\n}\n<\/style>\n\t<\/div>\n\t\n\t<div id=\"gap-1006947774\" class=\"gap-element clearfix\" style=\"display:block; height:auto;\">\n\t\t\n<style>\n#gap-1006947774 {\n  padding-top: 50px;\n}\n<\/style>\n\t<\/div>\n\t\n<h2 class=\"ws-h1\">Nuestro proceso sostenible<\/h2>\n<div class=\"is-divider divider clearfix\" style=\"margin-top:1em;margin-bottom:1em;max-width:200px;height:2px;background-color:rgb(30, 76, 122);\"><\/div>\n\t<div class=\"box has-hover   has-hover box-none box-text-bottom\" >\n\n\t\t<div class=\"box-image\" style=\"width:84%;\">\n\t\t\t\t\t\t<div class=\"\" >\n\t\t\t\t<img loading=\"lazy\" decoding=\"async\" width=\"2560\" height=\"634\" src=\"https:\/\/www.companhiaatlantica.pt\/wp-content\/uploads\/2021\/09\/quem_somos_vetor_1-01-1-scaled.jpg\" class=\"attachment-original size-original\" alt=\"\" srcset=\"https:\/\/www.companhiaatlantica.pt\/wp-content\/uploads\/2021\/09\/quem_somos_vetor_1-01-1-scaled.jpg 2560w, https:\/\/www.companhiaatlantica.pt\/wp-content\/uploads\/2021\/09\/quem_somos_vetor_1-01-1-scaled-900x223.jpg 900w, https:\/\/www.companhiaatlantica.pt\/wp-content\/uploads\/2021\/09\/quem_somos_vetor_1-01-1-300x74.jpg 300w, https:\/\/www.companhiaatlantica.pt\/wp-content\/uploads\/2021\/09\/quem_somos_vetor_1-01-1-1024x254.jpg 1024w, https:\/\/www.companhiaatlantica.pt\/wp-content\/uploads\/2021\/09\/quem_somos_vetor_1-01-1-768x190.jpg 768w, https:\/\/www.companhiaatlantica.pt\/wp-content\/uploads\/2021\/09\/quem_somos_vetor_1-01-1-1536x381.jpg 1536w, https:\/\/www.companhiaatlantica.pt\/wp-content\/uploads\/2021\/09\/quem_somos_vetor_1-01-1-2048x507.jpg 2048w, https:\/\/www.companhiaatlantica.pt\/wp-content\/uploads\/2021\/09\/quem_somos_vetor_1-01-1-600x149.jpg 600w\" sizes=\"auto, (max-width: 2560px) 100vw, 2560px\" title=\"\">\t\t\t\t\t\t\t\t\t\t\t<\/div>\n\t\t\t\t\t<\/div>\n\n\t\t<div class=\"box-text text-center\" >\n\t\t\t<div class=\"box-text-inner\">\n\t\t\t\t\n<h4>A title<\/h4>\n<p>Image Box text<\/p>\n\t\t\t<\/div>\n\t\t<\/div>\n\t<\/div>\n\t\n\t<div id=\"gap-1216343808\" class=\"gap-element clearfix\" style=\"display:block; height:auto;\">\n\t\t\n<style>\n#gap-1216343808 {\n  padding-top: 50px;\n}\n<\/style>\n\t<\/div>\n\t\n<h3 class=\"ws-h1\">Responsabilidad social y medioambiental<\/h3>\n<div class=\"is-divider divider clearfix\" style=\"margin-top:1em;margin-bottom:1em;max-width:200px;height:2px;background-color:rgb(30, 76, 122);\"><\/div>\n<p>Somos un equipo creativo comprometido con las cuestiones medioambientales y sociales, presente en todas las fases, desde el dise\u00f1o y la producci\u00f3n hasta el envasado de los productos.<\/p>\n<p>Para ello, desarrollamos soluciones ecol\u00f3gicamente sostenibles, combin\u00e1ndolas con dise\u00f1os sencillos y envases respetuosos con el medio ambiente; adem\u00e1s, colaboramos con instituciones que promueven activamente la inclusi\u00f3n social.<\/p>\n\t<div class=\"box has-hover  hide-for-small has-hover box-none box-text-bottom\" >\n\n\t\t<div class=\"box-image\" style=\"width:84%;\">\n\t\t\t\t\t\t<div class=\"\" >\n\t\t\t\t<img loading=\"lazy\" decoding=\"async\" width=\"2560\" height=\"634\" src=\"https:\/\/www.companhiaatlantica.pt\/wp-content\/uploads\/2021\/09\/quem_somos_vetor_2-01-scaled.jpg\" class=\"attachment-original size-original\" alt=\"\" srcset=\"https:\/\/www.companhiaatlantica.pt\/wp-content\/uploads\/2021\/09\/quem_somos_vetor_2-01-scaled.jpg 2560w, https:\/\/www.companhiaatlantica.pt\/wp-content\/uploads\/2021\/09\/quem_somos_vetor_2-01-scaled-900x223.jpg 900w, https:\/\/www.companhiaatlantica.pt\/wp-content\/uploads\/2021\/09\/quem_somos_vetor_2-01-300x74.jpg 300w, https:\/\/www.companhiaatlantica.pt\/wp-content\/uploads\/2021\/09\/quem_somos_vetor_2-01-1024x254.jpg 1024w, https:\/\/www.companhiaatlantica.pt\/wp-content\/uploads\/2021\/09\/quem_somos_vetor_2-01-768x190.jpg 768w, https:\/\/www.companhiaatlantica.pt\/wp-content\/uploads\/2021\/09\/quem_somos_vetor_2-01-1536x381.jpg 1536w, https:\/\/www.companhiaatlantica.pt\/wp-content\/uploads\/2021\/09\/quem_somos_vetor_2-01-2048x507.jpg 2048w, https:\/\/www.companhiaatlantica.pt\/wp-content\/uploads\/2021\/09\/quem_somos_vetor_2-01-600x149.jpg 600w\" sizes=\"auto, (max-width: 2560px) 100vw, 2560px\" title=\"\">\t\t\t\t\t\t\t\t\t\t\t<\/div>\n\t\t\t\t\t<\/div>\n\n\t\t<div class=\"box-text text-center\" >\n\t\t\t<div class=\"box-text-inner\">\n\t\t\t\t\n<h4>A title<\/h4>\n<p>Image Box text<\/p>\n\t\t\t<\/div>\n\t\t<\/div>\n\t<\/div>\n\t\n\t<div id=\"gap-1457970274\" class=\"gap-element clearfix\" style=\"display:block; height:auto;\">\n\t\t\n<style>\n#gap-1457970274 {\n  padding-top: 50px;\n}\n<\/style>\n\t<\/div>\n\t\n\t\t<\/div>\n\t\t\t\t\t<\/div>\n\n\t\n<\/div>\n\t\t<\/div>\n\n\t\t\n<style>\n#section_13113357 {\n  padding-top: 10px;\n  padding-bottom: 10px;\n}\n<\/style>\n\t<\/section>\n\t\n\t<div class=\"box has-hover  show-for-small has-hover box-none box-text-bottom\" >\n\n\t\t<div class=\"box-image\" >\n\t\t\t\t\t\t<div class=\"\" >\n\t\t\t\t<img loading=\"lazy\" decoding=\"async\" width=\"2560\" height=\"634\" src=\"https:\/\/www.companhiaatlantica.pt\/wp-content\/uploads\/2021\/09\/quem_somos_vetor_2-01-scaled.jpg\" class=\"attachment-original size-original\" alt=\"\" srcset=\"https:\/\/www.companhiaatlantica.pt\/wp-content\/uploads\/2021\/09\/quem_somos_vetor_2-01-scaled.jpg 2560w, https:\/\/www.companhiaatlantica.pt\/wp-content\/uploads\/2021\/09\/quem_somos_vetor_2-01-scaled-900x223.jpg 900w, https:\/\/www.companhiaatlantica.pt\/wp-content\/uploads\/2021\/09\/quem_somos_vetor_2-01-300x74.jpg 300w, https:\/\/www.companhiaatlantica.pt\/wp-content\/uploads\/2021\/09\/quem_somos_vetor_2-01-1024x254.jpg 1024w, https:\/\/www.companhiaatlantica.pt\/wp-content\/uploads\/2021\/09\/quem_somos_vetor_2-01-768x190.jpg 768w, https:\/\/www.companhiaatlantica.pt\/wp-content\/uploads\/2021\/09\/quem_somos_vetor_2-01-1536x381.jpg 1536w, https:\/\/www.companhiaatlantica.pt\/wp-content\/uploads\/2021\/09\/quem_somos_vetor_2-01-2048x507.jpg 2048w, https:\/\/www.companhiaatlantica.pt\/wp-content\/uploads\/2021\/09\/quem_somos_vetor_2-01-600x149.jpg 600w\" sizes=\"auto, (max-width: 2560px) 100vw, 2560px\" title=\"\">\t\t\t\t\t\t\t\t\t\t\t<\/div>\n\t\t\t\t\t<\/div>\n\n\t\t<div class=\"box-text text-center\" >\n\t\t\t<div class=\"box-text-inner\">\n\t\t\t\t\n<h4>A title<\/h4>\n<p>Image Box text<\/p>\n\t\t\t<\/div>\n\t\t<\/div>\n\t<\/div>\n\t\n","protected":false},"excerpt":{"rendered":"","protected":false},"author":636,"featured_media":0,"parent":0,"menu_order":0,"comment_status":"closed","ping_status":"closed","template":"","meta":{"footnotes":""},"class_list":["post-88815","page","type-page","status-publish","hentry"],"_links":{"self":[{"href":"https:\/\/www.companhiaatlantica.pt\/es\/wp-json\/wp\/v2\/pages\/88815","targetHints":{"allow":["GET"]}}],"collection":[{"href":"https:\/\/www.companhiaatlantica.pt\/es\/wp-json\/wp\/v2\/pages"}],"about":[{"href":"https:\/\/www.companhiaatlantica.pt\/es\/wp-json\/wp\/v2\/types\/page"}],"author":[{"embeddable":true,"href":"https:\/\/www.companhiaatlantica.pt\/es\/wp-json\/wp\/v2\/users\/636"}],"replies":[{"embeddable":true,"href":"https:\/\/www.companhiaatlantica.pt\/es\/wp-json\/wp\/v2\/comments?post=88815"}],"version-history":[{"count":4,"href":"https:\/\/www.companhiaatlantica.pt\/es\/wp-json\/wp\/v2\/pages\/88815\/revisions"}],"predecessor-version":[{"id":88829,"href":"https:\/\/www.companhiaatlantica.pt\/es\/wp-json\/wp\/v2\/pages\/88815\/revisions\/88829"}],"wp:attachment":[{"href":"https:\/\/www.companhiaatlantica.pt\/es\/wp-json\/wp\/v2\/media?parent=88815"}],"curies":[{"name":"wp","href":"https:\/\/api.w.org\/{rel}","templated":true}]}}