{"id":40697,"date":"2019-07-10T10:42:15","date_gmt":"2019-07-10T09:42:15","guid":{"rendered":"https:\/\/companhiaatlantica.pt\/contactos"},"modified":"2024-09-06T15:28:45","modified_gmt":"2024-09-06T14:28:45","slug":"contact","status":"publish","type":"page","link":"https:\/\/www.companhiaatlantica.pt\/fr\/contact","title":{"rendered":"Contact"},"content":{"rendered":"\n\t<section class=\"section\" id=\"section_691005590\">\n\t\t<div class=\"section-bg fill\" >\n\t\t\t\t\t\t\t\t\t<div class=\"section-bg-overlay absolute fill\"><\/div>\n\t\t\t\n\n\t\t<\/div>\n\n\t\t\n\n\t\t<div class=\"section-content relative\">\n\t\t\t\n\n  <div class=\"banner has-hover\" id=\"banner-269298081\">\n          <div class=\"banner-inner fill\">\n        <div class=\"banner-bg fill\" >\n            <img loading=\"lazy\" decoding=\"async\" width=\"1920\" height=\"550\" src=\"https:\/\/www.companhiaatlantica.pt\/wp-content\/uploads\/2019\/07\/hero-contactos.jpg\" class=\"bg attachment-original size-original\" alt=\"\" title=\"\">                                    \n                    <\/div>\n\t\t\n        <div class=\"banner-layers container\">\n            <div class=\"fill banner-link\"><\/div>            \n   <div id=\"text-box-597786954\" class=\"text-box banner-layer x50 md-x50 lg-x50 y100 md-y100 lg-y100 res-text\">\n                                <div class=\"text-box-content text \">\n              \n              <div class=\"text-inner text-left\">\n                  \n<h1 class=\"ws-h1\">Contact<\/h1>\n<div class=\"is-divider divider clearfix\" style=\"margin-top:1.3em;margin-bottom:1.3em;max-width:200px;height:2px;background-color:rgb(30, 76, 122);\"><\/div>\n              <\/div>\n           <\/div>\n                            \n<style>\n#text-box-597786954 .text-box-content {\n  background-color: rgb(255, 255, 255);\n  font-size: 100%;\n}\n#text-box-597786954 .text-inner {\n  padding: 25px 25px 3px 25px;\n}\n#text-box-597786954 {\n  width: 80%;\n}\n@media (min-width:550px) {\n  #text-box-597786954 .text-inner {\n    padding: 25px 35px 3px 34px;\n  }\n  #text-box-597786954 {\n    width: 54%;\n  }\n}\n@media (min-width:850px) {\n  #text-box-597786954 .text-inner {\n    padding: 25px 51px 3px 50px;\n  }\n}\n<\/style>\n    <\/div>\n \n        <\/div>\n      <\/div>\n\n            \n<style>\n#banner-269298081 {\n  padding-top: 400px;\n}\n<\/style>\n  <\/div>\n\n\n\t\t<\/div>\n\n\t\t\n<style>\n#section_691005590 {\n  padding-top: 0px;\n  padding-bottom: 0px;\n}\n#section_691005590 .section-bg-overlay {\n  background-color: rgba(0, 0, 0, 0.2);\n}\n<\/style>\n\t<\/section>\n\t\n\n\t<section class=\"section\" id=\"section_594964273\">\n\t\t<div class=\"section-bg fill\" >\n\t\t\t\t\t\t\t\t\t\n\t\t\t\n\n\t\t<\/div>\n\n\t\t\n\n\t\t<div class=\"section-content relative\">\n\t\t\t\n<div class=\"row row-collapse\"  id=\"row-1154984826\">\n\n\t<div id=\"col-1388548482\" class=\"col medium-3 small-12 large-3\"  >\n\t\t\t\t<div class=\"col-inner\"  >\n\t\t\t\n\t\t\t\n\t<div id=\"gap-1913794344\" class=\"gap-element clearfix show-for-medium\" style=\"display:block; height:auto;\">\n\t\t\n<style>\n#gap-1913794344 {\n  padding-top: 35px;\n}\n<\/style>\n\t<\/div>\n\t\n\t\t<\/div>\n\t\t\t\t\t<\/div>\n\n\t\n\n\t<div id=\"col-951358423\" class=\"col medium-6 small-12 large-6\"  >\n\t\t\t\t<div class=\"col-inner\"  >\n\t\t\t\n\t\t\t\n<p>Si vous souhaitez obtenir plus d&#8217;informations sur nos produits, veuillez contacter notre soci\u00e9t\u00e9 aux num\u00e9ros disponibles ou en remplissant le formulaire suivant.<\/p>\n\t\t<\/div>\n\t\t\t\t\n<style>\n#col-951358423 > .col-inner {\n  padding: 0 20px 0px 20px;\n}\n<\/style>\n\t<\/div>\n\n\t\n<\/div>\n\t\t<\/div>\n\n\t\t\n<style>\n#section_594964273 {\n  padding-top: 10px;\n  padding-bottom: 10px;\n}\n<\/style>\n\t<\/section>\n\t\n\n\t<section class=\"section\" id=\"section_1098344759\">\n\t\t<div class=\"section-bg fill\" >\n\t\t\t\t\t\t\t\t\t\n\t\t\t\n\n\t\t<\/div>\n\n\t\t\n\n\t\t<div class=\"section-content relative\">\n\t\t\t\n<div class=\"row\"  id=\"row-2038321083\">\n\n\t<div id=\"col-54283512\" class=\"col medium-6 small-12 large-6\"  >\n\t\t\t\t<div class=\"col-inner\"  >\n\t\t\t\n\t\t\t\n\n<div class=\"wpcf7 no-js\" id=\"wpcf7-f46151-o1\" lang=\"pt-PT\" dir=\"ltr\" data-wpcf7-id=\"46151\">\n<div class=\"screen-reader-response\"><p role=\"status\" aria-live=\"polite\" aria-atomic=\"true\"><\/p> <ul><\/ul><\/div>\n<form action=\"\/fr\/wp-json\/wp\/v2\/pages\/40697#wpcf7-f46151-o1\" method=\"post\" class=\"wpcf7-form init\" aria-label=\"Formul\u00e1rio de contacto\" novalidate=\"novalidate\" data-status=\"init\">\n<fieldset class=\"hidden-fields-container\"><input type=\"hidden\" name=\"_wpcf7\" value=\"46151\" \/><input type=\"hidden\" name=\"_wpcf7_version\" value=\"6.1.5\" \/><input type=\"hidden\" name=\"_wpcf7_locale\" value=\"pt_PT\" \/><input type=\"hidden\" name=\"_wpcf7_unit_tag\" value=\"wpcf7-f46151-o1\" \/><input type=\"hidden\" name=\"_wpcf7_container_post\" value=\"0\" \/><input type=\"hidden\" name=\"_wpcf7_posted_data_hash\" value=\"\" \/>\n<\/fieldset>\n<div>\n\t<p><span class=\"wpcf7-form-control-wrap\" data-name=\"your-name\"><input size=\"40\" maxlength=\"400\" class=\"wpcf7-form-control wpcf7-text wpcf7-validates-as-required\" aria-required=\"true\" aria-invalid=\"false\" placeholder=\"Nom*\" value=\"\" type=\"text\" name=\"your-name\" \/><\/span>\n\t<\/p>\n<\/div>\n<div class=\"two_columns_50_50 clearfix\">\n\t<div class=\"column1\">\n\t\t<div class=\"column_inner\">\n\t\t\t<p><span class=\"wpcf7-form-control-wrap\" data-name=\"your-phone\"><input size=\"40\" maxlength=\"400\" class=\"wpcf7-form-control wpcf7-tel wpcf7-validates-as-required wpcf7-text wpcf7-validates-as-tel\" aria-required=\"true\" aria-invalid=\"false\" placeholder=\"T\u00e9l\u00e9phone\" value=\"\" type=\"tel\" name=\"your-phone\" \/><\/span>\n\t\t\t<\/p>\n\t\t<\/div>\n\t<\/div>\n\t<div class=\"column2\">\n\t\t<div class=\"column_inner\">\n\t\t\t<p><span class=\"wpcf7-form-control-wrap\" data-name=\"your-email\"><input size=\"40\" maxlength=\"400\" class=\"wpcf7-form-control wpcf7-email wpcf7-validates-as-required wpcf7-text wpcf7-validates-as-email\" aria-required=\"true\" aria-invalid=\"false\" placeholder=\"Email*\" value=\"\" type=\"email\" name=\"your-email\" \/><\/span>\n\t\t\t<\/p>\n\t\t<\/div>\n\t<\/div>\n<\/div>\n<div>\n\t<p><span class=\"wpcf7-form-control-wrap\" data-name=\"your-message\"><textarea cols=\"40\" rows=\"3\" maxlength=\"2000\" class=\"wpcf7-form-control wpcf7-textarea\" aria-invalid=\"false\" placeholder=\"Message...\" name=\"your-message\"><\/textarea><\/span>\n\t<\/p>\n<\/div>\n<div style=\"margin-bottom:10px;\">\n\t<p style=\"font-size:12;line-height:20px;\"><br \/>\nLes donn\u00e9es personnelles fournies ne sont utilis\u00e9es que pour r\u00e9pondre aux questions pos\u00e9es.<br \/>\nVoir notre <a style=\"font-size:12;line-height:16px;\" href=\"https:\/\/www.companhiaatlantica.pt\/fr\/politique-de-confidentialite\" target=\"_blank\">Politique de Confidentialit\u00e9<\/a>.\n\t<\/p>\n<\/div>\n<div class=\"ws_button\">\n\t<p><input class=\"wpcf7-form-control wpcf7-submit has-spinner\" type=\"submit\" value=\"CONTACTEZ\" \/>\n\t<\/p>\n<\/div><div class=\"wpcf7-response-output\" aria-hidden=\"true\"><\/div>\n<\/form>\n<\/div>\n\n\t\t<\/div>\n\t\t\t\t\t<\/div>\n\n\t\n\n\t<div id=\"col-1431457212\" class=\"col medium-6 small-12 large-6\"  >\n\t\t\t\t<div class=\"col-inner\"  >\n\t\t\t\n\t\t\t\n<h6><strong>Adresse<\/strong><\/h6>\n<p>Takenet Unipessoal Ld.\u00aa<br \/>\nRua Comandante Jo\u00e3o Belo<br \/>\nn.\u00ba 45, 3.\u00ba Esquerdo<br \/>\n2400-159, Leiria<\/p>\n\t<div id=\"gap-1886593566\" class=\"gap-element clearfix\" style=\"display:block; height:auto;\">\n\t\t\n<style>\n#gap-1886593566 {\n  padding-top: 10px;\n}\n<\/style>\n\t<\/div>\n\t\n<h6><strong>Courrier \u00e9lectronique<\/strong><\/h6>\n<p><a href=\"mailto: info@companhiaatlantica.pt;\"> info@companhiaatlantica.pt <\/a><\/p>\n\t<div id=\"gap-1997131083\" class=\"gap-element clearfix\" style=\"display:block; height:auto;\">\n\t\t\n<style>\n#gap-1997131083 {\n  padding-top: 10px;\n}\n<\/style>\n\t<\/div>\n\t\n<h6><strong>T\u00e9l\u00e9phone<\/strong><\/h6>\n<p><a href=\"tel:+351244049402;\"> (351) 244 049 402 <\/a> <br \/><small>(Appel vers le r\u00e9seau fixe national) <br \/>Service : Jours ouvrables 9:00-18:00 (UTC+00:00)<\/small><\/p>\n\t<div id=\"gap-1550075886\" class=\"gap-element clearfix\" style=\"display:block; height:auto;\">\n\t\t\n<style>\n#gap-1550075886 {\n  padding-top: 10px;\n}\n<\/style>\n\t<\/div>\n\t\n<h6><strong>R\u00e9seaux sociaux<\/strong><\/h6>\n<div class=\"social-icons follow-icons\" ><a href=\"https:\/\/www.facebook.com\/CompanhiaAtlantica\/\" target=\"_blank\" data-label=\"Facebook\" class=\"icon button circle is-outline tooltip facebook\" title=\"Nous suivre sur Facebook\" aria-label=\"Nous suivre sur Facebook\" rel=\"noopener nofollow\"><i class=\"icon-facebook\" aria-hidden=\"true\"><\/i><\/a><a href=\"https:\/\/www.instagram.com\/ca_atlantica\/\" target=\"_blank\" data-label=\"Instagram\" class=\"icon button circle is-outline tooltip instagram\" title=\"Nous suivre sur Instagram\" aria-label=\"Nous suivre sur Instagram\" rel=\"noopener nofollow\"><i class=\"icon-instagram\" aria-hidden=\"true\"><\/i><\/a><a href=\"https:\/\/pt.pinterest.com\/caatlantica\/\" data-label=\"Pinterest\" target=\"_blank\" class=\"icon button circle is-outline tooltip pinterest\" title=\"Nous suivre sur Pinterest\" aria-label=\"Nous suivre sur Pinterest\" rel=\"noopener nofollow\"><i class=\"icon-pinterest\" aria-hidden=\"true\"><\/i><\/a><a href=\"https:\/\/www.linkedin.com\/showcase\/companhia-atl%C3%A2ntica\/?originalSubdomain=pt\" data-label=\"LinkedIn\" target=\"_blank\" class=\"icon button circle is-outline tooltip linkedin\" title=\"Nous suivre sur LinkedIn\" aria-label=\"Nous suivre sur LinkedIn\" rel=\"noopener nofollow\"><i class=\"icon-linkedin\" aria-hidden=\"true\"><\/i><\/a><a href=\"https:\/\/www.youtube.com\/channel\/UCYDhj4MYcTZWbDZJO9S6E1Q\" data-label=\"YouTube\" target=\"_blank\" class=\"icon button circle is-outline tooltip youtube\" title=\"Nous suivre sur Youtube\" aria-label=\"Nous suivre sur Youtube\" rel=\"noopener nofollow\"><i class=\"icon-youtube\" aria-hidden=\"true\"><\/i><\/a><\/div>\n\t\t<\/div>\n\t\t\t\t\t<\/div>\n\n\t\n<\/div>\n\t\t<\/div>\n\n\t\t\n<style>\n#section_1098344759 {\n  padding-top: 30px;\n  padding-bottom: 30px;\n}\n<\/style>\n\t<\/section>\n\t\n\n\t<section class=\"section\" id=\"section_1660572914\">\n\t\t<div class=\"section-bg fill\" >\n\t\t\t\t\t\t\t\t\t\n\t\t\t\n\n\t\t<\/div>\n\n\t\t\n\n\t\t<div class=\"section-content relative\">\n\t\t\t\n<p><iframe loading=\"lazy\" style=\"border: 0;\" src=\"https:\/\/www.google.com\/maps\/embed?pb=!1m18!1m12!1m3!1d3067.8352359314936!2d-8.81173654876281!3d39.743351779348174!2m3!1f0!2f0!3f0!3m2!1i1024!2i768!4f13.1!3m3!1m2!1s0xd2273695b3aad3f%3A0x843d593a0d82bc5c!2sR.+Cmte.+Jo%C3%A3o+Belo%2C+2400-159+Leiria!5e0!3m2!1spt-BR!2spt!4v1563196257207!5m2!1spt-BR!2spt\" width=\"100%\" height=\"450\" frameborder=\"0\" allowfullscreen=\"allowfullscreen\"><\/iframe><\/p>\n\t\t<\/div>\n\n\t\t\n<style>\n#section_1660572914 {\n  padding-top: 0px;\n  padding-bottom: 0px;\n  margin-bottom: -25px;\n}\n<\/style>\n\t<\/section>\n\t\n","protected":false},"excerpt":{"rendered":"","protected":false},"author":1,"featured_media":0,"parent":0,"menu_order":0,"comment_status":"closed","ping_status":"closed","template":"page-blank.php","meta":{"footnotes":""},"class_list":["post-40697","page","type-page","status-publish","hentry"],"_links":{"self":[{"href":"https:\/\/www.companhiaatlantica.pt\/fr\/wp-json\/wp\/v2\/pages\/40697","targetHints":{"allow":["GET"]}}],"collection":[{"href":"https:\/\/www.companhiaatlantica.pt\/fr\/wp-json\/wp\/v2\/pages"}],"about":[{"href":"https:\/\/www.companhiaatlantica.pt\/fr\/wp-json\/wp\/v2\/types\/page"}],"author":[{"embeddable":true,"href":"https:\/\/www.companhiaatlantica.pt\/fr\/wp-json\/wp\/v2\/users\/1"}],"replies":[{"embeddable":true,"href":"https:\/\/www.companhiaatlantica.pt\/fr\/wp-json\/wp\/v2\/comments?post=40697"}],"version-history":[{"count":5,"href":"https:\/\/www.companhiaatlantica.pt\/fr\/wp-json\/wp\/v2\/pages\/40697\/revisions"}],"predecessor-version":[{"id":64010,"href":"https:\/\/www.companhiaatlantica.pt\/fr\/wp-json\/wp\/v2\/pages\/40697\/revisions\/64010"}],"wp:attachment":[{"href":"https:\/\/www.companhiaatlantica.pt\/fr\/wp-json\/wp\/v2\/media?parent=40697"}],"curies":[{"name":"wp","href":"https:\/\/api.w.org\/{rel}","templated":true}]}}