{"id":42298,"date":"2022-08-16T11:26:11","date_gmt":"2022-08-16T10:26:11","guid":{"rendered":"https:\/\/companhiaatlantica.pt\/fragrancias"},"modified":"2024-10-04T12:59:49","modified_gmt":"2024-10-04T11:59:49","slug":"fragrances","status":"publish","type":"page","link":"https:\/\/www.companhiaatlantica.pt\/fr\/fragrances","title":{"rendered":"Fragrances"},"content":{"rendered":"\n  <div class=\"banner has-hover\" id=\"banner-1543363951\">\n          <div class=\"banner-inner fill\">\n        <div class=\"banner-bg fill\" >\n            <img loading=\"lazy\" decoding=\"async\" width=\"1600\" height=\"342\" src=\"https:\/\/www.companhiaatlantica.pt\/wp-content\/uploads\/2024\/10\/azulejo_banner_lp.jpg\" class=\"bg attachment-original size-original\" alt=\"\" title=\"\">                        <div class=\"overlay\"><\/div>            \n                    <\/div>\n\t\t\n        <div class=\"banner-layers container\">\n            <div class=\"fill banner-link\"><\/div>            \n   <div id=\"text-box-501970575\" class=\"text-box banner-layer x50 md-x50 lg-x50 y50 md-y50 lg-y50 res-text\">\n                                <div class=\"text-box-content text dark\">\n              \n              <div class=\"text-inner text-center\">\n                  \n<h1 class=\"uppercase thin-font\" style=\"font-size: 36px;\">FRAGRANCES<\/h1>\n              <\/div>\n           <\/div>\n                            \n<style>\n#text-box-501970575 {\n  width: 60%;\n}\n#text-box-501970575 .text-box-content {\n  font-size: 100%;\n}\n<\/style>\n    <\/div>\n \n        <\/div>\n      <\/div>\n\n            \n<style>\n#banner-1543363951 {\n  padding-top: 250px;\n}\n#banner-1543363951 .overlay {\n  background-color: rgba(0, 0, 0, 0.3);\n}\n<\/style>\n  <\/div>\n\n\n<div class=\"row\"  id=\"row-1341148670\">\n\n\t<div id=\"col-1214254272\" class=\"col small-12 large-12\"  >\n\t\t\t\t<div class=\"col-inner\"  >\n\t\t\t\n\t\t\t\n<p>Lorsque vous choisissez un parfum de Companhia Atlantica, il est important de tenir compte de sa durabilit\u00e9, de sa fixation et de son intensit\u00e9. Certains parfums sont plus l\u00e9gers et conviennent \u00e0 un usage quotidien, tandis que d&#8217;autres sont plus intenses et recommand\u00e9s pour les occasions sp\u00e9ciales. En outre, il est important de tenir compte de vos go\u00fbts personnels et de la mani\u00e8re dont le parfum s&#8217;adapte \u00e0 la chimie de votre corps, car chaque personne peut r\u00e9agir diff\u00e9remment aux notes parfum\u00e9es.<\/p>\n\t\t<\/div>\n\t\t\t\t\t<\/div>\n\n\t\n<\/div>\n<div class=\"row\"  id=\"row-810422904\">\n\n\t<div id=\"col-2053367274\" class=\"col medium-4 small-12 large-4\"  >\n\t\t\t\t<div class=\"col-inner\"  >\n\t\t\t\n\t\t\t\n\t<div class=\"box has-hover   has-hover box-text-bottom\" >\n\n\t\t<div class=\"box-image\" >\n\t\t\t<a href=\"\/fr\/bougies-diffuseur-de-parfum\" >\t\t\t<div class=\"\" >\n\t\t\t\t<img loading=\"lazy\" decoding=\"async\" width=\"800\" height=\"800\" src=\"https:\/\/www.companhiaatlantica.pt\/wp-content\/uploads\/2024\/03\/140-162-alicatos.jpg\" class=\"attachment- size-\" alt=\"\" srcset=\"https:\/\/www.companhiaatlantica.pt\/wp-content\/uploads\/2024\/03\/140-162-alicatos.jpg 800w, https:\/\/www.companhiaatlantica.pt\/wp-content\/uploads\/2024\/03\/140-162-alicatos-700x700.jpg 700w, https:\/\/www.companhiaatlantica.pt\/wp-content\/uploads\/2024\/03\/140-162-alicatos-100x100.jpg 100w, https:\/\/www.companhiaatlantica.pt\/wp-content\/uploads\/2024\/03\/140-162-alicatos-400x400.jpg 400w, https:\/\/www.companhiaatlantica.pt\/wp-content\/uploads\/2024\/03\/140-162-alicatos-350x350.jpg 350w, https:\/\/www.companhiaatlantica.pt\/wp-content\/uploads\/2024\/03\/140-162-alicatos-768x768.jpg 768w, https:\/\/www.companhiaatlantica.pt\/wp-content\/uploads\/2024\/03\/140-162-alicatos-600x600.jpg 600w\" sizes=\"auto, (max-width: 800px) 100vw, 800px\" title=\"\">\t\t\t\t\t\t\t\t\t\t\t<\/div>\n\t\t\t<\/a>\t\t<\/div>\n\n\t\t<div class=\"box-text text-center\" >\n\t\t\t<div class=\"box-text-inner\">\n\t\t\t\t\n<h4>BOUGIES ET DIFFUSEURS<\/h4>\n\t\t\t<\/div>\n\t\t<\/div>\n\t<\/div>\n\t\n\t\t<\/div>\n\t\t\t\t\t<\/div>\n\n\t\n\n\t<div id=\"col-1796550063\" class=\"col medium-4 small-12 large-4\"  >\n\t\t\t\t<div class=\"col-inner\"  >\n\t\t\t\n\t\t\t\n\t<div class=\"box has-hover   has-hover box-text-bottom\" >\n\n\t\t<div class=\"box-image\" >\n\t\t\t<a href=\"\/fr\/soins-du-corps\" >\t\t\t<div class=\"\" >\n\t\t\t\t<img loading=\"lazy\" decoding=\"async\" width=\"1000\" height=\"1000\" src=\"https:\/\/www.companhiaatlantica.pt\/wp-content\/uploads\/2022\/12\/24_1.jpg\" class=\"attachment- size-\" alt=\"\" srcset=\"https:\/\/www.companhiaatlantica.pt\/wp-content\/uploads\/2022\/12\/24_1.jpg 1000w, https:\/\/www.companhiaatlantica.pt\/wp-content\/uploads\/2022\/12\/24_1-700x700.jpg 700w, https:\/\/www.companhiaatlantica.pt\/wp-content\/uploads\/2022\/12\/24_1-100x100.jpg 100w, https:\/\/www.companhiaatlantica.pt\/wp-content\/uploads\/2022\/12\/24_1-900x900.jpg 900w, https:\/\/www.companhiaatlantica.pt\/wp-content\/uploads\/2022\/12\/24_1-300x300.jpg 300w, https:\/\/www.companhiaatlantica.pt\/wp-content\/uploads\/2022\/12\/24_1-150x150.jpg 150w, https:\/\/www.companhiaatlantica.pt\/wp-content\/uploads\/2022\/12\/24_1-768x768.jpg 768w, https:\/\/www.companhiaatlantica.pt\/wp-content\/uploads\/2022\/12\/24_1-600x600.jpg 600w\" sizes=\"auto, (max-width: 1000px) 100vw, 1000px\" title=\"\">\t\t\t\t\t\t\t\t\t\t\t<\/div>\n\t\t\t<\/a>\t\t<\/div>\n\n\t\t<div class=\"box-text text-center\" >\n\t\t\t<div class=\"box-text-inner\">\n\t\t\t\t\n<h4>SOINS DU CORPS<\/h4>\n\t\t\t<\/div>\n\t\t<\/div>\n\t<\/div>\n\t\n\t\t<\/div>\n\t\t\t\t\t<\/div>\n\n\t\n<\/div>\n","protected":false},"excerpt":{"rendered":"","protected":false},"author":401,"featured_media":0,"parent":0,"menu_order":0,"comment_status":"closed","ping_status":"closed","template":"page-blank.php","meta":{"footnotes":""},"class_list":["post-42298","page","type-page","status-publish","hentry"],"_links":{"self":[{"href":"https:\/\/www.companhiaatlantica.pt\/fr\/wp-json\/wp\/v2\/pages\/42298","targetHints":{"allow":["GET"]}}],"collection":[{"href":"https:\/\/www.companhiaatlantica.pt\/fr\/wp-json\/wp\/v2\/pages"}],"about":[{"href":"https:\/\/www.companhiaatlantica.pt\/fr\/wp-json\/wp\/v2\/types\/page"}],"author":[{"embeddable":true,"href":"https:\/\/www.companhiaatlantica.pt\/fr\/wp-json\/wp\/v2\/users\/401"}],"replies":[{"embeddable":true,"href":"https:\/\/www.companhiaatlantica.pt\/fr\/wp-json\/wp\/v2\/comments?post=42298"}],"version-history":[{"count":5,"href":"https:\/\/www.companhiaatlantica.pt\/fr\/wp-json\/wp\/v2\/pages\/42298\/revisions"}],"predecessor-version":[{"id":65653,"href":"https:\/\/www.companhiaatlantica.pt\/fr\/wp-json\/wp\/v2\/pages\/42298\/revisions\/65653"}],"wp:attachment":[{"href":"https:\/\/www.companhiaatlantica.pt\/fr\/wp-json\/wp\/v2\/media?parent=42298"}],"curies":[{"name":"wp","href":"https:\/\/api.w.org\/{rel}","templated":true}]}}