{"id":42352,"date":"2019-07-16T09:56:48","date_gmt":"2019-07-16T08:56:48","guid":{"rendered":"https:\/\/companhiaatlantica.pt\/minha-conta"},"modified":"2024-08-28T17:48:48","modified_gmt":"2024-08-28T16:48:48","slug":"mon-compte","status":"publish","type":"page","link":"https:\/\/www.companhiaatlantica.pt\/fr\/mon-compte","title":{"rendered":"Mon compte"},"content":{"rendered":"<nav aria-label=\"breadcrumbs\" class=\"rank-math-breadcrumb\"><p><span class=\"last\">In\u00edcio<\/span><\/p><\/nav>\n<h2>Mon compte<\/h2>\n<div class=\"woocommerce\"><\/div>\n\r\n<\/br>\r\n<h2>\u00c9valuer les produits command\u00e9s<\/h2>\r\n\n\t<section class=\"section\" id=\"section_1926610139\">\n\t\t<div class=\"section-bg fill\" >\n\t\t\t\t\t\t\t\t\t\n\t\t\t\n\n\t\t<\/div>\n\n\t\t\n\n\t\t<div class=\"section-content relative\">\n\t\t\t\r\n<div class=\"row\"  id=\"row-1029557241\">\r\n\n\t<div id=\"col-1776237380\" class=\"col medium-6 small-12 large-6\"  >\n\t\t\t\t<div class=\"col-inner\"  >\n\t\t\t\n\t\t\t\r\n\r\n<p><b>Votre avis est important ! \u2605\u2605\u2605\u2605\u2605<\/b><br \/>Aidez les autres personnes int\u00e9ress\u00e9es \u00e0 commander les produits que vous avez d\u00e9j\u00e0 re\u00e7us !<\/p>\r\n<p><br \/><strong>Pour cela, il suffit de :<\/strong><\/p>\r\n<ol>\r\n<li>Cliquez sur &#8220;COMMANDES&#8221; dans le menu lat\u00e9ral gauche ;<\/li>\r\n<li>Cliquez sur les produits sur lesquels vous souhaitez laisser votre avis ;<\/li>\r\n<li>Vous serez dirig\u00e9 vers la page du produit que vous avez cliqu\u00e9 \u00e0 l&#8217;\u00e9tape pr\u00e9c\u00e9dente, et dans l&#8217;onglet &#8220;AVIS&#8221;, vous pouvez laisser votre avis.<\/li>\r\n<\/ol>\r\n\r\n\t\t<\/div>\n\t\t\t\t\t<\/div>\n\n\t\r\n\n\t<div id=\"col-2045555471\" class=\"col medium-6 small-12 large-6\"  >\n\t\t\t\t<div class=\"col-inner\"  >\n\t\t\t\n\t\t\t\r\n\r\n\t<div class=\"img has-hover x md-x lg-x y md-y lg-y\" id=\"image_152675772\">\n\t\t\t\t\t\t\t\t<div class=\"img-inner dark\" >\n\t\t\t<img loading=\"lazy\" decoding=\"async\" width=\"813\" height=\"482\" src=\"https:\/\/www.companhiaatlantica.pt\/wp-content\/uploads\/2024\/01\/img-fr.png\" class=\"attachment-large size-large\" alt=\"\" srcset=\"https:\/\/www.companhiaatlantica.pt\/wp-content\/uploads\/2024\/01\/img-fr.png 813w, https:\/\/www.companhiaatlantica.pt\/wp-content\/uploads\/2024\/01\/img-fr-400x237.png 400w, https:\/\/www.companhiaatlantica.pt\/wp-content\/uploads\/2024\/01\/img-fr-768x455.png 768w, https:\/\/www.companhiaatlantica.pt\/wp-content\/uploads\/2024\/01\/img-fr-600x356.png 600w\" sizes=\"auto, (max-width: 813px) 100vw, 813px\" title=\"\">\t\t\t\t\t\t\n\t\t\t\t\t<\/div>\n\t\t\t\t\t\t\t\t\n<style>\n#image_152675772 {\n  width: 100%;\n}\n<\/style>\n\t<\/div>\n\t\r\n\r\n\r\n\t\t<\/div>\n\t\t\t\t\t<\/div>\n\n\t\r\n\r\n<\/div>\r\n\t\t<\/div>\n\n\t\t\n<style>\n#section_1926610139 {\n  padding-top: 30px;\n  padding-bottom: 30px;\n}\n<\/style>\n\t<\/section>\n\t","protected":false},"excerpt":{"rendered":"<p>\u00c9valuer les produits command\u00e9s<\/p>\n","protected":false},"author":1,"featured_media":0,"parent":0,"menu_order":0,"comment_status":"closed","ping_status":"closed","template":"page-my-account.php","meta":{"footnotes":""},"class_list":["post-42352","page","type-page","status-publish","hentry"],"_links":{"self":[{"href":"https:\/\/www.companhiaatlantica.pt\/fr\/wp-json\/wp\/v2\/pages\/42352","targetHints":{"allow":["GET"]}}],"collection":[{"href":"https:\/\/www.companhiaatlantica.pt\/fr\/wp-json\/wp\/v2\/pages"}],"about":[{"href":"https:\/\/www.companhiaatlantica.pt\/fr\/wp-json\/wp\/v2\/types\/page"}],"author":[{"embeddable":true,"href":"https:\/\/www.companhiaatlantica.pt\/fr\/wp-json\/wp\/v2\/users\/1"}],"replies":[{"embeddable":true,"href":"https:\/\/www.companhiaatlantica.pt\/fr\/wp-json\/wp\/v2\/comments?post=42352"}],"version-history":[{"count":9,"href":"https:\/\/www.companhiaatlantica.pt\/fr\/wp-json\/wp\/v2\/pages\/42352\/revisions"}],"predecessor-version":[{"id":63679,"href":"https:\/\/www.companhiaatlantica.pt\/fr\/wp-json\/wp\/v2\/pages\/42352\/revisions\/63679"}],"wp:attachment":[{"href":"https:\/\/www.companhiaatlantica.pt\/fr\/wp-json\/wp\/v2\/media?parent=42352"}],"curies":[{"name":"wp","href":"https:\/\/api.w.org\/{rel}","templated":true}]}}