{"id":42360,"date":"2021-05-14T19:53:48","date_gmt":"2021-05-14T18:53:48","guid":{"rendered":"https:\/\/companhiaatlantica.pt\/politica-cookies"},"modified":"2026-04-28T11:05:30","modified_gmt":"2026-04-28T10:05:30","slug":"politica-cookies","status":"publish","type":"page","link":"https:\/\/www.companhiaatlantica.pt\/fr\/politica-cookies","title":{"rendered":"Politique en mati\u00e8re de cookies"},"content":{"rendered":"\n\t<section class=\"section\" id=\"section_1686181828\">\n\t\t<div class=\"section-bg fill\" >\n\t\t\t\t\t\t\t\t\t\n\t\t\t\n\n\t\t<\/div>\n\n\t\t\n\n\t\t<div class=\"section-content relative\">\n\t\t\t\n\t\t<\/div>\n\n\t\t\n<style>\n#section_1686181828 {\n  padding-top: 30px;\n  padding-bottom: 30px;\n}\n<\/style>\n\t<\/section>\n\t\n<h2>Politique en mati\u00e8re de cookies<\/h2>\n<p>La pr\u00e9sente politique fournit des informations sur l&#8217;utilisation des cookies et des technologies similaires appliqu\u00e9es au site web www.companhiaatlantica.pt (ci-apr\u00e8s d\u00e9nomm\u00e9 &#8220;soci\u00e9t\u00e9 Atlantic&#8221; ou &#8220;site web&#8221;).<\/p>\n<p>Companhia Atl\u00e2ntica est d\u00e9tenue par Takenet Unipessoal Lda, dont les bureaux sont situ\u00e9s Rua Comandante Jo\u00e3o Belo, 45 &#8211; 3\u00ba esq, 2400-159 Leiria &#8211; PORTUGAL.<\/p>\n<p>En utilisant ce site web, vous acceptez l&#8217;utilisation de cookies et de technologies similaires aux fins d\u00e9crites ci-dessous. Si vous n&#8217;acceptez pas l&#8217;utilisation de cookies, vous devez configurer votre navigateur en fonction de vos pr\u00e9f\u00e9rences (plus d&#8217;informations \u00e0 la fin du texte) ou ne pas utiliser le site web. Veuillez noter qu&#8217;en d\u00e9sactivant tout ou partie des cookies utilis\u00e9s sur le site web, vous risquez d&#8217;affecter votre exp\u00e9rience de navigation.<\/p>\n<p>Pour savoir comment vos donn\u00e9es sont trait\u00e9es dans le cadre de Companhia Atl\u00e2ntica et de ses objectifs, et comment vous pouvez exercer vos droits en tant que d\u00e9tenteur de donn\u00e9es personnelles, veuillez consulter la politique de confidentialit\u00e9 (lien interne) de Companhia Atl\u00e2ntica.<\/p>\n<p>De temps \u00e0 autre, la soci\u00e9t\u00e9 Atlantic peut \u00eatre amen\u00e9e \u00e0 mettre \u00e0 jour ou \u00e0 modifier la pr\u00e9sente politique en mati\u00e8re de cookies afin de refl\u00e9ter les changements intervenus dans la collecte des donn\u00e9es ou dans la l\u00e9gislation. Nous vous recommandons de consulter fr\u00e9quemment cette page du site web.<\/p>\n<h3 class=\"thin-font\">Qu&#8217;est-ce qu&#8217;un cookie ?<\/h3>\n<p>Un cookie est un petit fichier texte que les sites web envoient au navigateur de votre appareil lorsque vous les visitez. Ce fichier contient des informations qui sont t\u00e9l\u00e9charg\u00e9es sur votre appareil et transmises aux sites web chaque fois que vous les visitez \u00e0 nouveau, ce qui permet \u00e0 chacun de ces sites web de &#8220;se souvenir&#8221; de vos interactions et\/ou pr\u00e9f\u00e9rences ant\u00e9rieures sur une certaine p\u00e9riode de temps. Un cookie permet au site web d&#8217;identifier l&#8217;appareil sur lequel il est stock\u00e9 jusqu&#8217;\u00e0 ce que ce cookie atteigne sa date d&#8217;expiration.<\/p>\n<h3>Comment et pourquoi utilisons-nous des cookies ?<\/h3>\n<p>L&#8217;utilisation de cookies sur le site Web am\u00e9liore votre exp\u00e9rience de navigation, nous permettant, par exemple, de sauvegarder vos pr\u00e9f\u00e9rences pour une prochaine visite, \u00e0 savoir les produits sauvegard\u00e9s dans le panier de notre boutique en ligne. Les cookies contiennent des informations, telles que la langue pr\u00e9f\u00e9r\u00e9e des utilisateurs, afin que vous n&#8217;ayez pas \u00e0 saisir ces informations \u00e0 chaque fois que vous nous rendez visite. Certains cookies permettent \u00e9galement de remplir automatiquement des formulaires, d&#8217;autres assurent le bon fonctionnement des applications.<\/p>\n<p>Les cookies utilis\u00e9s par Companhia Atl\u00e2ntica ont \u00e9galement pour but d&#8217;obtenir des statistiques et des analyses de trafic, \u00e0 savoir la fa\u00e7on dont les diff\u00e9rentes sections du site Web sont utilis\u00e9es, ce qui nous permet de mettre en \u0153uvre des am\u00e9liorations dans l&#8217;exp\u00e9rience de navigation et dans la qualit\u00e9 du contenu fourni. Ils nous permettent \u00e9galement de proposer des offres, des campagnes, des promotions ou des informations cibl\u00e9es et personnalis\u00e9es en fonction, par exemple, des pages que vous visitez ou des articles que vous ajoutez \u00e0 votre panier.<\/p>\n<h3>Quels types de cookies utilisons-nous ?<\/h3>\n<p>Cookies permanents &#8211; il s&#8217;agit de cookies qui sont stock\u00e9s au niveau du navigateur sur votre dispositif d&#8217;acc\u00e8s et qui sont utilis\u00e9s chaque fois que vous visitez \u00e0 nouveau le site web. D&#8217;une mani\u00e8re g\u00e9n\u00e9rale, elles sont utilis\u00e9es pour l&#8217;analyse statistique du site Web et pour orienter la navigation en fonction des int\u00e9r\u00eats de l&#8217;utilisateur, ce qui nous permet de fournir un service plus personnalis\u00e9.<\/p>\n<p>Cookies de session &#8211; il s&#8217;agit de cookies temporaires qui restent dans le fichier de cookies de votre navigateur jusqu&#8217;\u00e0 ce que vous quittiez le site web ou fermiez votre navigateur. Les informations obtenues par ces cookies servent, entre autres, \u00e0 analyser les sch\u00e9mas de trafic, ce qui nous permet d&#8217;identifier les probl\u00e8mes et d&#8217;offrir une meilleure exp\u00e9rience de navigation \u00e0 l&#8217;avenir.<\/p>\n<p>Compte tenu du domaine auquel ils appartiennent, les cookies peuvent \u00eatre :<\/p>\n<p>Cookies propres &#8211; sont envoy\u00e9s \u00e0 l&#8217;\u00e9quipement de l&#8217;utilisateur \u00e0 partir d&#8217;un domaine g\u00e9r\u00e9 par Takenet et \u00e0 partir duquel le service demand\u00e9 par l&#8217;utilisateur est fourni.<\/p>\n<p>Cookies de tiers &#8211; sont envoy\u00e9s \u00e0 l&#8217;appareil de l&#8217;Utilisateur \u00e0 partir d&#8217;un domaine qui n&#8217;est pas g\u00e9r\u00e9 par Takenet, mais par une autre entit\u00e9 partenaire de Takenet qui traite les donn\u00e9es collect\u00e9es par le biais des cookies (par exemple, par Google ou les r\u00e9seaux sociaux). Ils sont notamment utilis\u00e9s par nos partenaires pour mesurer l&#8217;efficacit\u00e9 de nos campagnes publicitaires, pour vous donner la possibilit\u00e9 de partager nos contenus avec d&#8217;autres personnes ou pour vous permettre de faire savoir que vous nous avez rendu visite (plateformes telles que Facebook et Instagram). Nous ne contr\u00f4lons pas la mani\u00e8re dont ces sites tiers recueillent vos donn\u00e9es personnelles lorsque vous visitez la soci\u00e9t\u00e9 Atlantic. Pour plus d&#8217;informations sur la mani\u00e8re dont elles collectent et traitent vos donn\u00e9es, ainsi que sur la mani\u00e8re de g\u00e9rer les pr\u00e9f\u00e9rences de votre compte sur ces plateformes, nous vous sugg\u00e9rons de consulter les informations l\u00e9gales de ces plateformes.<\/p>\n<h3>\u00c0 quelles fins utilisons-nous des cookies ?<\/h3>\n<p>Les cookies strictement n\u00e9cessaires &#8211; vous permettent de naviguer sur le site de Companhia Atl\u00e2ntica et d&#8217;utiliser ses fonctions, ainsi que d&#8217;acc\u00e9der \u00e0 des zones s\u00e9curis\u00e9es du site Web (boutique en ligne). Les cookies strictement n\u00e9cessaires sont essentiels au fonctionnement du site web et ne vous identifient pas en tant qu&#8217;individu, directement ou indirectement. Si vous bloquez l&#8217;utilisation de ces types de cookies, les performances du site web ou de certaines de ses parties peuvent \u00eatre consid\u00e9rablement affect\u00e9es.<\/p>\n<p>Les cookies statistiques &#8211; sont utilis\u00e9s de mani\u00e8re anonyme dans le but de cr\u00e9er et d&#8217;analyser des statistiques, afin d&#8217;am\u00e9liorer le fonctionnement du site web et de mesurer les r\u00e9sultats de nos campagnes de marketing. Ils nous permettent de compter le nombre de visiteurs et de comprendre comment ils interagissent avec le site web, en fournissant des informations sur, par exemple, les zones les plus visit\u00e9es et leur dur\u00e9e de s\u00e9jour respective, ainsi que de d\u00e9tecter et de corriger les erreurs, nous aidant ainsi \u00e0 am\u00e9liorer son fonctionnement.<\/p>\n<p>Cookies fonctionnels &#8211; ils stockent les pr\u00e9f\u00e9rences de l&#8217;utilisateur concernant l&#8217;utilisation du site Web, de sorte qu&#8217;il n&#8217;est pas n\u00e9cessaire de le reconfigurer \u00e0 chaque visite. Ces cookies permettent \u00e9galement aux visiteurs d&#8217;interagir avec les outils de m\u00e9dias sociaux. Les informations collect\u00e9es par les cookies fonctionnels peuvent inclure des informations personnelles que vous avez rendues publiques.<\/p>\n<p>Les cookies de marketing &#8211; permettent de fournir de la publicit\u00e9 en fonction des int\u00e9r\u00eats de chaque utilisateur, en orientant les campagnes publicitaires en tenant compte de leurs pr\u00e9f\u00e9rences. Ils vous permettent \u00e9galement de limiter le nombre de fois que vous voyez une publicit\u00e9 particuli\u00e8re et vous aident \u00e0 mesurer l&#8217;efficacit\u00e9 de la publicit\u00e9. L&#8217;utilisation de ces informations rend la publicit\u00e9 affich\u00e9e plus pertinente pour les utilisateurs. Si ce type de cookie est d\u00e9sactiv\u00e9, la publicit\u00e9 sera affich\u00e9e de mani\u00e8re al\u00e9atoire.<\/p>\n<p>Pour vous permettre de prendre une d\u00e9cision \u00e9clair\u00e9e concernant les cookies que nous utilisons et leurs objectifs, veuillez vous r\u00e9f\u00e9rer au tableau ci-dessous :<\/p>\n<div class=\"tableps\">\n<table class=\"table table-bordered\">\n<thead>\n<tr>\n<th class=\"title\" colspan=\"5\">Biscuits \u00e0 l&#8217;unit\u00e9<\/th>\n<\/tr>\n<tr>\n<th>Cat\u00e9gorie<\/th>\n<th>Nom\/Domaine<\/th>\n<th>Objectif<\/th>\n<th>Date d&#8217;expiration<\/th>\n<th>Type<\/th>\n<\/tr>\n<\/thead>\n<tbody>\n<tr>\n<td>Strictement n\u00e9cessaire<\/td>\n<td>_grecaptcha \/ companhiaatlatica.co.uk<\/td>\n<td>Utilis\u00e9 pour des raisons de s\u00e9curit\u00e9, il permet de faire la distinction entre les humains et les robots afin de prot\u00e9ger les formulaires des sites web contre le spam et les cyberattaques. Il permet \u00e9galement d&#8217;\u00e9tablir des rapports valables sur l&#8217;utilisation du site web.<\/td>\n<td>Persistant<\/td>\n<td>HTML<\/td>\n<\/tr>\n<tr>\n<td>Strictement n\u00e9cessaire<\/td>\n<td>PHPSESSID \/ companhiaatlatica.co.uk<\/td>\n<td>Pr\u00e9serve la session de l&#8217;utilisateur lorsqu&#8217;il navigue sur le site web.<\/td>\n<td>Session<\/td>\n<td>HTTP<\/td>\n<\/tr>\n<tr>\n<td>Strictement n\u00e9cessaire<\/td>\n<td>wc_cart_hash_# \/<br \/>\ncompanhiaatlatica.co.uk<\/td>\n<td>Utilis\u00e9 pour enregistrer l&#8217;article que l&#8217;utilisateur a plac\u00e9 dans le panier de la boutique en ligne.<\/td>\n<td>Persistant<\/td>\n<td>HTML<\/td>\n<\/tr>\n<tr>\n<td>Fonctionnel<\/td>\n<td>wc_fragments_# \/<br \/>\ncompanhiaatlatica.co.uk<\/td>\n<td>Utilis\u00e9 pour enregistrer les donn\u00e9es de connexion de l&#8217;utilisateur de la boutique en ligne.<\/td>\n<td>Session<\/td>\n<td>HTML<\/td>\n<\/tr>\n<tr>\n<td>Fonctionnel<\/td>\n<td>yith_wwcl_session \/<br \/>\ncompanhiaatlatica.co.uk<\/td>\n<td>Permet d&#8217;enregistrer la liste des articles marqu\u00e9s par l&#8217;utilisateur comme favoris (liste de souhaits).<\/td>\n<td>29 jours<\/td>\n<td>HTTP<\/td>\n<\/tr>\n<tr>\n<td>Statisticiens<\/td>\n<td>_ga \/<br \/>\ncompanhiaatlatica.co.uk<\/td>\n<td>Utilis\u00e9 pour distinguer les utilisateurs par un identifiant unique.<\/td>\n<td>2 ans<\/td>\n<td>HTTP<\/td>\n<\/tr>\n<tr>\n<td>Statisticiens<\/td>\n<td>_gat \/<br \/>\ncompanhiaatlatica.co.uk<\/td>\n<td>Utilis\u00e9 pour g\u00e9rer le nombre de demandes.<\/td>\n<td>24 heures<\/td>\n<td>HTTP<\/td>\n<\/tr>\n<tr>\n<td>Statisticiens<\/td>\n<td>_gid \/<br \/>\ncompanhiaatlatica.co.uk<\/td>\n<td>Utilis\u00e9 pour stocker un identifiant sp\u00e9cifique pour chaque page visit\u00e9e par chaque utilisateur.<\/td>\n<td>24 heures<\/td>\n<td>HTTP<\/td>\n<\/tr>\n<tr>\n<td>Statisticiens<\/td>\n<td>_hjAbsoluteSessionInProgress \/<br \/>\ncompanhiaatlatica.co.uk<\/td>\n<td>Utilis\u00e9 pour compter le nombre de fois qu&#8217;un site web a \u00e9t\u00e9 visit\u00e9 par diff\u00e9rents utilisateurs, par le biais d&#8217;un identifiant, afin que le visiteur ne soit pas enregistr\u00e9 deux fois.<\/td>\n<td>24 heures<\/td>\n<td>HTTP<\/td>\n<\/tr>\n<tr>\n<td>Statisticiens<\/td>\n<td>_hjFirstSeen \/<br \/>\ncompanhiaatlatica.co.uk<\/td>\n<td>Utilis\u00e9 pour d\u00e9terminer si l&#8217;utilisateur a d\u00e9j\u00e0 visit\u00e9 le site web ou s&#8217;il s&#8217;agit d&#8217;un nouveau visiteur.<\/td>\n<td>24 heures<\/td>\n<td>HTTP<\/td>\n<\/tr>\n<tr>\n<td>Statisticiens<\/td>\n<td>_hjid \/<br \/>\ncompanhiaatlatica.co.uk<\/td>\n<td>D\u00e9finit un identifiant unique pour la session, ce qui permet d&#8217;obtenir des donn\u00e9es sur le comportement des visiteurs \u00e0 des fins statistiques.<\/td>\n<td>1 an<\/td>\n<td>HTTP<\/td>\n<\/tr>\n<tr>\n<td>Statisticiens<\/td>\n<td>Exemple de pageview _hjIncludedInPageviewSample \/<br \/>\ncompanhiaatlatica.co.uk<\/td>\n<td>D\u00e9termine si la navigation de chaque utilisateur doit \u00eatre enregistr\u00e9e dans un espace r\u00e9serv\u00e9 statistique particulier.<\/td>\n<td>24 heures<\/td>\n<td>HTTP<\/td>\n<\/tr>\n<tr>\n<td>Statisticiens<\/td>\n<td>_hjRecordingLastActivity \/<br \/>\ncompanhiaatlatica.co.uk<\/td>\n<td>D\u00e9finit un identifiant unique pour la session, ce qui permet d&#8217;obtenir des donn\u00e9es sur le comportement des visiteurs \u00e0 des fins statistiques.<\/td>\n<td>Session<\/td>\n<td>HTML<\/td>\n<\/tr>\n<tr>\n<td>Statisticiens<\/td>\n<td>_hjTLDTest \/<br \/>\ncompanhiaatlatica.co.uk<\/td>\n<td>Il enregistre des donn\u00e9es statistiques sur le comportement des utilisateurs sur le site web. Utilis\u00e9 pour des analyses internes par l&#8217;op\u00e9rateur du site.<\/td>\n<td>Session<\/td>\n<td>HTTP<\/td>\n<\/tr>\n<tr>\n<td>Statisticiens<\/td>\n<td>hjViewportId \/<br \/>\ncompanhiaatlatica.co.uk<\/td>\n<td>D\u00e9finit un identifiant unique pour la session, ce qui permet d&#8217;obtenir des donn\u00e9es sur le comportement des visiteurs \u00e0 des fins statistiques.<\/td>\n<td>Session<\/td>\n<td>HTML<\/td>\n<\/tr>\n<tr>\n<td>Marketing<\/td>\n<td>_hjRecordingEnabled \/<br \/>\ncompanhiaatlatica.co.uk<\/td>\n<td>Utilis\u00e9 pour identifier le visiteur et optimiser la pertinence des publicit\u00e9s gr\u00e2ce aux donn\u00e9es recueillies sur d&#8217;autres sites web.<\/td>\n<td>Session<\/td>\n<td>HTML<\/td>\n<\/tr>\n<tr>\n<td>Marketing<\/td>\n<td>NID \/<br \/>\ncompanhiaatlatica.co.uk<\/td>\n<td>Enregistre un identifiant unique qui identifie l&#8217;appareil d&#8217;un utilisateur qui a visit\u00e9 le site web. L&#8217;identifiant est utilis\u00e9 par Google pour les publicit\u00e9s ciblant l&#8217;utilisateur.<\/td>\n<td>6 mois<\/td>\n<td>HTTP<\/td>\n<\/tr>\n<\/tbody>\n<\/table>\n<\/div>\n<div class=\"tableps\">\n<table class=\"table\">\n<thead>\n<tr>\n<th class=\"title\" colspan=\"5\">Cookies de tiers<\/th>\n<\/tr>\n<tr>\n<th>Cat\u00e9gorie<\/th>\n<th>Nom\/Domaine<\/th>\n<th>Objectif<\/th>\n<th>Date d&#8217;expiration<\/th>\n<th>Type<\/th>\n<\/tr>\n<\/thead>\n<tbody>\n<tr>\n<td>Strictement n\u00e9cessaire<\/td>\n<td>GRECAPTCHA \/<br \/>\ngoogle.com<\/td>\n<td>Utilis\u00e9 par Google pour distinguer les humains des robots. Outre les questions de s\u00e9curit\u00e9, il permet d&#8217;\u00e9tablir des rapports valables sur l&#8217;utilisation du site web.<\/td>\n<td>179 jours<\/td>\n<td>HTTP<\/td>\n<\/tr>\n<tr>\n<td>Strictement n\u00e9cessaire<\/td>\n<td>rc::a \/<br \/>\ngoogle.com<\/td>\n<td>Utilis\u00e9 par Google pour distinguer les humains des robots. Outre les questions de s\u00e9curit\u00e9, il permet d&#8217;\u00e9tablir des rapports valables sur l&#8217;utilisation du site web.<\/td>\n<td>Persistant<\/td>\n<td>HTML<\/td>\n<\/tr>\n<tr>\n<td>Strictement n\u00e9cessaire<\/td>\n<td>rc::b \/<br \/>\ngoogle.com<\/td>\n<td>Utilis\u00e9 par Google pour distinguer les humains des robots. Outre les questions de s\u00e9curit\u00e9, il permet d&#8217;\u00e9tablir des rapports valables sur l&#8217;utilisation du site web.<\/td>\n<td>Session<\/td>\n<td>HTML<\/td>\n<\/tr>\n<tr>\n<td>Strictement n\u00e9cessaire<\/td>\n<td>rc::c \/<br \/>\ngoogle.com<\/td>\n<td>Utilis\u00e9 par Google pour distinguer les humains des robots. Outre les questions de s\u00e9curit\u00e9, il permet d&#8217;\u00e9tablir des rapports valables sur l&#8217;utilisation du site web.<\/td>\n<td>Session<\/td>\n<td>HTML<\/td>\n<\/tr>\n<tr>\n<td>Statisticien \/ Marketing<\/td>\n<td>collecter \/<br \/>\ngoogle-analytics.com<\/td>\n<td>Utilis\u00e9 pour envoyer des donn\u00e9es \u00e0 Google (Analytics) sur l&#8217;appareil et le comportement du visiteur. Trace le visiteur \u00e0 travers les appareils et les canaux de marketing.<\/td>\n<td>Session<\/td>\n<td>Pixel<\/td>\n<\/tr>\n<tr>\n<td>Marketing<\/td>\n<td>NID<br \/>\ngoogle.com<\/td>\n<td>Enregistre un identifiant unique qui identifie l&#8217;appareil d&#8217;un utilisateur qui a visit\u00e9 le site web. L&#8217;identifiant est utilis\u00e9 par Google pour les publicit\u00e9s ciblant l&#8217;utilisateur.<\/td>\n<td>6 mois<\/td>\n<td>HTTP<\/td>\n<\/tr>\n<\/tbody>\n<\/table>\n<\/div>\n<h3>Consentement \u00e0 l&#8217;utilisation de cookies<\/h3>\n<p>\u00c0 l&#8217;exception de ceux qui sont strictement n\u00e9cessaires, les cookies pr\u00e9sent\u00e9s dans le tableau ci-dessus ne seront pas install\u00e9s sur votre appareil \u00e0 moins que vous ne cliquiez sur le bouton ACCEPTER ou que vous n&#8217;exprimiez votre volont\u00e9 de naviguer sur le site web par l&#8217;une des actions suivantes :<\/p>\n<ul>\n<li>Faire d\u00e9filer la page verticalement ;<\/li>\n<li>en cliquant sur un lien figurant sur le site web, \u00e0 l&#8217;exception de la pr\u00e9sente politique en mati\u00e8re de cookies ou de la politique de confidentialit\u00e9.<\/li>\n<\/ul>\n<h3>Comment g\u00e9rer les param\u00e8tres des cookies dans votre navigateur ?<\/h3>\n<p>Tous les navigateurs permettent \u00e0 l&#8217;utilisateur d&#8217;accepter, de refuser ou de supprimer les cookies, notamment en s\u00e9lectionnant les param\u00e8tres appropri\u00e9s. Vous pouvez configurer les cookies dans le menu &#8220;options&#8221; ou &#8220;pr\u00e9f\u00e9rences&#8221; de votre navigateur.<\/p>\n<p>Si vous souhaitez bloquer ou g\u00e9rer les cookies, vous pouvez le faire dans le navigateur que vous utilisez en suivant les instructions fournies dans les liens ci-dessous :<\/p>\n<ul>\n<li style=\"font-weight: bold; text-decoration: underline;\"><a href=\"https:\/\/support.microsoft.com\/pt-pt\/topic\/eliminar-e-gerir-cookies-168dab11-0753-043d-7c16-ede5947fc64d\" target=\"_blank\" rel=\"noopener noreferrer\">Internet Explorer<\/a><\/li>\n<li style=\"font-weight: bold; text-decoration: underline;\"><a href=\"https:\/\/support.google.com\/accounts\/answer\/61416?co=GENIE.Platform%3DDesktop&amp;hl=pt-BR\" target=\"_blank\" rel=\"noopener noreferrer\">Chrome<\/a><\/li>\n<li style=\"font-weight: bold; text-decoration: underline;\"><a href=\"https:\/\/support.mozilla.org\/pt-PT\/kb\/ativar-desativar-cookies-websites-utilizam-monitorizar-preferencias\" target=\"_blank\" rel=\"noopener noreferrer\">Firefox<\/a><\/li>\n<li style=\"font-weight: bold; text-decoration: underline;\"><a href=\"https:\/\/support.apple.com\/pt-pt\/guide\/safari\/sfri11471\/mac\" target=\"_blank\" rel=\"noopener noreferrer\">Safari<\/a><\/li>\n<\/ul>\n<p>Pour en savoir plus sur les cookies, notamment pour savoir quels cookies sont install\u00e9s et comment les g\u00e9rer et les supprimer, consultez le site :<\/p>\n<ul>\n<li style=\"font-weight: bold; text-decoration: underline;\"><a href=\"https:\/\/www.aboutcookies.org\/\" target=\"_blank\" rel=\"noopener noreferrer\">aboutcookies.org<\/a><\/li>\n<li style=\"font-weight: bold; text-decoration: underline;\"><a href=\"https:\/\/www.youronlinechoices.eu\/\" target=\"_blank\" rel=\"noopener noreferrer\">youronlinechoices.eu<\/a><\/li>\n<\/ul>\n<p>Si vous avez des questions ou des pr\u00e9occupations concernant cette politique en mati\u00e8re de cookies, veuillez envoyer un message d\u00e9taill\u00e9 \u00e0 info@companhiaatlantica.pt ou par courrier \u00e0 l&#8217;adresse :<\/p>\n<h3>TAKENET UNIPESSOAL LDA<\/h3>\n<p>Rua Comandante Jo\u00e3o Belo, 45 &#8211; 3\u00ba esq., 2400-159 Leiria &#8211; PORTUGAL<\/p>\n","protected":false},"excerpt":{"rendered":"<p>Politique en mati\u00e8re de cookies La pr\u00e9sente politique fournit des informations sur l&#8217;utilisation des cookies et des technologies similaires appliqu\u00e9es au site web www.companhiaatlantica.pt (ci-apr\u00e8s d\u00e9nomm\u00e9 &#8220;soci\u00e9t\u00e9 Atlantic&#8221; ou &#8220;site web&#8221;). Companhia Atl\u00e2ntica est d\u00e9tenue par Takenet Unipessoal Lda, dont les bureaux sont situ\u00e9s Rua Comandante Jo\u00e3o Belo, 45 &#8211; 3\u00ba esq, 2400-159 Leiria &#8211; [&#8230;]\n","protected":false},"author":37,"featured_media":0,"parent":0,"menu_order":0,"comment_status":"closed","ping_status":"closed","template":"page-blank-title-center.php","meta":{"footnotes":""},"class_list":["post-42360","page","type-page","status-publish","hentry"],"_links":{"self":[{"href":"https:\/\/www.companhiaatlantica.pt\/fr\/wp-json\/wp\/v2\/pages\/42360","targetHints":{"allow":["GET"]}}],"collection":[{"href":"https:\/\/www.companhiaatlantica.pt\/fr\/wp-json\/wp\/v2\/pages"}],"about":[{"href":"https:\/\/www.companhiaatlantica.pt\/fr\/wp-json\/wp\/v2\/types\/page"}],"author":[{"embeddable":true,"href":"https:\/\/www.companhiaatlantica.pt\/fr\/wp-json\/wp\/v2\/users\/37"}],"replies":[{"embeddable":true,"href":"https:\/\/www.companhiaatlantica.pt\/fr\/wp-json\/wp\/v2\/comments?post=42360"}],"version-history":[{"count":5,"href":"https:\/\/www.companhiaatlantica.pt\/fr\/wp-json\/wp\/v2\/pages\/42360\/revisions"}],"predecessor-version":[{"id":88221,"href":"https:\/\/www.companhiaatlantica.pt\/fr\/wp-json\/wp\/v2\/pages\/42360\/revisions\/88221"}],"wp:attachment":[{"href":"https:\/\/www.companhiaatlantica.pt\/fr\/wp-json\/wp\/v2\/media?parent=42360"}],"curies":[{"name":"wp","href":"https:\/\/api.w.org\/{rel}","templated":true}]}}