{"id":42370,"date":"2023-07-24T11:59:45","date_gmt":"2023-07-24T10:59:45","guid":{"rendered":"https:\/\/companhiaatlantica.pt\/politique-de-retour-et-dechange"},"modified":"2025-09-24T10:01:34","modified_gmt":"2025-09-24T09:01:34","slug":"politique-de-retour-et-dechange","status":"publish","type":"page","link":"https:\/\/www.companhiaatlantica.pt\/fr\/politique-de-retour-et-dechange","title":{"rendered":"Politique de retour et d&#8217;\u00e9change"},"content":{"rendered":"<hr \/>\n<p><b>POLITIQUE D\u2019\u00c9CHANGE ET DE RETOUR<\/b><\/p>\n<p>Le client pourra \u00e9changer ou retourner tous les produits achet\u00e9s sur la boutique en ligne, \u00e0 l&#8217;exception des produits en promotion, sauf en cas de d\u00e9faut constat\u00e9.<\/p>\n<ol start=\"1\">\n<li><b>D\u00c9LAI<\/b><\/li>\n<\/ol>\n<p>1.1. Les \u00e9changes et retours de produits peuvent \u00eatre effectu\u00e9s dans un d\u00e9lai maximal de 14 jours ouvrables \u00e0 compter de la date de r\u00e9ception de la commande.<\/p>\n<p>\u00a0<\/p>\n<ol start=\"2\">\n<li><b>PROC\u00c9DURE<\/b><\/li>\n<\/ol>\n<p>2.1. Pour tout \u00e9change ou retour, veuillez nous contacter par e-mail en indiquant dans l\u2019objet du message \u00ab \u00c9changes et Retours | Num\u00e9ro de commande \u00bb et en d\u00e9crivant le motif.<\/p>\n<p>2.2. Apr\u00e8s avoir re\u00e7u notre r\u00e9ponse, vous devrez envoyer le produit conform\u00e9ment aux instructions qui vous seront transmises. Veuillez noter que si l&#8217;\u00e9change ou le retour n&#8217;est pas d\u00fb \u00e0 un d\u00e9faut du produit, les frais d&#8217;envoi sont enti\u00e8rement \u00e0 la charge du client.<\/p>\n<p>2.3. Tous les retours et \u00e9changes doivent \u00eatre envoy\u00e9s \u00e0 l\u2019adresse suivante :<\/p>\n<p><b>C\u00aaAtl\u00e2ntica<\/b><b><br \/><\/b>ATT. RETOUR<br \/>Rua da Machinha 860<br \/>\n2445-592 Moita MGR Marinha Grande Portugal<br \/>Tel: +351 244 049\u00a0402<\/p>\n<p>2.4. L\u2019\u00e9tat du produit sera analys\u00e9 \u00e0 sa r\u00e9ception et, s\u2019il ne respecte pas les exigences, le retour pourra \u00eatre refus\u00e9 ou le montant du remboursement ajust\u00e9 en cons\u00e9quence.<\/p>\n<p>2.5. Apr\u00e8s l\u2019analyse des conditions du produit, vous serez contact\u00e9 pour proc\u00e9der au remboursement du montant pay\u00e9, hors frais d\u2019envoi, sauf en cas de produit d\u00e9fectueux o\u00f9 le montant total sera rembours\u00e9.<\/p>\n<p>2.6. Si vous demandez un remplacement du produit au lieu d\u2019un remboursement, vous serez \u00e9galement contact\u00e9 pour recevoir les instructions n\u00e9cessaires. Cependant, les frais d\u2019envoi du nouvel article, lorsqu\u2019ils ne sont pas li\u00e9s \u00e0 un d\u00e9faut du produit, seront \u00e0 la charge du client.<\/p>\n<p>2.7. Le traitement du remboursement peut prendre jusqu&#8217;\u00e0 5 jours ouvrables \u00e0 partir de la r\u00e9ception de l&#8217;envoi dans nos installations.<\/p>\n<p>2.8. Tous les retours seront rembours\u00e9s selon le m\u00eame mode de paiement ou par l\u2019\u00e9mission d\u2019un bon d\u2019achat de la valeur correspondante.<\/p>\n<p>\u00a0<\/p>\n<ol start=\"3\">\n<li><b>AUTRES INFORMATIONS<\/b><\/li>\n<\/ol>\n<p>3.1. La proc\u00e9dure d\u2019\u00e9change ou de retour n\u2019est autoris\u00e9e qu\u2019une seule fois par article.<\/p>\n<p>3.2. Les dommages r\u00e9sultant d&#8217;une mauvaise utilisation, de l&#8217;usure naturelle et\/ou de modifications partielles ou totales des produits sont exclus de cette politique.<\/p>\n<p>3.3. Les produits \u00e0 \u00e9changer ou retourner doivent \u00eatre en parfait \u00e9tat, non utilis\u00e9s, complets et correctement emball\u00e9s dans leur emballage d\u2019origine avec les \u00e9tiquettes intactes. Si ces conditions ne sont pas remplies, l&#8217;\u00e9change ou le retour sera refus\u00e9.<\/p>\n<p>3.4. Tous les \u00e9changes sont soumis \u00e0 la disponibilit\u00e9 des stocks et, bien que nous fassions toujours de notre mieux pour envoyer un produit de remplacement, nous nous r\u00e9servons le droit d&#8217;effectuer un remboursement via le m\u00eame mode de paiement lorsque cela est possible ou d&#8217;\u00e9mettre un bon de cr\u00e9dit \u00e0 utiliser dans la boutique en ligne sur <a href=\"https:\/\/www.companhiaatlantica.pt\/fr\">www.companhiaatlantica.pt<\/a>.<\/p>\n\t<div id=\"gap-1418100211\" class=\"gap-element clearfix\" style=\"display:block; height:auto;\">\n\t\t\n<style>\n#gap-1418100211 {\n  padding-top: 30px;\n}\n<\/style>\n\t<\/div>\n\t\n\t<div id=\"text-3204827277\" class=\"text\">\n\t\t\n<p>Mise \u00e0 jour en janvier 2025.<\/p>\n\t\t\n<style>\n#text-3204827277 {\n  text-align: left;\n}\n<\/style>\n\t<\/div>\n\t\n","protected":false},"excerpt":{"rendered":"<p>POLITIQUE D\u2019\u00c9CHANGE ET DE RETOUR Le client pourra \u00e9changer ou retourner tous les produits achet\u00e9s sur la boutique en ligne, \u00e0 l&#8217;exception des produits en promotion, sauf en cas de d\u00e9faut constat\u00e9. D\u00c9LAI 1.1. Les \u00e9changes et retours de produits peuvent \u00eatre effectu\u00e9s dans un d\u00e9lai maximal de 14 jours ouvrables \u00e0 compter de la [&#8230;]\n","protected":false},"author":1,"featured_media":0,"parent":0,"menu_order":0,"comment_status":"closed","ping_status":"closed","template":"page-blank-title-center.php","meta":{"footnotes":""},"class_list":["post-42370","page","type-page","status-publish","hentry"],"_links":{"self":[{"href":"https:\/\/www.companhiaatlantica.pt\/fr\/wp-json\/wp\/v2\/pages\/42370","targetHints":{"allow":["GET"]}}],"collection":[{"href":"https:\/\/www.companhiaatlantica.pt\/fr\/wp-json\/wp\/v2\/pages"}],"about":[{"href":"https:\/\/www.companhiaatlantica.pt\/fr\/wp-json\/wp\/v2\/types\/page"}],"author":[{"embeddable":true,"href":"https:\/\/www.companhiaatlantica.pt\/fr\/wp-json\/wp\/v2\/users\/1"}],"replies":[{"embeddable":true,"href":"https:\/\/www.companhiaatlantica.pt\/fr\/wp-json\/wp\/v2\/comments?post=42370"}],"version-history":[{"count":5,"href":"https:\/\/www.companhiaatlantica.pt\/fr\/wp-json\/wp\/v2\/pages\/42370\/revisions"}],"predecessor-version":[{"id":78427,"href":"https:\/\/www.companhiaatlantica.pt\/fr\/wp-json\/wp\/v2\/pages\/42370\/revisions\/78427"}],"wp:attachment":[{"href":"https:\/\/www.companhiaatlantica.pt\/fr\/wp-json\/wp\/v2\/media?parent=42370"}],"curies":[{"name":"wp","href":"https:\/\/api.w.org\/{rel}","templated":true}]}}