{"id":88813,"date":"2026-05-05T09:29:48","date_gmt":"2026-05-05T08:29:48","guid":{"rendered":"https:\/\/www.companhiaatlantica.pt\/sustentabilidade"},"modified":"2026-05-05T12:46:15","modified_gmt":"2026-05-05T11:46:15","slug":"sustentabilidade","status":"publish","type":"page","link":"https:\/\/www.companhiaatlantica.pt\/fr\/sustentabilidade","title":{"rendered":"D\u00e9veloppement durable"},"content":{"rendered":"\n\t<section class=\"section\" id=\"section_57311444\">\n\t\t<div class=\"section-bg fill\" >\n\t\t\t\t\t\t\t\t\t<div class=\"section-bg-overlay absolute fill\"><\/div>\n\t\t\t\n\n\t\t<\/div>\n\n\t\t\n\n\t\t<div class=\"section-content relative\">\n\t\t\t\n\n  <div class=\"banner has-hover\" id=\"banner-1553135322\">\n          <div class=\"banner-inner fill\">\n        <div class=\"banner-bg fill\" >\n            <img loading=\"lazy\" decoding=\"async\" width=\"1350\" height=\"400\" src=\"https:\/\/www.companhiaatlantica.pt\/wp-content\/uploads\/2026\/05\/trees.jpg\" class=\"bg attachment-original size-original\" alt=\"\" title=\"\">                                    \n                    <\/div>\n\t\t\n        <div class=\"banner-layers container\">\n            <div class=\"fill banner-link\"><\/div>            \n   <div id=\"text-box-155313419\" class=\"text-box banner-layer x50 md-x50 lg-x50 y100 md-y100 lg-y100 res-text\">\n                                <div class=\"text-box-content text \">\n              \n              <div class=\"text-inner text-left\">\n                  \n\t<div id=\"text-3522827424\" class=\"text\">\n\t\t\n<h3 class=\"ws-h1\">D\u00e9veloppement durable<\/h3>\n\t\t\n<style>\n#text-3522827424 {\n  text-align: center;\n}\n<\/style>\n\t<\/div>\n\t\n              <\/div>\n           <\/div>\n                            \n<style>\n#text-box-155313419 .text-box-content {\n  background-color: rgb(255, 255, 255);\n  font-size: 100%;\n}\n#text-box-155313419 .text-inner {\n  padding: 25px 25px 3px 25px;\n}\n#text-box-155313419 {\n  width: 80%;\n}\n@media (min-width:550px) {\n  #text-box-155313419 .text-inner {\n    padding: 25px 35px 3px 34px;\n  }\n  #text-box-155313419 {\n    width: 54%;\n  }\n}\n@media (min-width:850px) {\n  #text-box-155313419 .text-inner {\n    padding: 25px 51px 3px 50px;\n  }\n}\n<\/style>\n    <\/div>\n \n        <\/div>\n      <\/div>\n\n            \n<style>\n#banner-1553135322 {\n  padding-top: 400px;\n}\n<\/style>\n  <\/div>\n\n\n\t\t<\/div>\n\n\t\t\n<style>\n#section_57311444 {\n  padding-top: 0px;\n  padding-bottom: 0px;\n}\n#section_57311444 .section-bg-overlay {\n  background-color: rgba(0, 0, 0, 0.2);\n}\n<\/style>\n\t<\/section>\n\t\n\n\t<section class=\"section about-us\" id=\"section_577453698\">\n\t\t<div class=\"section-bg fill\" >\n\t\t\t\t\t\t\t\t\t\n\t\t\t\n\n\t\t<\/div>\n\n\t\t\n\n\t\t<div class=\"section-content relative\">\n\t\t\t\n<div class=\"row row-collapse\"  id=\"row-1216830922\">\n\n\t<div id=\"col-94663541\" class=\"col medium-3 small-12 large-3\"  >\n\t\t\t\t<div class=\"col-inner\"  >\n\t\t\t\n\t\t\t\n\t<div id=\"gap-648292700\" class=\"gap-element clearfix show-for-medium\" style=\"display:block; height:auto;\">\n\t\t\n<style>\n#gap-648292700 {\n  padding-top: 35px;\n}\n<\/style>\n\t<\/div>\n\t\n\t\t<\/div>\n\t\t\t\t\t<\/div>\n\n\t\n\n\t<div id=\"col-1081643562\" class=\"col medium-6 small-12 large-6\"  >\n\t\t\t\t<div class=\"col-inner\"  >\n\t\t\t\n\t\t\t\n<p style=\"text-align: center;\">Chez Companhia Atl\u00e2ntica, le d\u00e9veloppement durable est au c\u0153ur de nos activit\u00e9s. Plus qu\u2019une simple initiative ponctuelle, c\u2019est un engagement quotidien qui guide notre fa\u00e7on de fonctionner, de nous d\u00e9velopper et de cr\u00e9er de la valeur. \u00c0 chaque \u00e9tape de notre cha\u00eene de production, nous nous effor\u00e7ons de r\u00e9duire le gaspillage, d\u2019optimiser les ressources et de mettre en \u0153uvre des pratiques responsables qui minimisent notre impact sur l\u2019environnement.<\/p>\n\t<div id=\"gap-851148687\" class=\"gap-element clearfix\" style=\"display:block; height:auto;\">\n\t\t\n<style>\n#gap-851148687 {\n  padding-top: 30px;\n}\n@media (min-width:550px) {\n  #gap-851148687 {\n    padding-top: 50px;\n  }\n}\n<\/style>\n\t<\/div>\n\t\n\t\t<\/div>\n\t\t\t\t\n<style>\n#col-1081643562 > .col-inner {\n  padding: 0 20px 0px 20px;\n}\n<\/style>\n\t<\/div>\n\n\t\n\n\t<div id=\"col-1392429163\" class=\"col medium-3 small-12 large-3\"  >\n\t\t\t\t<div class=\"col-inner\"  >\n\t\t\t\n\t\t\t\n\t<div id=\"gap-211462669\" class=\"gap-element clearfix show-for-medium\" style=\"display:block; height:auto;\">\n\t\t\n<style>\n#gap-211462669 {\n  padding-top: 35px;\n}\n<\/style>\n\t<\/div>\n\t\n\t\t<\/div>\n\t\t\t\t\t<\/div>\n\n\t\n<\/div>\n<div class=\"row\"  id=\"row-704196070\">\n\n\t<div id=\"col-634431284\" class=\"col medium-6 small-12 large-6\"  >\n\t\t\t\t<div class=\"col-inner\"  >\n\t\t\t\n\t\t\t\n<h3 class=\"ws-h1\">Moins de gaspillage, plus de valorisation<\/h3>\n\t<div class=\"img has-hover x md-x lg-x y md-y lg-y\" id=\"image_1431936791\">\n\t\t\t\t\t\t\t\t<div class=\"img-inner dark\" >\n\t\t\t<img loading=\"lazy\" decoding=\"async\" width=\"1020\" height=\"510\" src=\"https:\/\/www.companhiaatlantica.pt\/wp-content\/uploads\/2026\/05\/embalagem_reduz-1024x512.jpg\" class=\"attachment-large size-large\" alt=\"\" srcset=\"https:\/\/www.companhiaatlantica.pt\/wp-content\/uploads\/2026\/05\/embalagem_reduz-1024x512.jpg 1024w, https:\/\/www.companhiaatlantica.pt\/wp-content\/uploads\/2026\/05\/embalagem_reduz-400x200.jpg 400w, https:\/\/www.companhiaatlantica.pt\/wp-content\/uploads\/2026\/05\/embalagem_reduz-768x384.jpg 768w, https:\/\/www.companhiaatlantica.pt\/wp-content\/uploads\/2026\/05\/embalagem_reduz-900x450.jpg 900w, https:\/\/www.companhiaatlantica.pt\/wp-content\/uploads\/2026\/05\/embalagem_reduz.jpg 1080w\" sizes=\"auto, (max-width: 1020px) 100vw, 1020px\" title=\"\">\t\t\t\t\t\t\n\t\t\t\t\t<\/div>\n\t\t\t\t\t\t\t\t\n<style>\n#image_1431936791 {\n  width: 100%;\n}\n<\/style>\n\t<\/div>\n\t\n<div class=\"is-divider divider clearfix\" style=\"margin-top:1px;margin-bottom:1px;max-width:200px;height:2px;background-color:rgb(30, 76, 122);\"><\/div>\n<p data-start=\"914\" data-end=\"1038\">Nous nous effor\u00e7ons sans cesse de r\u00e9duire le gaspillage de mat\u00e9riaux. Dans la mesure du possible, nous donnons une seconde vie aux ressources :<\/p>\n<ul>\n<li data-start=\"914\" data-end=\"1038\">Nous utilisons de plus en plus de <strong>carton et de mat\u00e9riaux recyclables<\/strong>, plut\u00f4t que du plastique PET<\/li>\n<li data-start=\"914\" data-end=\"1038\">Nous <strong>recyclons le papier bulle<\/strong> pour prot\u00e9ger les produits<\/li>\n<li data-start=\"914\" data-end=\"1038\">Nous <strong>broyons les anciens cartons<\/strong> pour les r\u00e9utiliser comme mat\u00e9riau de calage<\/li>\n<li data-start=\"914\" data-end=\"1038\">Nous misons sur des emballages adaptables, con\u00e7us pour s&#8217;adapter \u00e0 diff\u00e9rents produits et <strong>r\u00e9duire les exc\u00e8s<\/strong><\/li>\n<\/ul>\n\t\t<\/div>\n\t\t\t\t\t<\/div>\n\n\t\n\n\t<div id=\"col-2065190037\" class=\"col medium-6 small-12 large-6\"  >\n\t\t\t\t<div class=\"col-inner\"  >\n\t\t\t\n\t\t\t\n<h2 class=\"ws-h1\">Engagement en faveur de l&#8217;\u00e9nergie et de l&#8217;efficacit\u00e9<\/h2>\n\t<div class=\"img has-hover hide-for-small x md-x lg-x y md-y lg-y\" id=\"image_237922046\">\n\t\t\t\t\t\t\t\t<div class=\"img-inner dark\" >\n\t\t\t<img loading=\"lazy\" decoding=\"async\" width=\"1020\" height=\"510\" src=\"https:\/\/www.companhiaatlantica.pt\/wp-content\/uploads\/2026\/05\/edif_hor-1024x512.jpg\" class=\"attachment-large size-large\" alt=\"\" srcset=\"https:\/\/www.companhiaatlantica.pt\/wp-content\/uploads\/2026\/05\/edif_hor-1024x512.jpg 1024w, https:\/\/www.companhiaatlantica.pt\/wp-content\/uploads\/2026\/05\/edif_hor-400x200.jpg 400w, https:\/\/www.companhiaatlantica.pt\/wp-content\/uploads\/2026\/05\/edif_hor-768x384.jpg 768w, https:\/\/www.companhiaatlantica.pt\/wp-content\/uploads\/2026\/05\/edif_hor-900x450.jpg 900w, https:\/\/www.companhiaatlantica.pt\/wp-content\/uploads\/2026\/05\/edif_hor.jpg 1080w\" sizes=\"auto, (max-width: 1020px) 100vw, 1020px\" title=\"\">\t\t\t\t\t\t\n\t\t\t\t\t<\/div>\n\t\t\t\t\t\t\t\t\n<style>\n#image_237922046 {\n  width: 100%;\n}\n<\/style>\n\t<\/div>\n\t\n<div class=\"is-divider divider clearfix\" style=\"margin-top:1px;margin-bottom:1px;max-width:200px;height:2px;background-color:rgb(30, 76, 122);\"><\/div>\n<p>Dans notre entrep\u00f4t, nous utilisons des <strong>panneaux solaires<\/strong>, ce qui nous permet de r\u00e9duire notre d\u00e9pendance vis-\u00e0-vis des \u00e9nergies non renouvelables et de diminuer l&#8217;impact environnemental de nos activit\u00e9s quotidiennes. Cet engagement en faveur des \u00e9nergies propres s&#8217;inscrit dans notre volont\u00e9 d&#8217;assurer un fonctionnement plus efficace et plus responsable.<\/p>\n\t\t<\/div>\n\t\t\t\t\t<\/div>\n\n\t\n<\/div>\n<div class=\"row\"  id=\"row-238886368\">\n\n\t<div id=\"col-1845037661\" class=\"col small-12 large-12\"  >\n\t\t\t\t<div class=\"col-inner\"  >\n\t\t\t\n\t\t\t\n\t<div id=\"gap-1067125297\" class=\"gap-element clearfix\" style=\"display:block; height:auto;\">\n\t\t\n<style>\n#gap-1067125297 {\n  padding-top: 50px;\n}\n<\/style>\n\t<\/div>\n\t\n<h2 class=\"ws-h1\">Pr\u00e9f\u00e9rence pour les fournisseurs locaux<\/h2>\n<div class=\"is-divider divider clearfix\" style=\"margin-top:1px;margin-bottom:1px;max-width:200px;height:2px;background-color:rgb(30, 76, 122);\"><\/div>\n<p data-start=\"914\" data-end=\"1038\">Dans la mesure du possible, nous travaillons avec des <strong>fournisseurs locaux<\/strong>, ce qui r\u00e9duit les distances de transport, diminue les \u00e9missions li\u00e9es \u00e0 la logistique et contribue au d\u00e9veloppement de l&#8217;\u00e9conomie locale.<\/p>\n\t<div class=\"img has-hover x md-x lg-x y md-y lg-y\" id=\"image_745720957\">\n\t\t\t\t\t\t\t\t<div class=\"img-inner dark\" >\n\t\t\t<img loading=\"lazy\" decoding=\"async\" width=\"1020\" height=\"510\" src=\"https:\/\/www.companhiaatlantica.pt\/wp-content\/uploads\/2026\/05\/carrinha_hor-1024x512.jpg\" class=\"attachment-large size-large\" alt=\"\" srcset=\"https:\/\/www.companhiaatlantica.pt\/wp-content\/uploads\/2026\/05\/carrinha_hor-1024x512.jpg 1024w, https:\/\/www.companhiaatlantica.pt\/wp-content\/uploads\/2026\/05\/carrinha_hor-400x200.jpg 400w, https:\/\/www.companhiaatlantica.pt\/wp-content\/uploads\/2026\/05\/carrinha_hor-768x384.jpg 768w, https:\/\/www.companhiaatlantica.pt\/wp-content\/uploads\/2026\/05\/carrinha_hor-900x450.jpg 900w, https:\/\/www.companhiaatlantica.pt\/wp-content\/uploads\/2026\/05\/carrinha_hor.jpg 1080w\" sizes=\"auto, (max-width: 1020px) 100vw, 1020px\" title=\"\">\t\t\t\t\t\t\n\t\t\t\t\t<\/div>\n\t\t\t\t\t\t\t\t\n<style>\n#image_745720957 {\n  width: 100%;\n}\n<\/style>\n\t<\/div>\n\t\n\t<div id=\"gap-726494874\" class=\"gap-element clearfix\" style=\"display:block; height:auto;\">\n\t\t\n<style>\n#gap-726494874 {\n  padding-top: 50px;\n}\n<\/style>\n\t<\/div>\n\t\n<h2 class=\"ws-h1\">Notre processus durable<\/h2>\n<div class=\"is-divider divider clearfix\" style=\"margin-top:1em;margin-bottom:1em;max-width:200px;height:2px;background-color:rgb(30, 76, 122);\"><\/div>\n\t<div class=\"box has-hover   has-hover box-none box-text-bottom\" >\n\n\t\t<div class=\"box-image\" style=\"width:84%;\">\n\t\t\t\t\t\t<div class=\"\" >\n\t\t\t\t<img loading=\"lazy\" decoding=\"async\" width=\"2560\" height=\"634\" src=\"https:\/\/www.companhiaatlantica.pt\/wp-content\/uploads\/2021\/09\/quem_somos_vetor_1-01-1-scaled.jpg\" class=\"attachment-original size-original\" alt=\"\" srcset=\"https:\/\/www.companhiaatlantica.pt\/wp-content\/uploads\/2021\/09\/quem_somos_vetor_1-01-1-scaled.jpg 2560w, https:\/\/www.companhiaatlantica.pt\/wp-content\/uploads\/2021\/09\/quem_somos_vetor_1-01-1-scaled-900x223.jpg 900w, https:\/\/www.companhiaatlantica.pt\/wp-content\/uploads\/2021\/09\/quem_somos_vetor_1-01-1-300x74.jpg 300w, https:\/\/www.companhiaatlantica.pt\/wp-content\/uploads\/2021\/09\/quem_somos_vetor_1-01-1-1024x254.jpg 1024w, https:\/\/www.companhiaatlantica.pt\/wp-content\/uploads\/2021\/09\/quem_somos_vetor_1-01-1-768x190.jpg 768w, https:\/\/www.companhiaatlantica.pt\/wp-content\/uploads\/2021\/09\/quem_somos_vetor_1-01-1-1536x381.jpg 1536w, https:\/\/www.companhiaatlantica.pt\/wp-content\/uploads\/2021\/09\/quem_somos_vetor_1-01-1-2048x507.jpg 2048w, https:\/\/www.companhiaatlantica.pt\/wp-content\/uploads\/2021\/09\/quem_somos_vetor_1-01-1-600x149.jpg 600w\" sizes=\"auto, (max-width: 2560px) 100vw, 2560px\" title=\"\">\t\t\t\t\t\t\t\t\t\t\t<\/div>\n\t\t\t\t\t<\/div>\n\n\t\t<div class=\"box-text text-center\" >\n\t\t\t<div class=\"box-text-inner\">\n\t\t\t\t\n<h4>A title<\/h4>\n<p>Image Box text<\/p>\n\t\t\t<\/div>\n\t\t<\/div>\n\t<\/div>\n\t\n\t<div id=\"gap-701177780\" class=\"gap-element clearfix\" style=\"display:block; height:auto;\">\n\t\t\n<style>\n#gap-701177780 {\n  padding-top: 50px;\n}\n<\/style>\n\t<\/div>\n\t\n<h3 class=\"ws-h1\">Responsabilit\u00e9 sociale et environnementale<\/h3>\n<div class=\"is-divider divider clearfix\" style=\"margin-top:1em;margin-bottom:1em;max-width:200px;height:2px;background-color:rgb(30, 76, 122);\"><\/div>\n<p>Nous sommes une \u00e9quipe cr\u00e9ative engag\u00e9e en faveur des questions environnementales et humaines, pr\u00e9sente \u00e0 toutes les \u00e9tapes, de la conception \u00e0 la production, en passant par le conditionnement des produits.<\/p>\n<p>Pour cela, nous d\u00e9veloppons des solutions \u00e9cologiquement durables, en privil\u00e9giant des designs simples et des emballages respectueux de l&#8217;environnement ; nous collaborons \u00e9galement avec des institutions qui promeuvent activement l&#8217;inclusion sociale.<\/p>\n\t<div class=\"box has-hover  hide-for-small has-hover box-none box-text-bottom\" >\n\n\t\t<div class=\"box-image\" style=\"width:84%;\">\n\t\t\t\t\t\t<div class=\"\" >\n\t\t\t\t<img loading=\"lazy\" decoding=\"async\" width=\"2560\" height=\"634\" src=\"https:\/\/www.companhiaatlantica.pt\/wp-content\/uploads\/2021\/09\/quem_somos_vetor_2-01-scaled.jpg\" class=\"attachment-original size-original\" alt=\"\" srcset=\"https:\/\/www.companhiaatlantica.pt\/wp-content\/uploads\/2021\/09\/quem_somos_vetor_2-01-scaled.jpg 2560w, https:\/\/www.companhiaatlantica.pt\/wp-content\/uploads\/2021\/09\/quem_somos_vetor_2-01-scaled-900x223.jpg 900w, https:\/\/www.companhiaatlantica.pt\/wp-content\/uploads\/2021\/09\/quem_somos_vetor_2-01-300x74.jpg 300w, https:\/\/www.companhiaatlantica.pt\/wp-content\/uploads\/2021\/09\/quem_somos_vetor_2-01-1024x254.jpg 1024w, https:\/\/www.companhiaatlantica.pt\/wp-content\/uploads\/2021\/09\/quem_somos_vetor_2-01-768x190.jpg 768w, https:\/\/www.companhiaatlantica.pt\/wp-content\/uploads\/2021\/09\/quem_somos_vetor_2-01-1536x381.jpg 1536w, https:\/\/www.companhiaatlantica.pt\/wp-content\/uploads\/2021\/09\/quem_somos_vetor_2-01-2048x507.jpg 2048w, https:\/\/www.companhiaatlantica.pt\/wp-content\/uploads\/2021\/09\/quem_somos_vetor_2-01-600x149.jpg 600w\" sizes=\"auto, (max-width: 2560px) 100vw, 2560px\" title=\"\">\t\t\t\t\t\t\t\t\t\t\t<\/div>\n\t\t\t\t\t<\/div>\n\n\t\t<div class=\"box-text text-center\" >\n\t\t\t<div class=\"box-text-inner\">\n\t\t\t\t\n<h4>A title<\/h4>\n<p>Image Box text<\/p>\n\t\t\t<\/div>\n\t\t<\/div>\n\t<\/div>\n\t\n\t<div id=\"gap-545612866\" class=\"gap-element clearfix\" style=\"display:block; height:auto;\">\n\t\t\n<style>\n#gap-545612866 {\n  padding-top: 50px;\n}\n<\/style>\n\t<\/div>\n\t\n\t\t<\/div>\n\t\t\t\t\t<\/div>\n\n\t\n<\/div>\n\t\t<\/div>\n\n\t\t\n<style>\n#section_577453698 {\n  padding-top: 10px;\n  padding-bottom: 10px;\n}\n<\/style>\n\t<\/section>\n\t\n\t<div class=\"box has-hover  show-for-small has-hover box-none box-text-bottom\" >\n\n\t\t<div class=\"box-image\" >\n\t\t\t\t\t\t<div class=\"\" >\n\t\t\t\t<img loading=\"lazy\" decoding=\"async\" width=\"2560\" height=\"634\" src=\"https:\/\/www.companhiaatlantica.pt\/wp-content\/uploads\/2021\/09\/quem_somos_vetor_2-01-scaled.jpg\" class=\"attachment-original size-original\" alt=\"\" srcset=\"https:\/\/www.companhiaatlantica.pt\/wp-content\/uploads\/2021\/09\/quem_somos_vetor_2-01-scaled.jpg 2560w, https:\/\/www.companhiaatlantica.pt\/wp-content\/uploads\/2021\/09\/quem_somos_vetor_2-01-scaled-900x223.jpg 900w, https:\/\/www.companhiaatlantica.pt\/wp-content\/uploads\/2021\/09\/quem_somos_vetor_2-01-300x74.jpg 300w, https:\/\/www.companhiaatlantica.pt\/wp-content\/uploads\/2021\/09\/quem_somos_vetor_2-01-1024x254.jpg 1024w, https:\/\/www.companhiaatlantica.pt\/wp-content\/uploads\/2021\/09\/quem_somos_vetor_2-01-768x190.jpg 768w, https:\/\/www.companhiaatlantica.pt\/wp-content\/uploads\/2021\/09\/quem_somos_vetor_2-01-1536x381.jpg 1536w, https:\/\/www.companhiaatlantica.pt\/wp-content\/uploads\/2021\/09\/quem_somos_vetor_2-01-2048x507.jpg 2048w, https:\/\/www.companhiaatlantica.pt\/wp-content\/uploads\/2021\/09\/quem_somos_vetor_2-01-600x149.jpg 600w\" sizes=\"auto, (max-width: 2560px) 100vw, 2560px\" title=\"\">\t\t\t\t\t\t\t\t\t\t\t<\/div>\n\t\t\t\t\t<\/div>\n\n\t\t<div class=\"box-text text-center\" >\n\t\t\t<div class=\"box-text-inner\">\n\t\t\t\t\n<h4>A title<\/h4>\n<p>Image Box text<\/p>\n\t\t\t<\/div>\n\t\t<\/div>\n\t<\/div>\n\t\n","protected":false},"excerpt":{"rendered":"","protected":false},"author":636,"featured_media":0,"parent":0,"menu_order":0,"comment_status":"closed","ping_status":"closed","template":"","meta":{"footnotes":""},"class_list":["post-88813","page","type-page","status-publish","hentry"],"_links":{"self":[{"href":"https:\/\/www.companhiaatlantica.pt\/fr\/wp-json\/wp\/v2\/pages\/88813","targetHints":{"allow":["GET"]}}],"collection":[{"href":"https:\/\/www.companhiaatlantica.pt\/fr\/wp-json\/wp\/v2\/pages"}],"about":[{"href":"https:\/\/www.companhiaatlantica.pt\/fr\/wp-json\/wp\/v2\/types\/page"}],"author":[{"embeddable":true,"href":"https:\/\/www.companhiaatlantica.pt\/fr\/wp-json\/wp\/v2\/users\/636"}],"replies":[{"embeddable":true,"href":"https:\/\/www.companhiaatlantica.pt\/fr\/wp-json\/wp\/v2\/comments?post=88813"}],"version-history":[{"count":4,"href":"https:\/\/www.companhiaatlantica.pt\/fr\/wp-json\/wp\/v2\/pages\/88813\/revisions"}],"predecessor-version":[{"id":88826,"href":"https:\/\/www.companhiaatlantica.pt\/fr\/wp-json\/wp\/v2\/pages\/88813\/revisions\/88826"}],"wp:attachment":[{"href":"https:\/\/www.companhiaatlantica.pt\/fr\/wp-json\/wp\/v2\/media?parent=88813"}],"curies":[{"name":"wp","href":"https:\/\/api.w.org\/{rel}","templated":true}]}}