{"id":89036,"date":"2026-05-06T13:55:27","date_gmt":"2026-05-06T12:55:27","guid":{"rendered":"https:\/\/www.companhiaatlantica.pt\/suporte-tecnico"},"modified":"2026-05-07T12:54:45","modified_gmt":"2026-05-07T11:54:45","slug":"support-technique","status":"publish","type":"page","link":"https:\/\/www.companhiaatlantica.pt\/fr\/support-technique","title":{"rendered":"Support technique"},"content":{"rendered":"\n\t<section class=\"section\" id=\"section_1561068901\">\n\t\t<div class=\"section-bg fill\" >\n\t\t\t<img loading=\"lazy\" decoding=\"async\" width=\"1000\" height=\"562\" src=\"https:\/\/www.companhiaatlantica.pt\/wp-content\/uploads\/2026\/05\/banner-1.jpg\" class=\"bg attachment- size-\" alt=\"\" title=\"\">\t\t\t\t\t\t<div class=\"section-bg-overlay absolute fill\"><\/div>\n\t\t\t\n\n\t\t<\/div>\n\n\t\t\n\n\t\t<div class=\"section-content relative\">\n\t\t\t\n<div class=\"row row-collapse align-center\" style=\"max-width:\" id=\"row-2019488495\">\n\n\t<div id=\"col-896884568\" class=\"col small-12 large-12\"  >\n\t\t\t\t<div class=\"col-inner text-center dark\"  >\n\t\t\t\n\t\t\t\n\t<div id=\"gap-1959360251\" class=\"gap-element clearfix\" style=\"display:block; height:auto;\">\n\t\t\n<style>\n#gap-1959360251 {\n  padding-top: 50px;\n}\n@media (min-width:550px) {\n  #gap-1959360251 {\n    padding-top: 50px;\n  }\n}\n@media (min-width:850px) {\n  #gap-1959360251 {\n    padding-top: 30px;\n  }\n}\n<\/style>\n\t<\/div>\n\t\n<h1><span style=\"font-size: 250%;\">Support Technique<\/span><\/h1>\n\t\t<\/div>\n\t\t\t\t\n<style>\n#col-896884568 > .col-inner {\n  padding: 100px 20px 200px 0px;\n}\n@media (min-width:550px) {\n  #col-896884568 > .col-inner {\n    padding: 100px 0px 200px 0px;\n  }\n}\n<\/style>\n\t<\/div>\n\n\t\n<\/div>\n\t\t<\/div>\n\n\t\t\n<style>\n#section_1561068901 {\n  padding-top: 0px;\n  padding-bottom: 0px;\n  min-height: 0px;\n}\n#section_1561068901 .section-bg-overlay {\n  background-color: rgba(0, 0, 0, 0.424);\n}\n#section_1561068901 .section-bg img {\n  object-position: 100% 92%;\n}\n@media (min-width:550px) {\n  #section_1561068901 {\n    padding-top: 0px;\n    padding-bottom: 0px;\n  }\n  #section_1561068901 .section-bg-overlay {\n    background-color: rgba(0, 0, 0, 0.343);\n  }\n}\n@media (min-width:850px) {\n  #section_1561068901 {\n    padding-top: 100px;\n    padding-bottom: 100px;\n  }\n  #section_1561068901 .section-bg-overlay {\n    background-color: rgba(0, 0, 0, 0.494);\n  }\n}\n<\/style>\n\t<\/section>\n\t\n<div class=\"row row-large\" style=\"max-width:1400px\" id=\"row-1138455679\">\n\n\t<div id=\"col-1852920975\" class=\"col small-12 large-12\"  >\n\t\t\t\t<div class=\"col-inner\" style=\"background-color:rgb(255, 255, 255);\" >\n\t\t\t\n\t\t\t\n<div class=\"row row-collapse row-full-width\"  id=\"row-1463662368\">\n\n\t<div id=\"col-1795971586\" class=\"col medium-12 small-12 large-7\"  >\n\t\t\t\t<div class=\"col-inner\"  >\n\t\t\t\n\t\t\t\n<h2><span style=\"font-size: 120%;\">CONTACTEZ-NOUS<\/span><\/h2>\n\t<div id=\"gap-22762058\" class=\"gap-element clearfix\" style=\"display:block; height:auto;\">\n\t\t\n<style>\n#gap-22762058 {\n  padding-top: 20px;\n}\n@media (min-width:550px) {\n  #gap-22762058 {\n    padding-top: 20px;\n  }\n}\n@media (min-width:850px) {\n  #gap-22762058 {\n    padding-top: 30px;\n  }\n}\n<\/style>\n\t<\/div>\n\t\n<div class=\"row\"  id=\"row-1282296457\">\n\n\t<div id=\"col-1656511857\" class=\"col medium-6 small-12 large-6\"  >\n\t\t\t\t<div class=\"col-inner\"  >\n\t\t\t\n\t\t\t\n\t<div class=\"img has-hover x md-x lg-x y md-y lg-y\" id=\"image_666617017\">\n\t\t\t\t\t\t\t\t<div class=\"img-inner dark\" >\n\t\t\t<img loading=\"lazy\" decoding=\"async\" width=\"240\" height=\"240\" src=\"https:\/\/www.companhiaatlantica.pt\/wp-content\/uploads\/2026\/05\/mail-open-fill.png\" class=\"attachment-large size-large\" alt=\"\" srcset=\"https:\/\/www.companhiaatlantica.pt\/wp-content\/uploads\/2026\/05\/mail-open-fill.png 240w, https:\/\/www.companhiaatlantica.pt\/wp-content\/uploads\/2026\/05\/mail-open-fill-100x100.png 100w\" sizes=\"auto, (max-width: 240px) 100vw, 240px\" title=\"\">\t\t\t\t\t\t\n\t\t\t\t\t<\/div>\n\t\t\t\t\t\t\t\t\n<style>\n#image_666617017 {\n  width: 15%;\n}\n@media (min-width:550px) {\n  #image_666617017 {\n    width: 20%;\n  }\n}\n<\/style>\n\t<\/div>\n\t\n<h3 class=\"uppercase\"><span style=\"font-size: 100%;\">E-mail<\/span><\/h3>\n<p>info@companhiaatlantica.pt<\/p>\n<h3 class=\"uppercase\"><span style=\"font-size: 100%;\">Service<\/span><\/h3>\n<p><a href=\"tel:+351244049402\">Jours ouvrables 9:00-18:00 (UTC+00:00)<\/a><\/p>\n\t\t<\/div>\n\t\t\t\t\t<\/div>\n\n\t\n\n\t<div id=\"col-1682596459\" class=\"col medium-6 small-12 large-6\"  >\n\t\t\t\t<div class=\"col-inner\"  >\n\t\t\t\n\t\t\t\n\t<div class=\"img has-hover x md-x lg-x y md-y lg-y\" id=\"image_1614451447\">\n\t\t\t\t\t\t\t\t<div class=\"img-inner dark\" >\n\t\t\t<img loading=\"lazy\" decoding=\"async\" width=\"240\" height=\"240\" src=\"https:\/\/www.companhiaatlantica.pt\/wp-content\/uploads\/2026\/05\/phone-fill.png\" class=\"attachment-large size-large\" alt=\"\" srcset=\"https:\/\/www.companhiaatlantica.pt\/wp-content\/uploads\/2026\/05\/phone-fill.png 240w, https:\/\/www.companhiaatlantica.pt\/wp-content\/uploads\/2026\/05\/phone-fill-100x100.png 100w\" sizes=\"auto, (max-width: 240px) 100vw, 240px\" title=\"\">\t\t\t\t\t\t\n\t\t\t\t\t<\/div>\n\t\t\t\t\t\t\t\t\n<style>\n#image_1614451447 {\n  width: 15%;\n}\n@media (min-width:550px) {\n  #image_1614451447 {\n    width: 20%;\n  }\n}\n<\/style>\n\t<\/div>\n\t\n<h3 class=\"uppercase\"><span style=\"font-size: 100%;\">T\u00e9l\u00e9phone<\/span><\/h3>\n<p>(351) 244 049 402* *(Appel vers le r\u00e9seau fixe national)<\/p>\n<p>(351) 914 681 826* (whatsapp)<br \/>*(Appel vers le r\u00e9seau mobile national)<\/p>\n\t\t<\/div>\n\t\t\t\t\t<\/div>\n\n\t\n<\/div>\n<div class=\"row\"  id=\"row-639047312\">\n\n\t<div id=\"col-534031354\" class=\"col medium-6 small-12 large-6\"  >\n\t\t\t\t<div class=\"col-inner\"  >\n\t\t\t\n\t\t\t\n\t<div class=\"img has-hover x md-x lg-x y md-y lg-y\" id=\"image_740436950\">\n\t\t\t\t\t\t\t\t<div class=\"img-inner dark\" >\n\t\t\t<img loading=\"lazy\" decoding=\"async\" width=\"240\" height=\"240\" src=\"https:\/\/www.companhiaatlantica.pt\/wp-content\/uploads\/2026\/05\/map-pin-2-fill-2.png\" class=\"attachment-large size-large\" alt=\"\" srcset=\"https:\/\/www.companhiaatlantica.pt\/wp-content\/uploads\/2026\/05\/map-pin-2-fill-2.png 240w, https:\/\/www.companhiaatlantica.pt\/wp-content\/uploads\/2026\/05\/map-pin-2-fill-2-100x100.png 100w\" sizes=\"auto, (max-width: 240px) 100vw, 240px\" title=\"\">\t\t\t\t\t\t\n\t\t\t\t\t<\/div>\n\t\t\t\t\t\t\t\t\n<style>\n#image_740436950 {\n  width: 15%;\n}\n@media (min-width:550px) {\n  #image_740436950 {\n    width: 20%;\n  }\n}\n<\/style>\n\t<\/div>\n\t\n<h3 class=\"uppercase\"><span style=\"font-size: 100%;\">Adresse du bureau<\/span><\/h3>\n<p>Takenet Unipessoal Ld.\u00aa<br \/>Rua Comandante Jo\u00e3o Belo<br \/>n.\u00ba 45, 3.\u00ba Esquerdo<br \/>2400-159, Leiria<\/p>\n\t\t<\/div>\n\t\t\t\t\t<\/div>\n\n\t\n\n\t<div id=\"col-1636387030\" class=\"col medium-6 small-12 large-6\"  >\n\t\t\t\t<div class=\"col-inner\"  >\n\t\t\t\n\t\t\t\n\t<div class=\"img has-hover x md-x lg-x y md-y lg-y\" id=\"image_1191228362\">\n\t\t\t\t\t\t\t\t<div class=\"img-inner dark\" >\n\t\t\t<img loading=\"lazy\" decoding=\"async\" width=\"240\" height=\"240\" src=\"https:\/\/www.companhiaatlantica.pt\/wp-content\/uploads\/2026\/05\/map-pin-2-fill-2.png\" class=\"attachment-large size-large\" alt=\"\" srcset=\"https:\/\/www.companhiaatlantica.pt\/wp-content\/uploads\/2026\/05\/map-pin-2-fill-2.png 240w, https:\/\/www.companhiaatlantica.pt\/wp-content\/uploads\/2026\/05\/map-pin-2-fill-2-100x100.png 100w\" sizes=\"auto, (max-width: 240px) 100vw, 240px\" title=\"\">\t\t\t\t\t\t\n\t\t\t\t\t<\/div>\n\t\t\t\t\t\t\t\t\n<style>\n#image_1191228362 {\n  width: 15%;\n}\n@media (min-width:550px) {\n  #image_1191228362 {\n    width: 20%;\n  }\n}\n<\/style>\n\t<\/div>\n\t\n<h3 class=\"uppercase\"><span style=\"font-size: 100%;\">Adresse de l\u2019entrep\u00f4t<\/span><\/h3>\n<p>Takenet Unipessoal Ld.\u00aa<br \/>Rua da Machinha 860<br \/>2445-592 Moita MGR<br \/>Marinha Grande<\/p>\n\t\t<\/div>\n\t\t\t\t\t<\/div>\n\n\t\n<\/div>\n\t\t<\/div>\n\t\t\t\t\n<style>\n#col-1795971586 > .col-inner {\n  padding: 0px 0px 0px 20px;\n}\n<\/style>\n\t<\/div>\n\n\t\n\n\t<div id=\"col-1003171696\" class=\"col medium-12 small-12 large-5\"  >\n\t\t\t\t<div class=\"col-inner\"  >\n\t\t\t\n\t\t\t\n<h2><span style=\"font-size: 120%;\">ENVOYEZ-NOUS UN E-MAIL<\/span><\/h2>\n\t<div id=\"gap-1357869211\" class=\"gap-element clearfix\" style=\"display:block; height:auto;\">\n\t\t\n<style>\n#gap-1357869211 {\n  padding-top: 50px;\n}\n<\/style>\n\t<\/div>\n\t\n\n<div class=\"wpcf7 no-js\" id=\"wpcf7-f46151-o1\" lang=\"pt-PT\" dir=\"ltr\" data-wpcf7-id=\"46151\">\n<div class=\"screen-reader-response\"><p role=\"status\" aria-live=\"polite\" aria-atomic=\"true\"><\/p> <ul><\/ul><\/div>\n<form action=\"\/fr\/wp-json\/wp\/v2\/pages\/89036#wpcf7-f46151-o1\" method=\"post\" class=\"wpcf7-form init\" aria-label=\"Formul\u00e1rio de contacto\" novalidate=\"novalidate\" data-status=\"init\">\n<fieldset class=\"hidden-fields-container\"><input type=\"hidden\" name=\"_wpcf7\" value=\"46151\" \/><input type=\"hidden\" name=\"_wpcf7_version\" value=\"6.1.5\" \/><input type=\"hidden\" name=\"_wpcf7_locale\" value=\"pt_PT\" \/><input type=\"hidden\" name=\"_wpcf7_unit_tag\" value=\"wpcf7-f46151-o1\" \/><input type=\"hidden\" name=\"_wpcf7_container_post\" value=\"0\" \/><input type=\"hidden\" name=\"_wpcf7_posted_data_hash\" value=\"\" \/>\n<\/fieldset>\n<div>\n\t<p><span class=\"wpcf7-form-control-wrap\" data-name=\"your-name\"><input size=\"40\" maxlength=\"400\" class=\"wpcf7-form-control wpcf7-text wpcf7-validates-as-required\" aria-required=\"true\" aria-invalid=\"false\" placeholder=\"Nom*\" value=\"\" type=\"text\" name=\"your-name\" \/><\/span>\n\t<\/p>\n<\/div>\n<div class=\"two_columns_50_50 clearfix\">\n\t<div class=\"column1\">\n\t\t<div class=\"column_inner\">\n\t\t\t<p><span class=\"wpcf7-form-control-wrap\" data-name=\"your-phone\"><input size=\"40\" maxlength=\"400\" class=\"wpcf7-form-control wpcf7-tel wpcf7-validates-as-required wpcf7-text wpcf7-validates-as-tel\" aria-required=\"true\" aria-invalid=\"false\" placeholder=\"T\u00e9l\u00e9phone\" value=\"\" type=\"tel\" name=\"your-phone\" \/><\/span>\n\t\t\t<\/p>\n\t\t<\/div>\n\t<\/div>\n\t<div class=\"column2\">\n\t\t<div class=\"column_inner\">\n\t\t\t<p><span class=\"wpcf7-form-control-wrap\" data-name=\"your-email\"><input size=\"40\" maxlength=\"400\" class=\"wpcf7-form-control wpcf7-email wpcf7-validates-as-required wpcf7-text wpcf7-validates-as-email\" aria-required=\"true\" aria-invalid=\"false\" placeholder=\"Email*\" value=\"\" type=\"email\" name=\"your-email\" \/><\/span>\n\t\t\t<\/p>\n\t\t<\/div>\n\t<\/div>\n<\/div>\n<div>\n\t<p><span class=\"wpcf7-form-control-wrap\" data-name=\"your-message\"><textarea cols=\"40\" rows=\"3\" maxlength=\"2000\" class=\"wpcf7-form-control wpcf7-textarea\" aria-invalid=\"false\" placeholder=\"Message...\" name=\"your-message\"><\/textarea><\/span>\n\t<\/p>\n<\/div>\n<div style=\"margin-bottom:10px;\">\n\t<p style=\"font-size:12;line-height:20px;\"><br \/>\nLes donn\u00e9es personnelles fournies ne sont utilis\u00e9es que pour r\u00e9pondre aux questions pos\u00e9es.<br \/>\nVoir notre <a style=\"font-size:12;line-height:16px;\" href=\"https:\/\/www.companhiaatlantica.pt\/fr\/politique-de-confidentialite\" target=\"_blank\">Politique de Confidentialit\u00e9<\/a>.\n\t<\/p>\n<\/div>\n<div class=\"ws_button\">\n\t<p><input class=\"wpcf7-form-control wpcf7-submit has-spinner\" type=\"submit\" value=\"CONTACTEZ\" \/>\n\t<\/p>\n<\/div><div class=\"wpcf7-response-output\" aria-hidden=\"true\"><\/div>\n<\/form>\n<\/div>\n\n\t<div id=\"gap-1985486807\" class=\"gap-element clearfix\" style=\"display:block; height:auto;\">\n\t\t\n<style>\n#gap-1985486807 {\n  padding-top: 20px;\n}\n@media (min-width:550px) {\n  #gap-1985486807 {\n    padding-top: 20px;\n  }\n}\n@media (min-width:850px) {\n  #gap-1985486807 {\n    padding-top: 30px;\n  }\n}\n<\/style>\n\t<\/div>\n\t\n\t\t<\/div>\n\t\t\t\t\t<\/div>\n\n\t\n\n<style>\n#row-1463662368 > .col > .col-inner {\n  padding: 0px 15px 0px 15px;\n}\n<\/style>\n<\/div>\n\t\t<\/div>\n\t\t\t\t\n<style>\n#col-1852920975 > .col-inner {\n  padding: 50px 20px 0px 20px;\n  margin: -0 0px 0px 0px;\n}\n@media (min-width:550px) {\n  #col-1852920975 > .col-inner {\n    padding: 50px 20px 30px 20px;\n    margin: 0 0px 0px 0px;\n  }\n}\n@media (min-width:850px) {\n  #col-1852920975 > .col-inner {\n    padding: 66px 5% 16px 5%;\n    margin: -135px 0px 0px 0px;\n  }\n}\n<\/style>\n\t<\/div>\n\n\t\n<\/div>\n\t\t<div class=\"google-map\">\n\t\t\t\t\n<p><iframe src=\"https:\/\/www.google.com\/maps\/embed?pb=!1m14!1m8!1m3!1d6135.6938704181575!2d-8.810264!3d39.743089!3m2!1i1024!2i768!4f13.1!3m3!1m2!1s0xd22730d825da5c3%3A0xc8b57f90274f6a06!2sTakenet%20Unipessoal%20lda%20%7C%20TAKEMUSEUM!5e0!3m2!1spt-PT!2sus!4v1700671989962!5m2!1spt-PT!2sus\" width=\"100%\" height=\"450\" style=\"border:0;\" allowfullscreen=\"\" loading=\"lazy\" referrerpolicy=\"no-referrer-when-downgrade\"><\/iframe><br \/>\n\t\t<\/div>\n\t\n","protected":false},"excerpt":{"rendered":"","protected":false},"author":636,"featured_media":0,"parent":0,"menu_order":0,"comment_status":"closed","ping_status":"closed","template":"","meta":{"footnotes":""},"class_list":["post-89036","page","type-page","status-publish","hentry"],"_links":{"self":[{"href":"https:\/\/www.companhiaatlantica.pt\/fr\/wp-json\/wp\/v2\/pages\/89036","targetHints":{"allow":["GET"]}}],"collection":[{"href":"https:\/\/www.companhiaatlantica.pt\/fr\/wp-json\/wp\/v2\/pages"}],"about":[{"href":"https:\/\/www.companhiaatlantica.pt\/fr\/wp-json\/wp\/v2\/types\/page"}],"author":[{"embeddable":true,"href":"https:\/\/www.companhiaatlantica.pt\/fr\/wp-json\/wp\/v2\/users\/636"}],"replies":[{"embeddable":true,"href":"https:\/\/www.companhiaatlantica.pt\/fr\/wp-json\/wp\/v2\/comments?post=89036"}],"version-history":[{"count":3,"href":"https:\/\/www.companhiaatlantica.pt\/fr\/wp-json\/wp\/v2\/pages\/89036\/revisions"}],"predecessor-version":[{"id":89048,"href":"https:\/\/www.companhiaatlantica.pt\/fr\/wp-json\/wp\/v2\/pages\/89036\/revisions\/89048"}],"wp:attachment":[{"href":"https:\/\/www.companhiaatlantica.pt\/fr\/wp-json\/wp\/v2\/media?parent=89036"}],"curies":[{"name":"wp","href":"https:\/\/api.w.org\/{rel}","templated":true}]}}